{"id":6363,"date":"2025-10-20T09:43:19","date_gmt":"2025-10-20T07:43:19","guid":{"rendered":"https:\/\/mobitron.com\/?post_type=product&#038;p=6363"},"modified":"2025-10-20T09:54:14","modified_gmt":"2025-10-20T07:54:14","slug":"konsol-med-fastspanningsanordning-for-kapsling","status":"publish","type":"product","link":"https:\/\/mobitron.com\/sv\/product\/console-with-clamping-fixture-for-enclosure\/","title":{"rendered":"Konsol med fastsp\u00e4nningsanordning, f\u00f6r kapsling"},"content":{"rendered":"<p>Denna robusta monteringskonsol i st\u00e5l \u00e4r designad f\u00f6r s\u00e4ker fasts\u00e4ttning av metallh\u00f6ljet direkt p\u00e5 en balk eller liknande strukturell yta p\u00e5 lasten. Dess h\u00e5llbara konstruktion s\u00e4kerst\u00e4ller stabilitet under transport, vilket g\u00f6r den idealisk f\u00f6r applikationer f\u00f6r st\u00f6t- och chock\u00f6vervakning.<\/p>\n<p>Inneslutningen monteras direkt p\u00e5 konsolen, som enkelt f\u00e4sts vid lasten. Korrekt installation \u00e4r avg\u00f6rande f\u00f6r att f\u00e5nga in exakta och meningsfulla data, eftersom det minimerar felaktiga m\u00e4tv\u00e4rden orsakade av l\u00f6s eller flexibel montering.<\/p>\n<p>L\u00e4mplig f\u00f6r anv\u00e4ndning i kr\u00e4vande logistikmilj\u00f6er d\u00e4r p\u00e5litlig datainsamling \u00e4r kritisk.<\/p>","protected":false},"excerpt":{"rendered":"<p>Monteringskonsolen \u00e4r utformad f\u00f6r att ge en s\u00e4ker och stabil installation av metallsk\u00e5pet direkt p\u00e5 lasten. Den \u00e4r avsedd f\u00f6r fasts\u00e4ttning p\u00e5 balkar eller liknande strukturella ytor, vilket s\u00e4kerst\u00e4ller tillf\u00f6rlitlig positionering under transport.<\/p>","protected":false},"featured_media":4162,"template":"","meta":{"_acf_changed":false,"content-type":"","inline_featured_image":false},"product_brand":[],"product_cat":[38,169,170,168],"product_tag":[],"class_list":{"0":"post-6363","1":"product","2":"type-product","3":"status-publish","4":"has-post-thumbnail","6":"product_cat-attachments","7":"product_cat-tillbehor-till-condition-monitoring","8":"product_cat-tillbehor-till-data-logger-temperature","9":"product_cat-tillbehor-till-shocksensor","11":"first","12":"instock","13":"shipping-taxable","14":"purchasable","15":"product-type-simple"},"acf":[],"_links":{"self":[{"href":"https:\/\/mobitron.com\/sv\/wp-json\/wp\/v2\/product\/6363","targetHints":{"allow":["GET"]}}],"collection":[{"href":"https:\/\/mobitron.com\/sv\/wp-json\/wp\/v2\/product"}],"about":[{"href":"https:\/\/mobitron.com\/sv\/wp-json\/wp\/v2\/types\/product"}],"wp:featuredmedia":[{"embeddable":true,"href":"https:\/\/mobitron.com\/sv\/wp-json\/wp\/v2\/media\/4162"}],"wp:attachment":[{"href":"https:\/\/mobitron.com\/sv\/wp-json\/wp\/v2\/media?parent=6363"}],"wp:term":[{"taxonomy":"product_brand","embeddable":true,"href":"https:\/\/mobitron.com\/sv\/wp-json\/wp\/v2\/product_brand?post=6363"},{"taxonomy":"product_cat","embeddable":true,"href":"https:\/\/mobitron.com\/sv\/wp-json\/wp\/v2\/product_cat?post=6363"},{"taxonomy":"product_tag","embeddable":true,"href":"https:\/\/mobitron.com\/sv\/wp-json\/wp\/v2\/product_tag?post=6363"}],"curies":[{"name":"wp","href":"https:\/\/api.w.org\/{rel}","templated":true}]}}