{"id":6013,"date":"2025-04-22T13:03:11","date_gmt":"2025-04-22T11:03:11","guid":{"rendered":"https:\/\/mobitron.com\/?post_type=product&#038;p=6013"},"modified":"2025-04-22T14:00:02","modified_gmt":"2025-04-22T12:00:02","slug":"skyddande-metallfodral-med-kombinerad-lte-gsm-gps-antenn","status":"publish","type":"product","link":"https:\/\/mobitron.com\/sv\/product\/protective-metal-case-with-combined-lte-gsm-gps-antenna\/","title":{"rendered":"Skyddande metallh\u00f6lje med kombinerad LTE\/GSM\/GPS-antenn"},"content":{"rendered":"<p>Detta robusta metallh\u00f6lje skyddar Cargolog\u00ae-systemet under lastinstallation och drift. Det \u00e4r specifikt utformat f\u00f6r Cargolog\u00ae-systemet med GSM\/LTE och GPS-funktionalitet. Det skyddar enheten fr\u00e5n mekaniska skador, aggressiva gaser och v\u00e4tskeexponering \u2013 idealiskt f\u00f6r tuffa industriella milj\u00f6er.<\/p>\n<p>Inneslutningen har en helt integrerad LTE\/GSM\/GPS-antenn utan synliga externa kablar, vilket hj\u00e4lper till att f\u00f6rhindra manipulering eller sabotage samtidigt som optimal anslutning s\u00e4kerst\u00e4lls. F\u00f6r b\u00e4sta prestanda ska antennen vara riktad upp\u00e5t vid installation.<\/p>\n<p>Fodralet inkluderar en avancerad avluftningsventil med ett vattent\u00e4tt, andningsaktivt membran med klassificering IP67 och IK09. Ett inbyggt tryckutj\u00e4mningssystem m\u00f6jligg\u00f6r enkel borttagning av locket samtidigt som det bibeh\u00e5ller internt skydd och tryckbalans.<\/p>","protected":false},"excerpt":{"rendered":"<p>Slitstarkt metallfodral utformat f\u00f6r Cargolog\u00ae System med GSM\/LTE och GPS. Skyddar mot mekaniska skador, v\u00e4tskor och aggressiva gaser. Integrerad antenn f\u00f6r tillf\u00f6rlitlig signal - m\u00e5ste installeras upp\u00e5t. Klassad IP67 och IK09 med tryckutj\u00e4mningssystem f\u00f6r enkel borttagning av locket. Idealisk f\u00f6r tuffa industriella milj\u00f6er.<\/p>","protected":false},"featured_media":6018,"template":"","meta":{"_acf_changed":false,"content-type":"","inline_featured_image":false},"product_brand":[],"product_cat":[38],"product_tag":[],"class_list":{"0":"post-6013","1":"product","2":"type-product","3":"status-publish","4":"has-post-thumbnail","6":"product_cat-attachments","8":"first","9":"instock","10":"shipping-taxable","11":"purchasable","12":"product-type-variable","13":"has-default-attributes"},"acf":[],"_links":{"self":[{"href":"https:\/\/mobitron.com\/sv\/wp-json\/wp\/v2\/product\/6013","targetHints":{"allow":["GET"]}}],"collection":[{"href":"https:\/\/mobitron.com\/sv\/wp-json\/wp\/v2\/product"}],"about":[{"href":"https:\/\/mobitron.com\/sv\/wp-json\/wp\/v2\/types\/product"}],"wp:featuredmedia":[{"embeddable":true,"href":"https:\/\/mobitron.com\/sv\/wp-json\/wp\/v2\/media\/6018"}],"wp:attachment":[{"href":"https:\/\/mobitron.com\/sv\/wp-json\/wp\/v2\/media?parent=6013"}],"wp:term":[{"taxonomy":"product_brand","embeddable":true,"href":"https:\/\/mobitron.com\/sv\/wp-json\/wp\/v2\/product_brand?post=6013"},{"taxonomy":"product_cat","embeddable":true,"href":"https:\/\/mobitron.com\/sv\/wp-json\/wp\/v2\/product_cat?post=6013"},{"taxonomy":"product_tag","embeddable":true,"href":"https:\/\/mobitron.com\/sv\/wp-json\/wp\/v2\/product_tag?post=6013"}],"curies":[{"name":"wp","href":"https:\/\/api.w.org\/{rel}","templated":true}]}}