{"id":4853,"date":"2024-04-15T12:32:01","date_gmt":"2024-04-15T10:32:01","guid":{"rendered":"https:\/\/mobitron.com\/?post_type=product&#038;p=4853"},"modified":"2026-01-13T09:07:50","modified_gmt":"2026-01-13T08:07:50","slug":"cargolog-impact-shock-recorder-offline","status":"publish","type":"product","link":"https:\/\/mobitron.com\/sv\/product\/cargolog-impact-shock-recorder-offline\/","title":{"rendered":"Cargolog\u00ae Impact &amp; Shock Recorder | Offline"},"content":{"rendered":"<p>Cargolog\u00ae Impact &amp; Shock Recorder \u00e4r en m\u00e5ngsidig och anv\u00e4ndarv\u00e4nlig datalogger utformad f\u00f6r att \u00f6vervaka k\u00e4nsliga varor under transporter \u00f6ver l\u00e5nga str\u00e4ckor och i kritiska milj\u00f6er. Fr\u00e5n transformatorer och generatorer till elektroniska enheter, bilkomponenter etc., anv\u00e4nder denna enhet avancerad sensorteknik f\u00f6r att exakt m\u00e4ta st\u00f6th\u00e4ndelser med chockkurvdata och lutningar.<\/p>\n<p>Med ett robust h\u00f6lje med IP67-certifiering \u00e4r inspelaren skyddad mot damm och st\u00e4nkvatten, vilket s\u00e4kerst\u00e4ller p\u00e5litlig prestanda under utmanande f\u00f6rh\u00e5llanden. Bekv\u00e4m USB-C-kommunikation m\u00f6jligg\u00f6r enkel datah\u00e4mtning och utv\u00e4rdering, vilket m\u00f6jligg\u00f6r exakt best\u00e4mning av transportskador som uppst\u00e5tt \u00f6ver l\u00e4ngre perioder. I enlighet med alla relevanta standarder och riktlinjer f\u00f6r st\u00f6t-m\u00e4tning och transport\u00f6vervakning, erbjuder Cargolog\u00ae Impact &amp; Shock Recorder en o\u00f6vertr\u00e4ffad p\u00e5litlighet och effektivitet n\u00e4r det g\u00e4ller att skydda din v\u00e4rdefulla last.<\/p>\n<h3><strong>Viktiga egenskaper:<\/strong><\/h3>\n<ul>\n<li>M\u00e5ngsidig och anv\u00e4ndarv\u00e4nlig datalogger.<\/li>\n<li>Utformad f\u00f6r att \u00f6vervaka k\u00e4nsliga varor under transport p\u00e5 l\u00e5nga str\u00e4ckor och i kritiska milj\u00f6er.<\/li>\n<li>Avancerad sensorteknik f\u00f6r noggrann m\u00e4tning av nedslagsh\u00e4ndelser, lutningar och chockkurvor.<\/li>\n<li>Robust h\u00f6lje med IP67-certifiering f\u00f6r skydd mot damm och st\u00e4nkvatten.<\/li>\n<li>Bekv\u00e4m USB-C-kommunikation f\u00f6r enkel datah\u00e4mtning och utv\u00e4rdering.<\/li>\n<li>\u00d6verensst\u00e4mmelse med relevanta standarder och riktlinjer f\u00f6r chockm\u00e4tning och transport\u00f6vervakning.<\/li>\n<\/ul>\n<h3><strong>Ytterligare funktioner:<\/strong><\/h3>\n<ul>\n<li>Tillg\u00e4nglig med 200 g accelerationssensor.<\/li>\n<li>L\u00e4mplig f\u00f6r olika installationer och f\u00f6rh\u00e5llanden.<\/li>\n<li>Kan anv\u00e4ndas med programvaran Cargolog\u00ae Connect f\u00f6r s\u00f6ml\u00f6s uppladdning och hantering av data.<\/li>\n<\/ul>","protected":false},"excerpt":{"rendered":"<p>F\u00f6rb\u00e4ttra godstransporter med v\u00e5r toppmoderna Impact &amp; Shock Recorder. F\u00e4st systemet p\u00e5 din produkt f\u00f6r detaljerade insikter om st\u00f6tar och lutningar under transport. Hantera och visa inspelade data enkelt genom att ansluta Cargolog\u00ae-enheten till en dator via en USB-C-kabel. Anv\u00e4nd programvaran Cargolog\u00ae Connect f\u00f6r att s\u00f6ml\u00f6st ladda upp och komma \u00e5t information i molntj\u00e4nsten, vilket s\u00e4kerst\u00e4ller effektiv \u00f6vervakning och data\u00f6verf\u00f6ring.<\/p>","protected":false},"featured_media":3858,"template":"","meta":{"_acf_changed":false,"content-type":"","inline_featured_image":false},"product_brand":[],"product_cat":[37,165],"product_tag":[],"class_list":{"0":"post-4853","1":"product","2":"type-product","3":"status-publish","4":"has-post-thumbnail","6":"product_cat-data-logger","7":"product_cat-shock-sensors","9":"first","10":"instock","11":"shipping-taxable","12":"purchasable","13":"product-type-variable","14":"has-default-attributes"},"acf":[],"_links":{"self":[{"href":"https:\/\/mobitron.com\/sv\/wp-json\/wp\/v2\/product\/4853","targetHints":{"allow":["GET"]}}],"collection":[{"href":"https:\/\/mobitron.com\/sv\/wp-json\/wp\/v2\/product"}],"about":[{"href":"https:\/\/mobitron.com\/sv\/wp-json\/wp\/v2\/types\/product"}],"wp:featuredmedia":[{"embeddable":true,"href":"https:\/\/mobitron.com\/sv\/wp-json\/wp\/v2\/media\/3858"}],"wp:attachment":[{"href":"https:\/\/mobitron.com\/sv\/wp-json\/wp\/v2\/media?parent=4853"}],"wp:term":[{"taxonomy":"product_brand","embeddable":true,"href":"https:\/\/mobitron.com\/sv\/wp-json\/wp\/v2\/product_brand?post=4853"},{"taxonomy":"product_cat","embeddable":true,"href":"https:\/\/mobitron.com\/sv\/wp-json\/wp\/v2\/product_cat?post=4853"},{"taxonomy":"product_tag","embeddable":true,"href":"https:\/\/mobitron.com\/sv\/wp-json\/wp\/v2\/product_tag?post=4853"}],"curies":[{"name":"wp","href":"https:\/\/api.w.org\/{rel}","templated":true}]}}