{"id":4650,"date":"2023-12-19T13:12:22","date_gmt":"2023-12-19T12:12:22","guid":{"rendered":"https:\/\/mobitron.com\/?post_type=product&#038;p=4650"},"modified":"2024-05-23T13:09:25","modified_gmt":"2024-05-23T11:09:25","slug":"skruv-cylinderhuvud","status":"publish","type":"product","link":"https:\/\/mobitron.com\/sv\/product\/screw-cylinder-head\/","title":{"rendered":"Skruv, cylinderhuvud"},"content":{"rendered":"<p>Cargolog\u00ae 3rd Gen f\u00e4sts s\u00e4kert p\u00e5 produkten eller f\u00f6rpackningen med hj\u00e4lp av en skruv, M8 med cylinderhuvud, vilket ger en robust och tillf\u00f6rlitlig f\u00e4stmetod. Denna metod s\u00e4kerst\u00e4ller stabilitet och minimerar risken f\u00f6r att den lossnar under transport, vilket ger \u00f6kad s\u00e4kerhet f\u00f6r last\u00f6vervakning. Anv\u00e4ndningen av skruvar underl\u00e4ttar en h\u00e5llbar och varaktig anslutning, vilket bidrar till \u00f6vervakningssystemets \u00f6vergripande tillf\u00f6rlitlighet.<\/p>","protected":false},"excerpt":{"rendered":"<p>MC6S Skruv, cylinderhuvud, M8x40 DIN912 A4 f\u00f6r fasts\u00e4ttning av centrumh\u00e5let p\u00e5 Cargolog\u00ae 3rd Gen<\/p>","protected":false},"featured_media":4651,"template":"","meta":{"_acf_changed":false,"content-type":"","inline_featured_image":false},"product_brand":[],"product_cat":[38,169,170,168],"product_tag":[],"class_list":{"0":"post-4650","1":"product","2":"type-product","3":"status-publish","4":"has-post-thumbnail","6":"product_cat-attachments","7":"product_cat-tillbehor-till-condition-monitoring","8":"product_cat-tillbehor-till-data-logger-temperature","9":"product_cat-tillbehor-till-shocksensor","11":"first","12":"instock","13":"shipping-taxable","14":"purchasable","15":"product-type-simple"},"acf":[],"_links":{"self":[{"href":"https:\/\/mobitron.com\/sv\/wp-json\/wp\/v2\/product\/4650","targetHints":{"allow":["GET"]}}],"collection":[{"href":"https:\/\/mobitron.com\/sv\/wp-json\/wp\/v2\/product"}],"about":[{"href":"https:\/\/mobitron.com\/sv\/wp-json\/wp\/v2\/types\/product"}],"wp:featuredmedia":[{"embeddable":true,"href":"https:\/\/mobitron.com\/sv\/wp-json\/wp\/v2\/media\/4651"}],"wp:attachment":[{"href":"https:\/\/mobitron.com\/sv\/wp-json\/wp\/v2\/media?parent=4650"}],"wp:term":[{"taxonomy":"product_brand","embeddable":true,"href":"https:\/\/mobitron.com\/sv\/wp-json\/wp\/v2\/product_brand?post=4650"},{"taxonomy":"product_cat","embeddable":true,"href":"https:\/\/mobitron.com\/sv\/wp-json\/wp\/v2\/product_cat?post=4650"},{"taxonomy":"product_tag","embeddable":true,"href":"https:\/\/mobitron.com\/sv\/wp-json\/wp\/v2\/product_tag?post=4650"}],"curies":[{"name":"wp","href":"https:\/\/api.w.org\/{rel}","templated":true}]}}