{"id":4647,"date":"2023-12-19T12:51:16","date_gmt":"2023-12-19T11:51:16","guid":{"rendered":"https:\/\/mobitron.com\/?post_type=product&#038;p=4647"},"modified":"2024-05-23T13:09:25","modified_gmt":"2024-05-23T11:09:25","slug":"hallarmagnet","status":"publish","type":"product","link":"https:\/\/mobitron.com\/sv\/product\/holding-magnet\/","title":{"rendered":"Magnetf\u00e4ste"},"content":{"rendered":"<p>Magneter erbjuder ett icke-p\u00e5tr\u00e4ngande f\u00e4ste, vilket minimerar risken f\u00f6r skador p\u00e5 lasten under installationen. Magneten utg\u00f6r ocks\u00e5 en snabb och okomplicerad metod f\u00f6r att s\u00e4kert f\u00e4sta Cargolog\u00ae 3rd Gen p\u00e5 \u00f6nskad yta utan att kr\u00e4va komplicerade verktyg eller ytterligare utrustning.<\/p>\n<p>Den gummerade h\u00e5llmagneten levereras inte separat, den monteras direkt p\u00e5 Cargolog\u00ae-enheten med en M8-skruv.<\/p>","protected":false},"excerpt":{"rendered":"<p>Cargolog\u00ae-enheten f\u00e4sts s\u00e4kert p\u00e5 produkten med hj\u00e4lp av en magnet, vilket ger en snabb och okomplicerad metod.<\/p>","protected":false},"featured_media":4648,"template":"","meta":{"_acf_changed":false,"content-type":"","inline_featured_image":false},"product_brand":[],"product_cat":[38,169,170,168],"product_tag":[],"class_list":{"0":"post-4647","1":"product","2":"type-product","3":"status-publish","4":"has-post-thumbnail","6":"product_cat-attachments","7":"product_cat-tillbehor-till-condition-monitoring","8":"product_cat-tillbehor-till-data-logger-temperature","9":"product_cat-tillbehor-till-shocksensor","11":"first","12":"instock","13":"shipping-taxable","14":"purchasable","15":"product-type-simple"},"acf":[],"_links":{"self":[{"href":"https:\/\/mobitron.com\/sv\/wp-json\/wp\/v2\/product\/4647","targetHints":{"allow":["GET"]}}],"collection":[{"href":"https:\/\/mobitron.com\/sv\/wp-json\/wp\/v2\/product"}],"about":[{"href":"https:\/\/mobitron.com\/sv\/wp-json\/wp\/v2\/types\/product"}],"wp:featuredmedia":[{"embeddable":true,"href":"https:\/\/mobitron.com\/sv\/wp-json\/wp\/v2\/media\/4648"}],"wp:attachment":[{"href":"https:\/\/mobitron.com\/sv\/wp-json\/wp\/v2\/media?parent=4647"}],"wp:term":[{"taxonomy":"product_brand","embeddable":true,"href":"https:\/\/mobitron.com\/sv\/wp-json\/wp\/v2\/product_brand?post=4647"},{"taxonomy":"product_cat","embeddable":true,"href":"https:\/\/mobitron.com\/sv\/wp-json\/wp\/v2\/product_cat?post=4647"},{"taxonomy":"product_tag","embeddable":true,"href":"https:\/\/mobitron.com\/sv\/wp-json\/wp\/v2\/product_tag?post=4647"}],"curies":[{"name":"wp","href":"https:\/\/api.w.org\/{rel}","templated":true}]}}