{"id":4528,"date":"2023-12-08T15:38:24","date_gmt":"2023-12-08T14:38:24","guid":{"rendered":"https:\/\/mobitron.com\/?post_type=product&#038;p=4528"},"modified":"2023-12-08T16:05:23","modified_gmt":"2023-12-08T15:05:23","slug":"litium-ls14500-storlek-aa","status":"publish","type":"product","link":"https:\/\/mobitron.com\/sv\/product\/lithium-ls14500-size-aa\/","title":{"rendered":"Litium-LS14500-storlek AA"},"content":{"rendered":"<p>SAFT LS14500 Litiummetallbatteri \u00e4r en p\u00e5litlig och h\u00f6gpresterande energik\u00e4lla. Detta prim\u00e4ra litium-tionylklorid (Li\/SOCl2) batteri erbjuder en f\u00f6rl\u00e4ngd livsl\u00e4ngd och presterar v\u00e4l inom ett brett temperaturomr\u00e5de. Dess kompakta storlek och effektiva energiproduktion g\u00f6r det till ett idealiskt val f\u00f6r Cargolog\u00ae.<\/p>\n<p>Obs: Detta batteri inneh\u00e5ller litiummetall och m\u00e5ste hanteras och transporteras enligt s\u00e4kerhetsf\u00f6reskrifterna f\u00f6r litiumbatterier.<\/p>","protected":false},"excerpt":{"rendered":"<p>3,6V Prim\u00e4r litiumjonylklorid (Li\/SOCI2).<\/p>","protected":false},"featured_media":4529,"template":"","meta":{"_acf_changed":false,"content-type":"","inline_featured_image":false},"product_brand":[],"product_cat":[41],"product_tag":[],"class_list":{"0":"post-4528","1":"product","2":"type-product","3":"status-publish","4":"has-post-thumbnail","6":"product_cat-battery","8":"first","9":"instock","10":"shipping-taxable","11":"purchasable","12":"product-type-simple"},"acf":[],"_links":{"self":[{"href":"https:\/\/mobitron.com\/sv\/wp-json\/wp\/v2\/product\/4528","targetHints":{"allow":["GET"]}}],"collection":[{"href":"https:\/\/mobitron.com\/sv\/wp-json\/wp\/v2\/product"}],"about":[{"href":"https:\/\/mobitron.com\/sv\/wp-json\/wp\/v2\/types\/product"}],"wp:featuredmedia":[{"embeddable":true,"href":"https:\/\/mobitron.com\/sv\/wp-json\/wp\/v2\/media\/4529"}],"wp:attachment":[{"href":"https:\/\/mobitron.com\/sv\/wp-json\/wp\/v2\/media?parent=4528"}],"wp:term":[{"taxonomy":"product_brand","embeddable":true,"href":"https:\/\/mobitron.com\/sv\/wp-json\/wp\/v2\/product_brand?post=4528"},{"taxonomy":"product_cat","embeddable":true,"href":"https:\/\/mobitron.com\/sv\/wp-json\/wp\/v2\/product_cat?post=4528"},{"taxonomy":"product_tag","embeddable":true,"href":"https:\/\/mobitron.com\/sv\/wp-json\/wp\/v2\/product_tag?post=4528"}],"curies":[{"name":"wp","href":"https:\/\/api.w.org\/{rel}","templated":true}]}}