{"id":4220,"date":"2023-11-21T12:19:21","date_gmt":"2023-11-21T11:19:21","guid":{"rendered":"https:\/\/mobitron.com\/?post_type=product&#038;p=4220"},"modified":"2023-11-23T12:10:07","modified_gmt":"2023-11-23T11:10:07","slug":"alkaliskt-batteri-pro-cell-storlek-c","status":"publish","type":"product","link":"https:\/\/mobitron.com\/sv\/product\/alkaline-battery-pro-cell-size-c\/","title":{"rendered":"Alkalibatteri - Pro cell, storlek C"},"content":{"rendered":"<p>Det alkaliska batteriet fungerar som str\u00f6mk\u00e4lla f\u00f6r driften av dataloggern. Dess funktion begr\u00e4nsas av driftstemperaturintervallet p\u00e5 -18\u00b0C till 50\u00b0C, eftersom batteriets prestanda \u00e4r optimerad inom detta specifika temperaturintervall. Vid f\u00f6rvaring rekommenderas dessutom att batteriet f\u00f6rvaras inom ett temperaturintervall p\u00e5 +5\u00b0C till +30\u00b0C (+41\u00b0F till +86\u00b0F) f\u00f6r att s\u00e4kerst\u00e4lla dess effektivitet och livsl\u00e4ngd.<\/p>","protected":false},"excerpt":{"rendered":"<p>Cargolog\u00ae-enheten drivs av ett 1,5V prim\u00e4rt alkaliskt C-batteri (LR14) med mangandioxid (Zn\/MnO2)-kemi.<\/p>","protected":false},"featured_media":4221,"template":"","meta":{"_acf_changed":false,"content-type":"","inline_featured_image":false},"product_brand":[],"product_cat":[41],"product_tag":[],"class_list":{"0":"post-4220","1":"product","2":"type-product","3":"status-publish","4":"has-post-thumbnail","6":"product_cat-battery","8":"first","9":"instock","10":"shipping-taxable","11":"purchasable","12":"product-type-simple"},"acf":[],"_links":{"self":[{"href":"https:\/\/mobitron.com\/sv\/wp-json\/wp\/v2\/product\/4220","targetHints":{"allow":["GET"]}}],"collection":[{"href":"https:\/\/mobitron.com\/sv\/wp-json\/wp\/v2\/product"}],"about":[{"href":"https:\/\/mobitron.com\/sv\/wp-json\/wp\/v2\/types\/product"}],"wp:featuredmedia":[{"embeddable":true,"href":"https:\/\/mobitron.com\/sv\/wp-json\/wp\/v2\/media\/4221"}],"wp:attachment":[{"href":"https:\/\/mobitron.com\/sv\/wp-json\/wp\/v2\/media?parent=4220"}],"wp:term":[{"taxonomy":"product_brand","embeddable":true,"href":"https:\/\/mobitron.com\/sv\/wp-json\/wp\/v2\/product_brand?post=4220"},{"taxonomy":"product_cat","embeddable":true,"href":"https:\/\/mobitron.com\/sv\/wp-json\/wp\/v2\/product_cat?post=4220"},{"taxonomy":"product_tag","embeddable":true,"href":"https:\/\/mobitron.com\/sv\/wp-json\/wp\/v2\/product_tag?post=4220"}],"curies":[{"name":"wp","href":"https:\/\/api.w.org\/{rel}","templated":true}]}}