{"id":4218,"date":"2023-11-21T12:17:58","date_gmt":"2023-11-21T11:17:58","guid":{"rendered":"https:\/\/mobitron.com\/?post_type=product&#038;p=4218"},"modified":"2025-10-08T09:47:09","modified_gmt":"2025-10-08T07:47:09","slug":"alkaliskt-batteri-pro-cell-storlek-d","status":"publish","type":"product","link":"https:\/\/mobitron.com\/sv\/product\/alkaline-battery-pro-cell-size-d\/","title":{"rendered":"Alkalibatteri - Pro cell, storlek D"},"content":{"rendered":"<p>Det alkaliska batteriet fungerar som energif\u00f6rs\u00f6rjning f\u00f6r dataloggern och dess effektivitet begr\u00e4nsas av ett temperaturintervall p\u00e5 -18\u00b0C till 50\u00b0C. Vid f\u00f6rvaring rekommenderas ett temperaturintervall p\u00e5 +5\u00b0C till +30\u00b0C (+41\u00b0F till +86\u00b0F) f\u00f6r att bevara batteriets effektivitet och livsl\u00e4ngd.<\/p>","protected":false},"excerpt":{"rendered":"<p>1,5 V prim\u00e4rt alkaliskt C-batteri (LR14) f\u00f6r str\u00f6mf\u00f6rs\u00f6rjning av Cargolog\u00ae-enheten, med mangandioxid (Zn\/MnO2)-kemi.<\/p>","protected":false},"featured_media":4219,"template":"","meta":{"_acf_changed":false,"content-type":"","inline_featured_image":false},"product_brand":[],"product_cat":[181],"product_tag":[],"class_list":{"0":"post-4218","1":"product","2":"type-product","3":"status-publish","4":"has-post-thumbnail","6":"product_cat-accessories-legacy-products","8":"first","9":"instock","10":"shipping-taxable","11":"purchasable","12":"product-type-simple"},"acf":[],"_links":{"self":[{"href":"https:\/\/mobitron.com\/sv\/wp-json\/wp\/v2\/product\/4218","targetHints":{"allow":["GET"]}}],"collection":[{"href":"https:\/\/mobitron.com\/sv\/wp-json\/wp\/v2\/product"}],"about":[{"href":"https:\/\/mobitron.com\/sv\/wp-json\/wp\/v2\/types\/product"}],"wp:featuredmedia":[{"embeddable":true,"href":"https:\/\/mobitron.com\/sv\/wp-json\/wp\/v2\/media\/4219"}],"wp:attachment":[{"href":"https:\/\/mobitron.com\/sv\/wp-json\/wp\/v2\/media?parent=4218"}],"wp:term":[{"taxonomy":"product_brand","embeddable":true,"href":"https:\/\/mobitron.com\/sv\/wp-json\/wp\/v2\/product_brand?post=4218"},{"taxonomy":"product_cat","embeddable":true,"href":"https:\/\/mobitron.com\/sv\/wp-json\/wp\/v2\/product_cat?post=4218"},{"taxonomy":"product_tag","embeddable":true,"href":"https:\/\/mobitron.com\/sv\/wp-json\/wp\/v2\/product_tag?post=4218"}],"curies":[{"name":"wp","href":"https:\/\/api.w.org\/{rel}","templated":true}]}}