{"id":4213,"date":"2023-11-21T12:14:52","date_gmt":"2023-11-21T11:14:52","guid":{"rendered":"https:\/\/mobitron.com\/?post_type=product&#038;p=4213"},"modified":"2025-10-08T09:47:20","modified_gmt":"2025-10-08T07:47:20","slug":"litiummetallbatteri-ls33600-storlek-d","status":"publish","type":"product","link":"https:\/\/mobitron.com\/sv\/product\/lithium-metal-battery-ls33600-size-d\/","title":{"rendered":"Litium-metallbatteri - LS33600, storlek D"},"content":{"rendered":"<p>Litiummetallbatteriet, s\u00e4rskilt det prim\u00e4ra 3,6 V litiumjonylkloridbatteriet (Li\/SOCl2) LS33600, \u00e4r det b\u00e4sta valet f\u00f6r str\u00f6mf\u00f6rs\u00f6rjning av Cargolog\u00ae -enheten. Detta val baseras p\u00e5 litium-metallbatteriets livsl\u00e4ngd och f\u00f6rdelaktiga driftstemperaturomr\u00e5de. Det \u00e4r viktigt att notera att detta batteri inneh\u00e5ller litiummetall, vilket g\u00f6r det f\u00f6rem\u00e5l f\u00f6r klassificering som farligt gods under transport n\u00e4r dataloggern \u00e4r inaktiv.<\/p>","protected":false},"excerpt":{"rendered":"<p>3,6V Prim\u00e4r litiumjonylklorid (Li\/SOCI2) storlek D.<\/p>","protected":false},"featured_media":4214,"template":"","meta":{"_acf_changed":false,"content-type":"","inline_featured_image":false},"product_brand":[],"product_cat":[181],"product_tag":[],"class_list":{"0":"post-4213","1":"product","2":"type-product","3":"status-publish","4":"has-post-thumbnail","6":"product_cat-accessories-legacy-products","8":"first","9":"instock","10":"shipping-taxable","11":"purchasable","12":"product-type-simple"},"acf":[],"_links":{"self":[{"href":"https:\/\/mobitron.com\/sv\/wp-json\/wp\/v2\/product\/4213","targetHints":{"allow":["GET"]}}],"collection":[{"href":"https:\/\/mobitron.com\/sv\/wp-json\/wp\/v2\/product"}],"about":[{"href":"https:\/\/mobitron.com\/sv\/wp-json\/wp\/v2\/types\/product"}],"wp:featuredmedia":[{"embeddable":true,"href":"https:\/\/mobitron.com\/sv\/wp-json\/wp\/v2\/media\/4214"}],"wp:attachment":[{"href":"https:\/\/mobitron.com\/sv\/wp-json\/wp\/v2\/media?parent=4213"}],"wp:term":[{"taxonomy":"product_brand","embeddable":true,"href":"https:\/\/mobitron.com\/sv\/wp-json\/wp\/v2\/product_brand?post=4213"},{"taxonomy":"product_cat","embeddable":true,"href":"https:\/\/mobitron.com\/sv\/wp-json\/wp\/v2\/product_cat?post=4213"},{"taxonomy":"product_tag","embeddable":true,"href":"https:\/\/mobitron.com\/sv\/wp-json\/wp\/v2\/product_tag?post=4213"}],"curies":[{"name":"wp","href":"https:\/\/api.w.org\/{rel}","templated":true}]}}