{"id":4211,"date":"2023-11-21T12:13:17","date_gmt":"2023-11-21T11:13:17","guid":{"rendered":"https:\/\/mobitron.com\/?post_type=product&#038;p=4211"},"modified":"2023-11-23T13:51:25","modified_gmt":"2023-11-23T12:51:25","slug":"litiummetallbatteri-lsh20-storlek-d-2","status":"publish","type":"product","link":"https:\/\/mobitron.com\/sv\/product\/lithium-metal-battery-lsh20-size-d\/","title":{"rendered":"Litiummetallbatteri - LSH20, storlek D"},"content":{"rendered":"<p>Det prim\u00e4ra 3,6 V litiumjonylkloridbatteriet (Li\/SOCl2) LS33600, ett litiummetallbatteri, \u00e4r den f\u00f6redragna str\u00f6mk\u00e4llan f\u00f6r Cargolog\u00ae-enheten, s\u00e4rskilt f\u00f6r drift av dataloggern med GSM-funktionalitet. Detta val motiveras av dess l\u00e5nga livsl\u00e4ngd och f\u00f6rdelaktiga temperaturintervall. Det \u00e4r viktigt att notera att detta batteri, som inneh\u00e5ller litiummetall, klassificeras som farligt gods under transport n\u00e4r dataloggern \u00e4r inaktiv.<\/p>","protected":false},"excerpt":{"rendered":"<p>3,6 V Prim\u00e4r litiumjonylklorid (Li-SOCl2).<\/p>","protected":false},"featured_media":4212,"template":"","meta":{"_acf_changed":false,"content-type":"","inline_featured_image":false},"product_brand":[],"product_cat":[41],"product_tag":[],"class_list":{"0":"post-4211","1":"product","2":"type-product","3":"status-publish","4":"has-post-thumbnail","6":"product_cat-battery","8":"first","9":"instock","10":"shipping-taxable","11":"purchasable","12":"product-type-simple"},"acf":[],"_links":{"self":[{"href":"https:\/\/mobitron.com\/sv\/wp-json\/wp\/v2\/product\/4211","targetHints":{"allow":["GET"]}}],"collection":[{"href":"https:\/\/mobitron.com\/sv\/wp-json\/wp\/v2\/product"}],"about":[{"href":"https:\/\/mobitron.com\/sv\/wp-json\/wp\/v2\/types\/product"}],"wp:featuredmedia":[{"embeddable":true,"href":"https:\/\/mobitron.com\/sv\/wp-json\/wp\/v2\/media\/4212"}],"wp:attachment":[{"href":"https:\/\/mobitron.com\/sv\/wp-json\/wp\/v2\/media?parent=4211"}],"wp:term":[{"taxonomy":"product_brand","embeddable":true,"href":"https:\/\/mobitron.com\/sv\/wp-json\/wp\/v2\/product_brand?post=4211"},{"taxonomy":"product_cat","embeddable":true,"href":"https:\/\/mobitron.com\/sv\/wp-json\/wp\/v2\/product_cat?post=4211"},{"taxonomy":"product_tag","embeddable":true,"href":"https:\/\/mobitron.com\/sv\/wp-json\/wp\/v2\/product_tag?post=4211"}],"curies":[{"name":"wp","href":"https:\/\/api.w.org\/{rel}","templated":true}]}}