{"id":4209,"date":"2023-11-21T12:10:56","date_gmt":"2023-11-21T11:10:56","guid":{"rendered":"https:\/\/mobitron.com\/?post_type=product&#038;p=4209"},"modified":"2023-11-23T13:54:36","modified_gmt":"2023-11-23T12:54:36","slug":"litiummetallbatteri-sl2770-storlek-c","status":"publish","type":"product","link":"https:\/\/mobitron.com\/sv\/product\/lithium-metal-battery-sl2770-size-c\/","title":{"rendered":"Litium-metallbatteri - SL2770, storlek C"},"content":{"rendered":"<p>Det prim\u00e4ra 3,6 V litiumjonylkloridbatteriet (Li\/SOCl2) SL-2770, ett litiummetallbatteri, \u00e4r den f\u00f6redragna str\u00f6mk\u00e4llan f\u00f6r Cargolog\u00ae -enheten och har valts f\u00f6r sin l\u00e5nga livsl\u00e4ngd och sitt gynnsamma temperaturomr\u00e5de. Det \u00e4r viktigt att understryka att detta batteri, som inneh\u00e5ller litiummetall, klassificeras som farligt gods under transport n\u00e4r dataloggern \u00e4r inaktiv.<\/p>","protected":false},"excerpt":{"rendered":"<p>3,6V Prim\u00e4r litiumjonylklorid (Li\/SOCI2).<\/p>","protected":false},"featured_media":4210,"template":"","meta":{"_acf_changed":false,"content-type":"","inline_featured_image":false},"product_brand":[],"product_cat":[41],"product_tag":[],"class_list":{"0":"post-4209","1":"product","2":"type-product","3":"status-publish","4":"has-post-thumbnail","6":"product_cat-battery","8":"first","9":"instock","10":"shipping-taxable","11":"purchasable","12":"product-type-simple"},"acf":[],"_links":{"self":[{"href":"https:\/\/mobitron.com\/sv\/wp-json\/wp\/v2\/product\/4209","targetHints":{"allow":["GET"]}}],"collection":[{"href":"https:\/\/mobitron.com\/sv\/wp-json\/wp\/v2\/product"}],"about":[{"href":"https:\/\/mobitron.com\/sv\/wp-json\/wp\/v2\/types\/product"}],"wp:featuredmedia":[{"embeddable":true,"href":"https:\/\/mobitron.com\/sv\/wp-json\/wp\/v2\/media\/4210"}],"wp:attachment":[{"href":"https:\/\/mobitron.com\/sv\/wp-json\/wp\/v2\/media?parent=4209"}],"wp:term":[{"taxonomy":"product_brand","embeddable":true,"href":"https:\/\/mobitron.com\/sv\/wp-json\/wp\/v2\/product_brand?post=4209"},{"taxonomy":"product_cat","embeddable":true,"href":"https:\/\/mobitron.com\/sv\/wp-json\/wp\/v2\/product_cat?post=4209"},{"taxonomy":"product_tag","embeddable":true,"href":"https:\/\/mobitron.com\/sv\/wp-json\/wp\/v2\/product_tag?post=4209"}],"curies":[{"name":"wp","href":"https:\/\/api.w.org\/{rel}","templated":true}]}}