{"id":4170,"date":"2023-11-20T17:28:37","date_gmt":"2023-11-20T16:28:37","guid":{"rendered":"https:\/\/mobitron.com\/?post_type=product&#038;p=4170"},"modified":"2024-05-23T13:09:26","modified_gmt":"2024-05-23T11:09:26","slug":"skyddande-metallholje-lag-profil","status":"publish","type":"product","link":"https:\/\/mobitron.com\/sv\/product\/protective-metal-case-low-profile\/","title":{"rendered":"Skyddande metallh\u00f6lje, l\u00e5g profil"},"content":{"rendered":"<p>Det l\u00e5gprofilerade metallh\u00f6ljet monterar Cargolog\u00ae-enheten s\u00e4kert p\u00e5 godset eller f\u00f6rpackningen. Den l\u00e5ga profilen anv\u00e4nds i situationer med fast h\u00f6jd eller n\u00e4r en h\u00f6gre IP-klassning \u00e4r n\u00f6dv\u00e4ndig. Den l\u00e5ga profilen, som uppfyller IP68- och IK09-standarderna, ger ett robust skydd som skyddar Cargolog\u00ae-enheten fr\u00e5n mekaniska skador, aggressiva gaser och v\u00e4tskor i tuffa industriella milj\u00f6er.<\/p>","protected":false},"excerpt":{"rendered":"<p>F\u00e4st din Cargolog\u00ae-enhet p\u00e5 din produkt eller f\u00f6rpackning med metallh\u00f6ljet, l\u00e5g profil n\u00e4r det finns begr\u00e4nsade h\u00f6jder eller n\u00e4r en h\u00f6gre IP-klassning \u00e4r n\u00f6dv\u00e4ndig. Skyddar mot mekaniska skador och tuffa milj\u00f6f\u00f6rh\u00e5llanden och s\u00e4kerst\u00e4ller skydd under transport och industriell anv\u00e4ndning.<\/p>","protected":false},"featured_media":4181,"template":"","meta":{"_acf_changed":false,"content-type":"","inline_featured_image":false},"product_brand":[],"product_cat":[38,169,170,168],"product_tag":[],"class_list":{"0":"post-4170","1":"product","2":"type-product","3":"status-publish","4":"has-post-thumbnail","6":"product_cat-attachments","7":"product_cat-tillbehor-till-condition-monitoring","8":"product_cat-tillbehor-till-data-logger-temperature","9":"product_cat-tillbehor-till-shocksensor","11":"first","12":"instock","13":"shipping-taxable","14":"purchasable","15":"product-type-variable","16":"has-default-attributes"},"acf":[],"_links":{"self":[{"href":"https:\/\/mobitron.com\/sv\/wp-json\/wp\/v2\/product\/4170","targetHints":{"allow":["GET"]}}],"collection":[{"href":"https:\/\/mobitron.com\/sv\/wp-json\/wp\/v2\/product"}],"about":[{"href":"https:\/\/mobitron.com\/sv\/wp-json\/wp\/v2\/types\/product"}],"wp:featuredmedia":[{"embeddable":true,"href":"https:\/\/mobitron.com\/sv\/wp-json\/wp\/v2\/media\/4181"}],"wp:attachment":[{"href":"https:\/\/mobitron.com\/sv\/wp-json\/wp\/v2\/media?parent=4170"}],"wp:term":[{"taxonomy":"product_brand","embeddable":true,"href":"https:\/\/mobitron.com\/sv\/wp-json\/wp\/v2\/product_brand?post=4170"},{"taxonomy":"product_cat","embeddable":true,"href":"https:\/\/mobitron.com\/sv\/wp-json\/wp\/v2\/product_cat?post=4170"},{"taxonomy":"product_tag","embeddable":true,"href":"https:\/\/mobitron.com\/sv\/wp-json\/wp\/v2\/product_tag?post=4170"}],"curies":[{"name":"wp","href":"https:\/\/api.w.org\/{rel}","templated":true}]}}