{"id":4155,"date":"2023-11-20T16:29:41","date_gmt":"2023-11-20T15:29:41","guid":{"rendered":"https:\/\/mobitron.com\/?post_type=product&#038;p=4155"},"modified":"2024-05-23T13:09:26","modified_gmt":"2024-05-23T11:09:26","slug":"monteringskonsol","status":"publish","type":"product","link":"https:\/\/mobitron.com\/sv\/product\/mounting-console\/","title":{"rendered":"Monteringskonsol"},"content":{"rendered":"<p>Anv\u00e4nd konsolen f\u00f6r att montera Cargolog\u00ae -enheten p\u00e5 en balk eller liknande yta d\u00e4r det inte kr\u00e4vs skydd mot mekanik, gas eller v\u00e4tska. S\u00e4kerst\u00e4ll en s\u00f6ml\u00f6s passform f\u00f6r att garantera korrekt m\u00e4tning och registrering av acceleration utan n\u00e5gra luckor som p\u00e5verkar registreringarna.<\/p>","protected":false},"excerpt":{"rendered":"<p>Anv\u00e4nds f\u00f6r att montera Cargolog\u00ae -enheten p\u00e5 en balk eller liknande, d\u00e4r mekaniskt skydd eller skydd mot gaser eller v\u00e4tskor inte \u00e4r n\u00f6dv\u00e4ndigt.<\/p>","protected":false},"featured_media":4160,"template":"","meta":{"_acf_changed":false,"content-type":"","inline_featured_image":false},"product_brand":[],"product_cat":[38,169,170,168],"product_tag":[],"class_list":{"0":"post-4155","1":"product","2":"type-product","3":"status-publish","4":"has-post-thumbnail","6":"product_cat-attachments","7":"product_cat-tillbehor-till-condition-monitoring","8":"product_cat-tillbehor-till-data-logger-temperature","9":"product_cat-tillbehor-till-shocksensor","11":"first","12":"instock","13":"shipping-taxable","14":"purchasable","15":"product-type-variable","16":"has-default-attributes"},"acf":[],"_links":{"self":[{"href":"https:\/\/mobitron.com\/sv\/wp-json\/wp\/v2\/product\/4155","targetHints":{"allow":["GET"]}}],"collection":[{"href":"https:\/\/mobitron.com\/sv\/wp-json\/wp\/v2\/product"}],"about":[{"href":"https:\/\/mobitron.com\/sv\/wp-json\/wp\/v2\/types\/product"}],"wp:featuredmedia":[{"embeddable":true,"href":"https:\/\/mobitron.com\/sv\/wp-json\/wp\/v2\/media\/4160"}],"wp:attachment":[{"href":"https:\/\/mobitron.com\/sv\/wp-json\/wp\/v2\/media?parent=4155"}],"wp:term":[{"taxonomy":"product_brand","embeddable":true,"href":"https:\/\/mobitron.com\/sv\/wp-json\/wp\/v2\/product_brand?post=4155"},{"taxonomy":"product_cat","embeddable":true,"href":"https:\/\/mobitron.com\/sv\/wp-json\/wp\/v2\/product_cat?post=4155"},{"taxonomy":"product_tag","embeddable":true,"href":"https:\/\/mobitron.com\/sv\/wp-json\/wp\/v2\/product_tag?post=4155"}],"curies":[{"name":"wp","href":"https:\/\/api.w.org\/{rel}","templated":true}]}}