{"id":4133,"date":"2023-11-20T16:08:31","date_gmt":"2023-11-20T15:08:31","guid":{"rendered":"https:\/\/mobitron.com\/?post_type=product&#038;p=4133"},"modified":"2024-05-23T13:09:51","modified_gmt":"2024-05-23T11:09:51","slug":"gps-antenn-skruvmontering","status":"publish","type":"product","link":"https:\/\/mobitron.com\/sv\/product\/gps-antenna-screw-mount\/","title":{"rendered":"GPS-antenn, skruvmontering"},"content":{"rendered":"<p>GPS-antennen \u00e4r integrerad i h\u00f6ljet f\u00f6r registrering av GPS-positioner, vilket ger en elegant design utan synliga externa kablar f\u00f6r extra skydd mot sabotage.<\/p>","protected":false},"excerpt":{"rendered":"<p>GPS-antenn monterad direkt p\u00e5 sk\u00e5pet f\u00f6r registrering av GPS-positionen. Inga synliga kablar utanf\u00f6r h\u00f6ljet skyddar mot sabotage.<\/p>","protected":false},"featured_media":4135,"template":"","meta":{"_acf_changed":false,"content-type":"","inline_featured_image":false},"product_brand":[],"product_cat":[39,169,170,168],"product_tag":[],"class_list":{"0":"post-4133","1":"product","2":"type-product","3":"status-publish","4":"has-post-thumbnail","6":"product_cat-antenna","7":"product_cat-tillbehor-till-condition-monitoring","8":"product_cat-tillbehor-till-data-logger-temperature","9":"product_cat-tillbehor-till-shocksensor","11":"first","12":"instock","13":"shipping-taxable","14":"purchasable","15":"product-type-simple"},"acf":[],"_links":{"self":[{"href":"https:\/\/mobitron.com\/sv\/wp-json\/wp\/v2\/product\/4133","targetHints":{"allow":["GET"]}}],"collection":[{"href":"https:\/\/mobitron.com\/sv\/wp-json\/wp\/v2\/product"}],"about":[{"href":"https:\/\/mobitron.com\/sv\/wp-json\/wp\/v2\/types\/product"}],"wp:featuredmedia":[{"embeddable":true,"href":"https:\/\/mobitron.com\/sv\/wp-json\/wp\/v2\/media\/4135"}],"wp:attachment":[{"href":"https:\/\/mobitron.com\/sv\/wp-json\/wp\/v2\/media?parent=4133"}],"wp:term":[{"taxonomy":"product_brand","embeddable":true,"href":"https:\/\/mobitron.com\/sv\/wp-json\/wp\/v2\/product_brand?post=4133"},{"taxonomy":"product_cat","embeddable":true,"href":"https:\/\/mobitron.com\/sv\/wp-json\/wp\/v2\/product_cat?post=4133"},{"taxonomy":"product_tag","embeddable":true,"href":"https:\/\/mobitron.com\/sv\/wp-json\/wp\/v2\/product_tag?post=4133"}],"curies":[{"name":"wp","href":"https:\/\/api.w.org\/{rel}","templated":true}]}}