{"id":4127,"date":"2023-11-20T15:51:11","date_gmt":"2023-11-20T14:51:11","guid":{"rendered":"https:\/\/mobitron.com\/?post_type=product&#038;p=4127"},"modified":"2024-05-23T13:09:51","modified_gmt":"2024-05-23T11:09:51","slug":"usb-c-till-usb-a-kabel","status":"publish","type":"product","link":"https:\/\/mobitron.com\/sv\/product\/usb-c-to-usb-a-cable\/","title":{"rendered":"USB-C till USB-A-kabel"},"content":{"rendered":"<p>Vi presenterar v\u00e5r USB-C till USB-A-kabel, ett viktigt tillbeh\u00f6r f\u00f6r s\u00f6ml\u00f6s anslutning mellan din Cargolog\u00ae-enhet och PC. Den h\u00e4r h\u00f6gkvalitativa kabeln underl\u00e4ttar nedladdningen av parametrar f\u00f6r att aktivera Cargolog\u00ae-enheten och enkelt h\u00e4mta inspelade data, vilket s\u00e4kerst\u00e4ller en smidig process under och efter inspelningsperioden. Lita p\u00e5 tillf\u00f6rlitligheten och effektiviteten hos v\u00e5r USB-C till USB-A-kabel f\u00f6r att f\u00f6rb\u00e4ttra din Cargolog\u00ae-upplevelse.<\/p>\n<h3>F\u00f6rdelar<\/h3>\n<ul>\n<li>Kabel med fl\u00e4tat kevlarh\u00f6lje<\/li>\n<li>Extra kraftiga kontakter med metallh\u00f6lje<\/li>\n<\/ul>","protected":false},"excerpt":{"rendered":"<p>Underl\u00e4tta effektiv kommunikation mellan din Cargolog\u00ae-enhet och PC med v\u00e5r USB-C till USB-A-kabel. Ladda ner parametrar f\u00f6r att aktivera enheten och h\u00e4mta inspelade data s\u00f6ml\u00f6st, vilket f\u00f6rb\u00e4ttrar din \u00f6vervakningsupplevelse under och efter inspelningsperioden.<\/p>","protected":false},"featured_media":4530,"template":"","meta":{"_acf_changed":false,"content-type":"","inline_featured_image":false},"product_brand":[],"product_cat":[40,169,170,168],"product_tag":[],"class_list":{"0":"post-4127","1":"product","2":"type-product","3":"status-publish","4":"has-post-thumbnail","6":"product_cat-communicator","7":"product_cat-tillbehor-till-condition-monitoring","8":"product_cat-tillbehor-till-data-logger-temperature","9":"product_cat-tillbehor-till-shocksensor","11":"first","12":"instock","13":"shipping-taxable","14":"purchasable","15":"product-type-simple"},"acf":[],"_links":{"self":[{"href":"https:\/\/mobitron.com\/sv\/wp-json\/wp\/v2\/product\/4127","targetHints":{"allow":["GET"]}}],"collection":[{"href":"https:\/\/mobitron.com\/sv\/wp-json\/wp\/v2\/product"}],"about":[{"href":"https:\/\/mobitron.com\/sv\/wp-json\/wp\/v2\/types\/product"}],"wp:featuredmedia":[{"embeddable":true,"href":"https:\/\/mobitron.com\/sv\/wp-json\/wp\/v2\/media\/4530"}],"wp:attachment":[{"href":"https:\/\/mobitron.com\/sv\/wp-json\/wp\/v2\/media?parent=4127"}],"wp:term":[{"taxonomy":"product_brand","embeddable":true,"href":"https:\/\/mobitron.com\/sv\/wp-json\/wp\/v2\/product_brand?post=4127"},{"taxonomy":"product_cat","embeddable":true,"href":"https:\/\/mobitron.com\/sv\/wp-json\/wp\/v2\/product_cat?post=4127"},{"taxonomy":"product_tag","embeddable":true,"href":"https:\/\/mobitron.com\/sv\/wp-json\/wp\/v2\/product_tag?post=4127"}],"curies":[{"name":"wp","href":"https:\/\/api.w.org\/{rel}","templated":true}]}}