{"id":4122,"date":"2023-11-20T15:38:43","date_gmt":"2023-11-20T14:38:43","guid":{"rendered":"https:\/\/mobitron.com\/?post_type=product&#038;p=4122"},"modified":"2025-10-08T09:47:46","modified_gmt":"2025-10-08T07:47:46","slug":"dockningsstation-for-ir-till-usb-granssnitt","status":"publish","type":"product","link":"https:\/\/mobitron.com\/sv\/product\/ir-to-usb-interface-docking-station\/","title":{"rendered":"IR-till-USB-gr\u00e4nssnitt, dockningsstation"},"content":{"rendered":"<p>Anslut IR-to-USB-gr\u00e4nssnittet till din PC och placera Cargolog\u00ae -enheten i dockningsstationen. Ladda ner parametrar till Cargolog\u00ae 2nd Gen och h\u00e4mta inspelade data under eller efter inspelningsperioden med hj\u00e4lp av IR-to-USB Interface-dockningsstationen som \u00e4r ansluten till din PC. Denna dockningsstation anv\u00e4nds fr\u00e4mst med Cargolog\u00ae-enheter som \u00e4r utrustade med dubbla batterier.<\/p>","protected":false},"excerpt":{"rendered":"<p>Anslut enkelt IR-till-USB-gr\u00e4nssnittet till din dator och placera Cargolog\u00ae-enheten i dockningsstationen. Med denna inst\u00e4llning kan du ladda ner parametrar f\u00f6r att aktivera Cargolog\u00ae-enheten och h\u00e4mta inspelade data under och efter inspelningsperioden.<\/p>","protected":false},"featured_media":4124,"template":"","meta":{"_acf_changed":false,"content-type":"","inline_featured_image":false},"product_brand":[],"product_cat":[181],"product_tag":[],"class_list":{"0":"post-4122","1":"product","2":"type-product","3":"status-publish","4":"has-post-thumbnail","6":"product_cat-accessories-legacy-products","8":"first","9":"instock","10":"shipping-taxable","11":"purchasable","12":"product-type-simple"},"acf":[],"_links":{"self":[{"href":"https:\/\/mobitron.com\/sv\/wp-json\/wp\/v2\/product\/4122","targetHints":{"allow":["GET"]}}],"collection":[{"href":"https:\/\/mobitron.com\/sv\/wp-json\/wp\/v2\/product"}],"about":[{"href":"https:\/\/mobitron.com\/sv\/wp-json\/wp\/v2\/types\/product"}],"wp:featuredmedia":[{"embeddable":true,"href":"https:\/\/mobitron.com\/sv\/wp-json\/wp\/v2\/media\/4124"}],"wp:attachment":[{"href":"https:\/\/mobitron.com\/sv\/wp-json\/wp\/v2\/media?parent=4122"}],"wp:term":[{"taxonomy":"product_brand","embeddable":true,"href":"https:\/\/mobitron.com\/sv\/wp-json\/wp\/v2\/product_brand?post=4122"},{"taxonomy":"product_cat","embeddable":true,"href":"https:\/\/mobitron.com\/sv\/wp-json\/wp\/v2\/product_cat?post=4122"},{"taxonomy":"product_tag","embeddable":true,"href":"https:\/\/mobitron.com\/sv\/wp-json\/wp\/v2\/product_tag?post=4122"}],"curies":[{"name":"wp","href":"https:\/\/api.w.org\/{rel}","templated":true}]}}