{"id":4115,"date":"2023-11-20T15:21:51","date_gmt":"2023-11-20T14:21:51","guid":{"rendered":"https:\/\/mobitron.com\/?post_type=product&#038;p=4115"},"modified":"2025-10-08T09:47:56","modified_gmt":"2025-10-08T07:47:56","slug":"ir-till-usb-granssnitt-topcom","status":"publish","type":"product","link":"https:\/\/mobitron.com\/sv\/product\/ir-to-usb-interface-topcom\/","title":{"rendered":"IR-till-USB-gr\u00e4nssnitt, TopCom"},"content":{"rendered":"<p>Konfigurera och l\u00e4s ut data fr\u00e5n Cargolog\u00ae 2nd Gen p\u00e5 ett enkelt s\u00e4tt med hj\u00e4lp av IR-till-USB-gr\u00e4nssnittet TopCom. Uppr\u00e4tta en anslutning mellan din dator och enheten med IR-kommunikation p\u00e5 ovansidan. Gr\u00e4nssnittet \u00e4r bekv\u00e4mt placerat ovanp\u00e5 enheten, vilket garanterar \u00e5tkomst \u00e4ven n\u00e4r den \u00e4r monterad i metallh\u00f6ljet och installationsf\u00e4stet.<\/p>","protected":false},"excerpt":{"rendered":"<p>Anv\u00e4nd IR-till-USB-gr\u00e4nssnittet, TopCom, f\u00f6r att ansluta din dator till Cargolog\u00ae 2nd Gen med IR-kommunikation p\u00e5 ovansidan. Den \u00e4r bekv\u00e4mt placerad ovanp\u00e5 enheten och \u00e4r \u00e5tkomlig \u00e4ven n\u00e4r den \u00e4r monterad i metallh\u00f6ljet eller installationsh\u00e5llaren.<\/p>","protected":false},"featured_media":4118,"template":"","meta":{"_acf_changed":false,"content-type":"","inline_featured_image":false},"product_brand":[],"product_cat":[181],"product_tag":[],"class_list":{"0":"post-4115","1":"product","2":"type-product","3":"status-publish","4":"has-post-thumbnail","6":"product_cat-accessories-legacy-products","8":"first","9":"instock","10":"shipping-taxable","11":"purchasable","12":"product-type-simple"},"acf":[],"_links":{"self":[{"href":"https:\/\/mobitron.com\/sv\/wp-json\/wp\/v2\/product\/4115","targetHints":{"allow":["GET"]}}],"collection":[{"href":"https:\/\/mobitron.com\/sv\/wp-json\/wp\/v2\/product"}],"about":[{"href":"https:\/\/mobitron.com\/sv\/wp-json\/wp\/v2\/types\/product"}],"wp:featuredmedia":[{"embeddable":true,"href":"https:\/\/mobitron.com\/sv\/wp-json\/wp\/v2\/media\/4118"}],"wp:attachment":[{"href":"https:\/\/mobitron.com\/sv\/wp-json\/wp\/v2\/media?parent=4115"}],"wp:term":[{"taxonomy":"product_brand","embeddable":true,"href":"https:\/\/mobitron.com\/sv\/wp-json\/wp\/v2\/product_brand?post=4115"},{"taxonomy":"product_cat","embeddable":true,"href":"https:\/\/mobitron.com\/sv\/wp-json\/wp\/v2\/product_cat?post=4115"},{"taxonomy":"product_tag","embeddable":true,"href":"https:\/\/mobitron.com\/sv\/wp-json\/wp\/v2\/product_tag?post=4115"}],"curies":[{"name":"wp","href":"https:\/\/api.w.org\/{rel}","templated":true}]}}