{"id":4112,"date":"2023-11-20T13:45:12","date_gmt":"2023-11-20T12:45:12","guid":{"rendered":"https:\/\/mobitron.com\/?post_type=product&#038;p=4112"},"modified":"2025-03-04T11:25:12","modified_gmt":"2025-03-04T10:25:12","slug":"cargolog-overvakning-av-paverkanstillstand-offline","status":"publish","type":"product","link":"https:\/\/mobitron.com\/sv\/product\/cargolog-impact-condition-monitoring-offline\/","title":{"rendered":"Cargolog\u00ae Impact &amp; Condition Monitoring | Offline"},"content":{"rendered":"<p>Optimize cargo transportation with our comprehensive environmental monitoring system, which measures and records temperature, humidity, angle\/leaning, and acceleration. Tailored for diverse materials and conditions, attach the system directly to the product or package for detailed insights into logistics handling.<\/p>\n<p>To manually read data using a USB-C cable, connect the Cargolog\u00ae device to a computer. Utilize the Cargolog\u00ae Connect software to upload the data, allowing easy access to the information in the cloud service. This seamless process ensures that all recorded data is efficiently transferred and conveniently viewed and managed in the Cargolog\u00ae Connect platform.<\/p>\n<h3>Viktiga egenskaper:<\/h3>\n<ul>\n<li><span data-preserver-spaces=\"true\">S\u00e4kerst\u00e4ll optimala transportf\u00f6rh\u00e5llanden.<\/span><\/li>\n<li><span data-preserver-spaces=\"true\">M\u00e4t toppacceleration och h\u00e4ndelsens varaktighet.<\/span><\/li>\n<li><span data-preserver-spaces=\"true\">F\u00e5 en fullst\u00e4ndig \u00f6versikt \u00f6ver transportf\u00f6rh\u00e5llandena i milj\u00f6n.<\/span><\/li>\n<\/ul>\n<h3>Ytterligare funktioner:<\/h3>\n<ul>\n<li><span data-preserver-spaces=\"true\">H\u00f6gprecisionssensorer f\u00f6r analys av slag och st\u00f6tar<\/span><\/li>\n<li><span data-preserver-spaces=\"true\">Anv\u00e4ndarv\u00e4nlig och l\u00e4tt att installera p\u00e5 olika typer av last<\/span><\/li>\n<li><span data-preserver-spaces=\"true\">\u00d6vervakningskapacitet f\u00f6r sj\u00f6-, luft- och v\u00e4gtransporter<\/span><\/li>\n<li><span data-preserver-spaces=\"true\">Slitstark konstruktion f\u00f6r tillf\u00f6rlitlig drift i extrema temperaturer och luftfuktighet<\/span><\/li>\n<li><span data-preserver-spaces=\"true\">Minimera skaderiskerna, vilket kan minska reparations- eller ers\u00e4ttningskostnaderna.<\/span><\/li>\n<\/ul>","protected":false},"excerpt":{"rendered":"<p>F\u00f6rb\u00e4ttra godstransporterna med v\u00e5rt avancerade milj\u00f6\u00f6vervakningssystem som registrerar temperatur, luftfuktighet, vinkel\/lutning och accelerationsdata. F\u00e4st systemet p\u00e5 din produkt f\u00f6r att f\u00e5 detaljerade insikter. Hantera och visa inspelade data enkelt genom att ansluta Cargolog\u00ae-enheten till en dator via USB-C-kabel. Anv\u00e4nd programvaran Cargolog\u00ae Connect f\u00f6r att ladda upp och komma \u00e5t information i molntj\u00e4nsten, vilket s\u00e4kerst\u00e4ller s\u00f6ml\u00f6s data\u00f6verf\u00f6ring och effektiv \u00f6vervakning.<\/p>","protected":false},"featured_media":3858,"template":"","meta":{"_acf_changed":false,"content-type":"","inline_featured_image":false},"product_brand":[],"product_cat":[166,37,167],"product_tag":[],"class_list":{"0":"post-4112","1":"product","2":"type-product","3":"status-publish","4":"has-post-thumbnail","6":"product_cat-condition-monitoring","7":"product_cat-data-logger","8":"product_cat-data-logger-temperature","10":"first","11":"instock","12":"shipping-taxable","13":"purchasable","14":"product-type-variable","15":"has-default-attributes"},"acf":[],"_links":{"self":[{"href":"https:\/\/mobitron.com\/sv\/wp-json\/wp\/v2\/product\/4112","targetHints":{"allow":["GET"]}}],"collection":[{"href":"https:\/\/mobitron.com\/sv\/wp-json\/wp\/v2\/product"}],"about":[{"href":"https:\/\/mobitron.com\/sv\/wp-json\/wp\/v2\/types\/product"}],"wp:featuredmedia":[{"embeddable":true,"href":"https:\/\/mobitron.com\/sv\/wp-json\/wp\/v2\/media\/3858"}],"wp:attachment":[{"href":"https:\/\/mobitron.com\/sv\/wp-json\/wp\/v2\/media?parent=4112"}],"wp:term":[{"taxonomy":"product_brand","embeddable":true,"href":"https:\/\/mobitron.com\/sv\/wp-json\/wp\/v2\/product_brand?post=4112"},{"taxonomy":"product_cat","embeddable":true,"href":"https:\/\/mobitron.com\/sv\/wp-json\/wp\/v2\/product_cat?post=4112"},{"taxonomy":"product_tag","embeddable":true,"href":"https:\/\/mobitron.com\/sv\/wp-json\/wp\/v2\/product_tag?post=4112"}],"curies":[{"name":"wp","href":"https:\/\/api.w.org\/{rel}","templated":true}]}}