{"id":4104,"date":"2023-11-20T12:52:14","date_gmt":"2023-11-20T11:52:14","guid":{"rendered":"https:\/\/mobitron.com\/?post_type=product&#038;p=4104"},"modified":"2025-10-07T11:52:02","modified_gmt":"2025-10-07T09:52:02","slug":"cargolog-pc-programvara","status":"publish","type":"product","link":"https:\/\/mobitron.com\/sv\/product\/cargolog-pc-software\/","title":{"rendered":"Cargolog\u00ae PC-programvara"},"content":{"rendered":"<p>Den anv\u00e4ndarv\u00e4nliga programvaran f\u00f6r konfigurering, analys och utvinning av data fr\u00e5n Cargolog\u00ae 2nd Gen \u00e4r enkel att installera. Visa m\u00e4tresultaten i diagram och analysera dem sekund f\u00f6r sekund. Den flerspr\u00e5kiga plattformen \u00e4r enkel att installera och anv\u00e4nda, vilket g\u00f6r den tillg\u00e4nglig f\u00f6r de flesta anst\u00e4llda. Kommunicera via en kabelanslutning (IR-till-USB) eller tr\u00e5dl\u00f6sa alternativ (Bluetooth eller ZigBee).<\/p>\n<h3>De olika licensnycklarna f\u00f6r Cargolog\u00ae PC Software:<\/h3>\n<ul>\n<li>Ut\u00f6kad:\n<ul>\n<li>Licens f\u00f6r fullversion tillg\u00e4nglig, inklusive funktioner f\u00f6r GPS och GSM.<\/li>\n<li>M\u00f6jligg\u00f6r enhetsinstallation, datal\u00e4sning, detaljerad dataanalys, skapande, redigering och delning av mallar.<\/li>\n<\/ul>\n<\/li>\n<li>Standard:\n<ul>\n<li>Licens f\u00f6r standardfunktioner, acceleration, temperatur, luftfuktighet, vinkel\/lutning.<\/li>\n<li>M\u00f6jligg\u00f6r enhetsinstallation, datal\u00e4sning, detaljerad dataanalys och delning.<\/li>\n<\/ul>\n<\/li>\n<li>Visa\/l\u00e4sa:\n<ul>\n<li>Begr\u00e4nsad licens som till\u00e5ter datal\u00e4sning.<\/li>\n<li>M\u00f6jligg\u00f6r detaljerad dataanalys.<\/li>\n<\/ul>\n<\/li>\n<li>L\u00e4s endast:\n<ul>\n<li>Kostnadsfri licens med begr\u00e4nsad funktionalitet.<\/li>\n<li>Till\u00e5ter endast l\u00e4sning av data.<\/li>\n<\/ul>\n<\/li>\n<\/ul>","protected":false},"excerpt":{"rendered":"<p>Den anv\u00e4ndarv\u00e4nliga programvaran Cargolog\u00ae, som \u00e4r l\u00e4tt att installera, analyserar data med precision sekund f\u00f6r sekund. Den \u00e4r tillg\u00e4nglig f\u00f6r de flesta anst\u00e4llda och st\u00f6der b\u00e5de tr\u00e5dbunden (IR-till-USB) och tr\u00e5dl\u00f6s (Bluetooth eller ZigBee) kommunikation med enheten.<\/p>","protected":false},"featured_media":4106,"template":"","meta":{"_acf_changed":false,"content-type":"","inline_featured_image":false},"product_brand":[],"product_cat":[182],"product_tag":[],"class_list":{"0":"post-4104","1":"product","2":"type-product","3":"status-publish","4":"has-post-thumbnail","6":"product_cat-software-legacy-products","8":"first","9":"instock","10":"shipping-taxable","11":"purchasable","12":"product-type-variable","13":"has-default-attributes"},"acf":[],"_links":{"self":[{"href":"https:\/\/mobitron.com\/sv\/wp-json\/wp\/v2\/product\/4104","targetHints":{"allow":["GET"]}}],"collection":[{"href":"https:\/\/mobitron.com\/sv\/wp-json\/wp\/v2\/product"}],"about":[{"href":"https:\/\/mobitron.com\/sv\/wp-json\/wp\/v2\/types\/product"}],"wp:featuredmedia":[{"embeddable":true,"href":"https:\/\/mobitron.com\/sv\/wp-json\/wp\/v2\/media\/4106"}],"wp:attachment":[{"href":"https:\/\/mobitron.com\/sv\/wp-json\/wp\/v2\/media?parent=4104"}],"wp:term":[{"taxonomy":"product_brand","embeddable":true,"href":"https:\/\/mobitron.com\/sv\/wp-json\/wp\/v2\/product_brand?post=4104"},{"taxonomy":"product_cat","embeddable":true,"href":"https:\/\/mobitron.com\/sv\/wp-json\/wp\/v2\/product_cat?post=4104"},{"taxonomy":"product_tag","embeddable":true,"href":"https:\/\/mobitron.com\/sv\/wp-json\/wp\/v2\/product_tag?post=4104"}],"curies":[{"name":"wp","href":"https:\/\/api.w.org\/{rel}","templated":true}]}}