{"id":4098,"date":"2023-11-20T12:24:31","date_gmt":"2023-11-20T11:24:31","guid":{"rendered":"https:\/\/mobitron.com\/?post_type=product&#038;p=4098"},"modified":"2025-10-08T09:48:14","modified_gmt":"2025-10-08T07:48:14","slug":"cargolog-online","status":"publish","type":"product","link":"https:\/\/mobitron.com\/sv\/product\/cargolog-online\/","title":{"rendered":"Cargolog\u00ae Online"},"content":{"rendered":"<p>F\u00e5 tillg\u00e5ng till information 24\/7 genom att anv\u00e4nda molntj\u00e4nsten Cargolog\u00ae Online. Du, dina kollegor eller kunder kan granska de m\u00e4tresultat som skickas fr\u00e5n Cargolog\u00ae 2nd Gen p\u00e5 vilken internet- eller dataf\u00f6rberedd enhet som helst, t.ex. en dator. Dataresultatet \u00e4r synligt i grafisk form och i tabellform utan komplicerade installationer. Cargolog\u00ae Online \u00e4r l\u00e4tt att anv\u00e4nda, och med en personlig inloggning kan du skydda alla data fr\u00e5n obeh\u00f6riga.<\/p>\n<h3>Krav f\u00f6r Cargolog\u00ae Online-abonnemang:<\/h3>\n<ul>\n<li>En aktiv abonnemangsplan finns p\u00e5 plats f\u00f6r Cargolog\u00ae-enheten, utrustad med ett aktivt SIM-kort.<\/li>\n<li>Ett aktivt konto f\u00f6r Cargolog\u00ae PC Software, den programvara som anv\u00e4nds f\u00f6r programmering av Cargolog\u00ae -enheten.<\/li>\n<li>F\u00f6r att m\u00f6jligg\u00f6ra data\u00f6verf\u00f6ring online \u00e4r det viktigt att programmera enheten s\u00e5 att den kan skicka data online.<\/li>\n<li>S\u00e4kerst\u00e4ll att det omr\u00e5de d\u00e4r Cargolog\u00ae -enheten ska \u00f6verf\u00f6ra online-data har tillr\u00e4cklig GSM-n\u00e4tverkst\u00e4ckning.<\/li>\n<\/ul>","protected":false},"excerpt":{"rendered":"<p>F\u00e5 tillg\u00e5ng till m\u00e4tresultat 24\/7 med Cargolog\u00ae Online. Granska data fr\u00e5n Cargolog\u00ae 2nd Gen p\u00e5 alla enheter med internetuppkoppling. Visualisera resultat grafiskt och i tabeller utan komplicerade installationer. Anv\u00e4ndarv\u00e4nligt och s\u00e4kert, med personliga inloggningar f\u00f6r att skydda datasekretessen.<\/p>","protected":false},"featured_media":4102,"template":"","meta":{"_acf_changed":false,"content-type":"","inline_featured_image":false},"product_brand":[],"product_cat":[182],"product_tag":[],"class_list":{"0":"post-4098","1":"product","2":"type-product","3":"status-publish","4":"has-post-thumbnail","6":"product_cat-software-legacy-products","8":"first","9":"instock","10":"shipping-taxable","11":"purchasable","12":"product-type-variable","13":"has-default-attributes"},"acf":[],"_links":{"self":[{"href":"https:\/\/mobitron.com\/sv\/wp-json\/wp\/v2\/product\/4098","targetHints":{"allow":["GET"]}}],"collection":[{"href":"https:\/\/mobitron.com\/sv\/wp-json\/wp\/v2\/product"}],"about":[{"href":"https:\/\/mobitron.com\/sv\/wp-json\/wp\/v2\/types\/product"}],"wp:featuredmedia":[{"embeddable":true,"href":"https:\/\/mobitron.com\/sv\/wp-json\/wp\/v2\/media\/4102"}],"wp:attachment":[{"href":"https:\/\/mobitron.com\/sv\/wp-json\/wp\/v2\/media?parent=4098"}],"wp:term":[{"taxonomy":"product_brand","embeddable":true,"href":"https:\/\/mobitron.com\/sv\/wp-json\/wp\/v2\/product_brand?post=4098"},{"taxonomy":"product_cat","embeddable":true,"href":"https:\/\/mobitron.com\/sv\/wp-json\/wp\/v2\/product_cat?post=4098"},{"taxonomy":"product_tag","embeddable":true,"href":"https:\/\/mobitron.com\/sv\/wp-json\/wp\/v2\/product_tag?post=4098"}],"curies":[{"name":"wp","href":"https:\/\/api.w.org\/{rel}","templated":true}]}}