{"id":3925,"date":"2023-11-17T12:15:38","date_gmt":"2023-11-17T11:15:38","guid":{"rendered":"https:\/\/mobitron.com\/?post_type=product&#038;p=3925"},"modified":"2025-04-22T14:06:59","modified_gmt":"2025-04-22T12:06:59","slug":"skyddande-metallholje","status":"publish","type":"product","link":"https:\/\/mobitron.com\/sv\/product\/protective-metal-case\/","title":{"rendered":"Skyddande metallh\u00f6lje"},"content":{"rendered":"<p>Skydda din Cargolog\u00ae-enhet under lastinstallationen med v\u00e5rt Metal Case, som skyddar mot mekaniska skador, aggressiva gaser och v\u00e4tskor. Metal Case \u00e4r utrustad med en avancerad avluftningsventil med ett vattent\u00e4tt membran som andas och har IP67- och IK09-klassificering, vilket g\u00f6r den motst\u00e5ndskraftig mot milj\u00f6utmaningar. Tryckutj\u00e4mningssystemet g\u00f6r det enkelt att ta bort locket och ger ett tillf\u00f6rlitligt skydd mot mekanisk p\u00e5verkan i tuffa industriella milj\u00f6er.<\/p>","protected":false},"excerpt":{"rendered":"<p>F\u00e4st din Cargolog\u00ae-enhet p\u00e5 produkten eller f\u00f6rpackningen med metallfodralet, som skyddar mot mekaniska skador och tuffa milj\u00f6f\u00f6rh\u00e5llanden. Avancerade funktioner s\u00e4kerst\u00e4ller skydd under transport och industriell anv\u00e4ndning.<\/p>","protected":false},"featured_media":4130,"template":"","meta":{"_acf_changed":false,"content-type":"","inline_featured_image":false},"product_brand":[],"product_cat":[38],"product_tag":[],"class_list":{"0":"post-3925","1":"product","2":"type-product","3":"status-publish","4":"has-post-thumbnail","6":"product_cat-attachments","8":"first","9":"instock","10":"shipping-taxable","11":"purchasable","12":"product-type-variable","13":"has-default-attributes"},"acf":[],"_links":{"self":[{"href":"https:\/\/mobitron.com\/sv\/wp-json\/wp\/v2\/product\/3925","targetHints":{"allow":["GET"]}}],"collection":[{"href":"https:\/\/mobitron.com\/sv\/wp-json\/wp\/v2\/product"}],"about":[{"href":"https:\/\/mobitron.com\/sv\/wp-json\/wp\/v2\/types\/product"}],"wp:featuredmedia":[{"embeddable":true,"href":"https:\/\/mobitron.com\/sv\/wp-json\/wp\/v2\/media\/4130"}],"wp:attachment":[{"href":"https:\/\/mobitron.com\/sv\/wp-json\/wp\/v2\/media?parent=3925"}],"wp:term":[{"taxonomy":"product_brand","embeddable":true,"href":"https:\/\/mobitron.com\/sv\/wp-json\/wp\/v2\/product_brand?post=3925"},{"taxonomy":"product_cat","embeddable":true,"href":"https:\/\/mobitron.com\/sv\/wp-json\/wp\/v2\/product_cat?post=3925"},{"taxonomy":"product_tag","embeddable":true,"href":"https:\/\/mobitron.com\/sv\/wp-json\/wp\/v2\/product_tag?post=3925"}],"curies":[{"name":"wp","href":"https:\/\/api.w.org\/{rel}","templated":true}]}}