{"id":3852,"date":"2023-11-17T09:21:38","date_gmt":"2023-11-17T08:21:38","guid":{"rendered":"https:\/\/mobitron.com\/?post_type=product&#038;p=3852"},"modified":"2025-03-04T11:28:33","modified_gmt":"2025-03-04T10:28:33","slug":"cargolog-overvakning-av-paverkanstillstand-online","status":"publish","type":"product","link":"https:\/\/mobitron.com\/sv\/product\/cargolog-impact-condition-monitoring-online\/","title":{"rendered":"Cargolog\u00ae Impact &amp; Condition Monitoring | Online"},"content":{"rendered":"<p><span data-preserver-spaces=\"true\">Maximera effektiviteten i godstransporter med v\u00e5rt avancerade milj\u00f6\u00f6vervakningssystem, som \u00e4r speciellt utformat f\u00f6r att m\u00e4ta och registrera temperatur, luftfuktighet, vinkel\/lutning och acceleration, och utrustat med integrerad GPS och GSM-s\u00e4ndare\/mottagare f\u00f6r data\u00f6verf\u00f6ring i realtid. F\u00e4st systemet direkt p\u00e5 din produkt eller f\u00f6rpackning f\u00f6r att f\u00e5 djupg\u00e5ende insikter i logistikhanteringen.<\/span><\/p>\n<h3><span data-preserver-spaces=\"true\">Viktiga egenskaper:<\/span><\/h3>\n<ul>\n<li><span data-preserver-spaces=\"true\">S\u00e4kerst\u00e4ll optimala transportf\u00f6rh\u00e5llanden<\/span><\/li>\n<li><span data-preserver-spaces=\"true\">M\u00e4t och registrera temperatur, luftfuktighet, vinkel\/lutning och acceleration<\/span><\/li>\n<li><span data-preserver-spaces=\"true\">F\u00e5 en fullst\u00e4ndig \u00f6versikt \u00f6ver transportf\u00f6rh\u00e5llandena<\/span><\/li>\n<li><span data-preserver-spaces=\"true\">GPS och GSM f\u00f6r data\u00f6verf\u00f6ring i realtid<\/span><\/li>\n<\/ul>\n<h3><span data-preserver-spaces=\"true\">Ytterligare funktioner:<\/span><\/h3>\n<ul>\n<li><span data-preserver-spaces=\"true\">H\u00f6gprecisionssensorer f\u00f6r analys av slag och st\u00f6tar<\/span><\/li>\n<li><span data-preserver-spaces=\"true\">Data\u00f6verf\u00f6ring i realtid f\u00f6r omedelbar respons<\/span><\/li>\n<li><span data-preserver-spaces=\"true\">Anv\u00e4ndarv\u00e4nlig och l\u00e4tt att installera p\u00e5 olika typer av last<\/span><\/li>\n<li><span data-preserver-spaces=\"true\">\u00d6vervakningsm\u00f6jligheter f\u00f6r multimodala transporter<\/span><\/li>\n<li><span data-preserver-spaces=\"true\">Anpassningsbar efter specifika behov, inklusive antal sensorer och frekvens f\u00f6r data\u00f6verf\u00f6ring<\/span><\/li>\n<li><span data-preserver-spaces=\"true\">Slitstark konstruktion f\u00f6r tillf\u00f6rlitlig drift i extrema temperaturer och luftfuktighet<\/span><\/li>\n<li><span data-preserver-spaces=\"true\">Minimera skaderiskerna, vilket kan minska reparations- eller ers\u00e4ttningskostnaderna.<\/span><\/li>\n<\/ul>","protected":false},"excerpt":{"rendered":"<p>F\u00f6rb\u00e4ttra effektiviteten i godstransporterna med hj\u00e4lp av v\u00e5rt avancerade milj\u00f6\u00f6vervakningssystem. Systemet \u00e4r skr\u00e4ddarsytt f\u00f6r att m\u00e4ta temperatur, luftfuktighet, vinkel\/lutning och acceleration och levereras med GPS och GSM f\u00f6r data\u00f6verf\u00f6ring i realtid. F\u00e4st direkt p\u00e5 din produkt f\u00f6r detaljerad insikt i logistikhanteringen.<\/p>","protected":false},"featured_media":3858,"template":"","meta":{"_acf_changed":false,"content-type":"","inline_featured_image":false},"product_brand":[],"product_cat":[166,37,167,165],"product_tag":[],"class_list":{"0":"post-3852","1":"product","2":"type-product","3":"status-publish","4":"has-post-thumbnail","6":"product_cat-condition-monitoring","7":"product_cat-data-logger","8":"product_cat-data-logger-temperature","9":"product_cat-shock-sensors","11":"first","12":"instock","13":"shipping-taxable","14":"purchasable","15":"product-type-variable","16":"has-default-attributes"},"acf":[],"_links":{"self":[{"href":"https:\/\/mobitron.com\/sv\/wp-json\/wp\/v2\/product\/3852","targetHints":{"allow":["GET"]}}],"collection":[{"href":"https:\/\/mobitron.com\/sv\/wp-json\/wp\/v2\/product"}],"about":[{"href":"https:\/\/mobitron.com\/sv\/wp-json\/wp\/v2\/types\/product"}],"wp:featuredmedia":[{"embeddable":true,"href":"https:\/\/mobitron.com\/sv\/wp-json\/wp\/v2\/media\/3858"}],"wp:attachment":[{"href":"https:\/\/mobitron.com\/sv\/wp-json\/wp\/v2\/media?parent=3852"}],"wp:term":[{"taxonomy":"product_brand","embeddable":true,"href":"https:\/\/mobitron.com\/sv\/wp-json\/wp\/v2\/product_brand?post=3852"},{"taxonomy":"product_cat","embeddable":true,"href":"https:\/\/mobitron.com\/sv\/wp-json\/wp\/v2\/product_cat?post=3852"},{"taxonomy":"product_tag","embeddable":true,"href":"https:\/\/mobitron.com\/sv\/wp-json\/wp\/v2\/product_tag?post=3852"}],"curies":[{"name":"wp","href":"https:\/\/api.w.org\/{rel}","templated":true}]}}