{"id":3772,"date":"2023-11-17T08:34:26","date_gmt":"2023-11-17T07:34:26","guid":{"rendered":"https:\/\/mobitron.com\/?post_type=product&#038;p=3772"},"modified":"2023-11-20T12:10:41","modified_gmt":"2023-11-20T11:10:41","slug":"cargolog-connect","status":"publish","type":"product","link":"https:\/\/mobitron.com\/sv\/product\/cargolog-connect\/","title":{"rendered":"Cargolog\u00ae Connect"},"content":{"rendered":"<p><span data-preserver-spaces=\"true\">Cargolog\u00ae Connect \u00e4r en kraftfull och omfattande mjukvarul\u00f6sning som \u00e4r utformad f\u00f6r att f\u00f6rb\u00e4ttra funktionaliteten och anv\u00e4ndbarheten hos Cargolog\u00ae 3rd Gen. Denna innovativa plattform ger anv\u00e4ndarna verktyg och insikter f\u00f6r att effektivt \u00f6vervaka och analysera data som samlas in av Cargolog\u00ae-enheterna genom hela logistikkedjan. <\/span>Cargolog\u00ae Connect omvandlar data som samlas in av Cargolog\u00ae-enheterna till anv\u00e4ndbara insikter, vilket ger anv\u00e4ndarna m\u00f6jlighet att fatta v\u00e4lgrundade beslut, f\u00f6rb\u00e4ttra lasts\u00e4kerheten och optimera transportprocesserna.<\/p>\n<p>Cargolog\u00ae Connect erbjuder m\u00e5ngsidig \u00e5tkomst, tillg\u00e4nglig via en PC med en installerad applikation och via webben, utan ytterligare installationer.<\/p>\n<p><a href=\"https:\/\/mobitron.com\/sv\/cargolog-connect\/\">L\u00e4s mer om f\u00f6rdelarna med Cargolog\u00ae Connect genom att utforska mer information h\u00e4r.<\/a><\/p>\n<h3>De olika licensnycklarna f\u00f6r Cargolog\u00ae Connect:<\/h3>\n<ul>\n<li style=\"list-style-type: none;\">\n<ul>\n<li>Premium:\n<ul>\n<li>Full versionslicens tillg\u00e4nglig p\u00e5 alla plattformar.<\/li>\n<li>M\u00f6jligg\u00f6r enhetsinstallation, datal\u00e4sning, detaljerad dataanalys, skapande, redigering och delning av mallar.<\/li>\n<li>Ger \u00e5tkomst till att visa alla data som laddats upp till ditt f\u00f6retag.<\/li>\n<\/ul>\n<\/li>\n<li>Gratis:\n<ul>\n<li>Kostnadsfri licens med begr\u00e4nsad funktionalitet.<\/li>\n<li>G\u00f6r det m\u00f6jligt att l\u00e4sa data med en begr\u00e4nsad vy i snabbrapporten.<\/li>\n<\/ul>\n<\/li>\n<li>Programmera och aktivera:\n<ul>\n<li>Begr\u00e4nsad licens som till\u00e5ter installation av enheter och datal\u00e4sning.<\/li>\n<li>G\u00f6r det m\u00f6jligt att l\u00e4sa data med en begr\u00e4nsad vy i snabbrapporten.<\/li>\n<\/ul>\n<\/li>\n<li>Admin:\n<ul>\n<li>Utformad f\u00f6r hantering av licenser och anv\u00e4ndare.<\/li>\n<li>G\u00f6r det m\u00f6jligt att k\u00f6pa nya licenser, l\u00e4gga till anv\u00e4ndare och hantera betalningar.<\/li>\n<\/ul>\n<\/li>\n<\/ul>\n<\/li>\n<\/ul>","protected":false},"excerpt":{"rendered":"<p>Cargolog\u00ae Connect revolutionerar last\u00f6vervakningen genom att s\u00f6ml\u00f6st integreras med Cargolog\u00ae 3rd Gen. Denna omfattande programvara erbjuder sp\u00e5rning i realtid, anpassningsbara varningar och detaljerad dataanalys. Med anv\u00e4ndarv\u00e4nliga funktioner och molnanslutning omvandlas r\u00e5data till anv\u00e4ndbara insikter, vilket ger anv\u00e4ndarna m\u00f6jlighet att s\u00e4kerst\u00e4lla optimala transportf\u00f6rh\u00e5llanden, minska riskerna och f\u00f6rb\u00e4ttra den \u00f6vergripande lasts\u00e4kerheten.<\/p>","protected":false},"featured_media":4091,"template":"","meta":{"_acf_changed":false,"content-type":"","inline_featured_image":false},"product_brand":[],"product_cat":[42],"product_tag":[],"class_list":{"0":"post-3772","1":"product","2":"type-product","3":"status-publish","4":"has-post-thumbnail","6":"product_cat-software","8":"first","9":"instock","10":"shipping-taxable","11":"purchasable","12":"product-type-variable","13":"has-default-attributes"},"acf":[],"_links":{"self":[{"href":"https:\/\/mobitron.com\/sv\/wp-json\/wp\/v2\/product\/3772","targetHints":{"allow":["GET"]}}],"collection":[{"href":"https:\/\/mobitron.com\/sv\/wp-json\/wp\/v2\/product"}],"about":[{"href":"https:\/\/mobitron.com\/sv\/wp-json\/wp\/v2\/types\/product"}],"wp:featuredmedia":[{"embeddable":true,"href":"https:\/\/mobitron.com\/sv\/wp-json\/wp\/v2\/media\/4091"}],"wp:attachment":[{"href":"https:\/\/mobitron.com\/sv\/wp-json\/wp\/v2\/media?parent=3772"}],"wp:term":[{"taxonomy":"product_brand","embeddable":true,"href":"https:\/\/mobitron.com\/sv\/wp-json\/wp\/v2\/product_brand?post=3772"},{"taxonomy":"product_cat","embeddable":true,"href":"https:\/\/mobitron.com\/sv\/wp-json\/wp\/v2\/product_cat?post=3772"},{"taxonomy":"product_tag","embeddable":true,"href":"https:\/\/mobitron.com\/sv\/wp-json\/wp\/v2\/product_tag?post=3772"}],"curies":[{"name":"wp","href":"https:\/\/api.w.org\/{rel}","templated":true}]}}