{"id":3617,"date":"2023-11-17T07:45:55","date_gmt":"2023-11-17T06:45:55","guid":{"rendered":"https:\/\/mobitron.com\/?post_type=product&#038;p=3617"},"modified":"2025-10-08T09:48:32","modified_gmt":"2025-10-08T07:48:32","slug":"cargolog-b2-0919-stotregistrator","status":"publish","type":"product","link":"https:\/\/mobitron.com\/sv\/product\/cargolog-b2-0919-impact-recorder\/","title":{"rendered":"Cargolog\u00ae B2.0919 Slagregistrator"},"content":{"rendered":"<p><span data-preserver-spaces=\"true\">Integrerad GPS-positionering m\u00f6jligg\u00f6r ruttanalys eller sp\u00e5rning av specifika h\u00e4ndelser i Google Maps eller en annan karta. Registrera st\u00f6tar, chocker, temperatur, luftfuktighet och vinkel\/lutning med 42 200 m\u00e4tningar och exportera data och ruttkartor utan problem. GPS-modulen \u00e4r integrerad i v\u00e5rt p\u00e5litliga system, har ett stort D-cellsbatteri och anv\u00e4nder satelliter fr\u00e5n GPS, GLONASS och Galileo f\u00f6r exakt sp\u00e5rning.<\/span><\/p>\n<h3>Viktiga egenskaper:<\/h3>\n<ul>\n<li><span data-preserver-spaces=\"true\">Provtagningsintervall och larmniv\u00e5 f\u00f6r temperatur, luftfuktighet, vinkel\/lutning<\/span><\/li>\n<li><span data-preserver-spaces=\"true\">Accelerationens varaktighet f\u00f6r alla tre axlarna<\/span><\/li>\n<li><span data-preserver-spaces=\"true\">Registreringsgr\u00e4nser och larmniv\u00e5er f\u00f6r alla tre accelerationsaxlarna<\/span><\/li>\n<li><span data-preserver-spaces=\"true\">Butiksvinkel\/lutning f\u00f6r \u00f6verskridande av tr\u00f6skelv\u00e4rdet f\u00f6r acceleration<\/span><\/li>\n<li><span data-preserver-spaces=\"true\">Fungerar med b\u00e5de alkaliska och litiumbatterier<\/span><\/li>\n<li><span data-preserver-spaces=\"true\">Funktioner f\u00f6r start: Datum och tid, Start med knapp, Start vid nedladdning<\/span><\/li>\n<li><span data-preserver-spaces=\"true\">S\u00e4kerhet: L\u00f6senordsskyddade data<\/span><\/li>\n<li><span data-preserver-spaces=\"true\">GPS-positionering med inbyggd mottagare<\/span><\/li>\n<\/ul>","protected":false},"excerpt":{"rendered":"<p>Med hj\u00e4lp av integrerad GPS-positionering kan du registrera och analysera rutter eller evenemangsplatser i Google Maps eller den karta du f\u00f6redrar. Registrera 42 200 m\u00e4tningar av st\u00f6tar, slag, temperatur, luftfuktighet och vinkel\/lutning. Exportera data och ruttkartor utan anstr\u00e4ngning. Den h\u00e4r frist\u00e5ende enheten \u00e4r betrodd av proffs \u00f6ver hela v\u00e4rlden och garanterar en batteritid p\u00e5 upp till 18 m\u00e5nader.<\/p>","protected":false},"featured_media":3627,"template":"","meta":{"_acf_changed":false,"content-type":"","inline_featured_image":false},"product_brand":[],"product_cat":[180],"product_tag":[],"class_list":{"0":"post-3617","1":"product","2":"type-product","3":"status-publish","4":"has-post-thumbnail","6":"product_cat-data-logger-legacy-products","8":"first","9":"instock","10":"shipping-taxable","11":"purchasable","12":"product-type-variable","13":"has-default-attributes"},"acf":[],"_links":{"self":[{"href":"https:\/\/mobitron.com\/sv\/wp-json\/wp\/v2\/product\/3617","targetHints":{"allow":["GET"]}}],"collection":[{"href":"https:\/\/mobitron.com\/sv\/wp-json\/wp\/v2\/product"}],"about":[{"href":"https:\/\/mobitron.com\/sv\/wp-json\/wp\/v2\/types\/product"}],"wp:featuredmedia":[{"embeddable":true,"href":"https:\/\/mobitron.com\/sv\/wp-json\/wp\/v2\/media\/3627"}],"wp:attachment":[{"href":"https:\/\/mobitron.com\/sv\/wp-json\/wp\/v2\/media?parent=3617"}],"wp:term":[{"taxonomy":"product_brand","embeddable":true,"href":"https:\/\/mobitron.com\/sv\/wp-json\/wp\/v2\/product_brand?post=3617"},{"taxonomy":"product_cat","embeddable":true,"href":"https:\/\/mobitron.com\/sv\/wp-json\/wp\/v2\/product_cat?post=3617"},{"taxonomy":"product_tag","embeddable":true,"href":"https:\/\/mobitron.com\/sv\/wp-json\/wp\/v2\/product_tag?post=3617"}],"curies":[{"name":"wp","href":"https:\/\/api.w.org\/{rel}","templated":true}]}}