{"id":3499,"date":"2023-11-16T15:34:54","date_gmt":"2023-11-16T14:34:54","guid":{"rendered":"https:\/\/mobitron.com\/?post_type=product&#038;p=3499"},"modified":"2025-10-10T10:31:52","modified_gmt":"2025-10-10T08:31:52","slug":"cargolog-b1-0912-slagregistrator","status":"publish","type":"product","link":"https:\/\/mobitron.com\/sv\/product\/cargolog-b1-0912-impact-recorder\/","title":{"rendered":"Cargolog\u00ae B1.0912 Slagregistrator"},"content":{"rendered":"<p><span data-preserver-spaces=\"true\">B1.0912 Standard Recorder \u00e4r tillf\u00f6rlitlig f\u00f6r \u00f6vervakning av k\u00e4nsligt gods och registrerar upp till 42.200 h\u00e4ndelser med exakta datum- och tidsst\u00e4mplar. Denna frist\u00e5ende enhet \u00e4r utm\u00e4rkt f\u00f6r att sp\u00e5ra st\u00f6tar, slag, temperatur, luftfuktighet och vinkel\/lutning. Professionella anv\u00e4nder enheten \u00f6ver hela v\u00e4rlden - en frist\u00e5ende enhet med en batteritid p\u00e5 upp till 9,5 m\u00e5nader.<\/span><\/p>\n<h3>Viktiga egenskaper:<\/h3>\n<ul>\n<li><span data-preserver-spaces=\"true\">Registreringsgr\u00e4nser och larmniv\u00e5er f\u00f6r alla tre accelerationsaxlarna<\/span><\/li>\n<li><span data-preserver-spaces=\"true\">Accelerationens varaktighet f\u00f6r alla tre axlarna<\/span><\/li>\n<li><span data-preserver-spaces=\"true\">Provtagningsintervall och larmniv\u00e5 f\u00f6r temperatur<\/span><\/li>\n<li><span data-preserver-spaces=\"true\">Fungerar med b\u00e5de alkaliska och litiumbatterier<\/span><\/li>\n<li><span data-preserver-spaces=\"true\">Funktioner f\u00f6r start: Datum och tid, Start med knapp, Start vid nedladdning<\/span><\/li>\n<li><span data-preserver-spaces=\"true\">S\u00e4kerhet: L\u00f6senordsskyddade data<\/span><\/li>\n<\/ul>\n<h3>Ytterligare information:<\/h3>\n<ul>\n<li><span data-preserver-spaces=\"true\">V\u00e5r mest s\u00e5lda enhet f\u00f6r \u00f6vervakning av transporter av \u00f6mt\u00e5ligt gods med inbyggda sensorer.<\/span><\/li>\n<li><span data-preserver-spaces=\"true\">Ett kalibreringscertifikat medf\u00f6ljer alltid.<\/span><\/li>\n<li><span data-preserver-spaces=\"true\">Anv\u00e4nds f\u00f6r \u00f6vervakning av st\u00f6tar och accelerationer, temperatur, luftfuktighet och vinkel.<\/span><\/li>\n<\/ul>","protected":false},"excerpt":{"rendered":"<p>Registrera upp till 42.200 h\u00e4ndelser med exakt datum- och tidsst\u00e4mpel, inklusive st\u00f6tar, slag, temperatur, luftfuktighet och vinkel\/lutning. Den h\u00e4r frist\u00e5ende enheten \u00e4r betrodd av proffs \u00f6ver hela v\u00e4rlden och har en batteritid p\u00e5 upp till 9,5 m\u00e5nader.<\/p>","protected":false},"featured_media":3506,"template":"","meta":{"_acf_changed":false,"content-type":"","inline_featured_image":false},"product_brand":[],"product_cat":[180],"product_tag":[],"class_list":{"0":"post-3499","1":"product","2":"type-product","3":"status-publish","4":"has-post-thumbnail","6":"product_cat-data-logger-legacy-products","8":"first","9":"instock","10":"shipping-taxable","11":"purchasable","12":"product-type-variable","13":"has-default-attributes"},"acf":[],"_links":{"self":[{"href":"https:\/\/mobitron.com\/sv\/wp-json\/wp\/v2\/product\/3499","targetHints":{"allow":["GET"]}}],"collection":[{"href":"https:\/\/mobitron.com\/sv\/wp-json\/wp\/v2\/product"}],"about":[{"href":"https:\/\/mobitron.com\/sv\/wp-json\/wp\/v2\/types\/product"}],"wp:featuredmedia":[{"embeddable":true,"href":"https:\/\/mobitron.com\/sv\/wp-json\/wp\/v2\/media\/3506"}],"wp:attachment":[{"href":"https:\/\/mobitron.com\/sv\/wp-json\/wp\/v2\/media?parent=3499"}],"wp:term":[{"taxonomy":"product_brand","embeddable":true,"href":"https:\/\/mobitron.com\/sv\/wp-json\/wp\/v2\/product_brand?post=3499"},{"taxonomy":"product_cat","embeddable":true,"href":"https:\/\/mobitron.com\/sv\/wp-json\/wp\/v2\/product_cat?post=3499"},{"taxonomy":"product_tag","embeddable":true,"href":"https:\/\/mobitron.com\/sv\/wp-json\/wp\/v2\/product_tag?post=3499"}],"curies":[{"name":"wp","href":"https:\/\/api.w.org\/{rel}","templated":true}]}}