{"id":3442,"date":"2023-11-16T12:40:12","date_gmt":"2023-11-16T11:40:12","guid":{"rendered":"https:\/\/mobitron.com\/?post_type=product&#038;p=3442"},"modified":"2025-10-08T09:46:38","modified_gmt":"2025-10-08T07:46:38","slug":"cargolog-b0-0910-impact-recorder","status":"publish","type":"product","link":"https:\/\/mobitron.com\/sv\/product\/cargolog-b0-0910-impact-recorder\/","title":{"rendered":"Cargolog\u00ae B0.0910 Slagregistrator"},"content":{"rendered":"<p>B0.0910 Basic Recorder erbjuder funktioner f\u00f6r \u00f6vervakning av last. F\u00f6r en helt\u00e4ckande analys kan du definiera provtagningsintervall, temperaturlarm och accelerationsvaraktigheter. Den \u00e4r kompatibel med b\u00e5de alkaliska och litiummetallbatterier och ger flexibilitet. V\u00e4lj mellan olika initieringsmetoder, inklusive knapp, nedladdning eller schemalagd start, och njut av \u00f6kad s\u00e4kerhet med l\u00f6senordsskyddade data. G\u00e5 med i den globala gemenskapen av yrkesverksamma som litar p\u00e5 The Basic Recorder f\u00f6r exakta och tillf\u00f6rlitliga insikter om lastens tillst\u00e5nd.<\/p>\n<h3><strong>Viktiga egenskaper:<\/strong><\/h3>\n<ul>\n<li><span data-preserver-spaces=\"true\">Registreringsgr\u00e4nser och larmniv\u00e5er f\u00f6r alla tre accelerationsaxlarna<\/span><\/li>\n<li><span data-preserver-spaces=\"true\">Accelerationens varaktighet f\u00f6r alla tre axlarna<\/span><\/li>\n<li><span data-preserver-spaces=\"true\">Provtagningsintervall och larmniv\u00e5 f\u00f6r temperatur<\/span><\/li>\n<li><span data-preserver-spaces=\"true\">Fungerar med b\u00e5de alkaliska och litiumbatterier<\/span><\/li>\n<li><span data-preserver-spaces=\"true\">Funktioner f\u00f6r start: Datum och tid, Start med knapp, Start vid nedladdning<\/span><\/li>\n<li><span data-preserver-spaces=\"true\">S\u00e4kerhet: L\u00f6senordsskyddade data<\/span><\/li>\n<\/ul>\n<p>&nbsp;<\/p>","protected":false},"excerpt":{"rendered":"<p>B0.0910 Basic Recorder, som \u00e4r utformad f\u00f6r \u00f6vervakning av k\u00e4nsligt gods, ger m\u00e4tresultat f\u00f6r analys av st\u00f6tar, slag och temperaturf\u00f6r\u00e4ndringar. Den h\u00e4r frist\u00e5ende enheten registrerar upp till 10 000 m\u00e4tningar med exakta datum- och tidsst\u00e4mplar. Den robusta designen ger upp till 9,5 m\u00e5naders batteritid, vilket garanterar en tillf\u00f6rlitlig datak\u00e4lla f\u00f6r st\u00f6tar och accelerationer under godsets resa.<\/p>","protected":false},"featured_media":3468,"template":"","meta":{"_acf_changed":false,"content-type":"","inline_featured_image":false},"product_brand":[],"product_cat":[180],"product_tag":[],"class_list":{"0":"post-3442","1":"product","2":"type-product","3":"status-publish","4":"has-post-thumbnail","6":"product_cat-data-logger-legacy-products","8":"first","9":"instock","10":"shipping-taxable","11":"purchasable","12":"product-type-variable","13":"has-default-attributes"},"acf":[],"_links":{"self":[{"href":"https:\/\/mobitron.com\/sv\/wp-json\/wp\/v2\/product\/3442","targetHints":{"allow":["GET"]}}],"collection":[{"href":"https:\/\/mobitron.com\/sv\/wp-json\/wp\/v2\/product"}],"about":[{"href":"https:\/\/mobitron.com\/sv\/wp-json\/wp\/v2\/types\/product"}],"wp:featuredmedia":[{"embeddable":true,"href":"https:\/\/mobitron.com\/sv\/wp-json\/wp\/v2\/media\/3468"}],"wp:attachment":[{"href":"https:\/\/mobitron.com\/sv\/wp-json\/wp\/v2\/media?parent=3442"}],"wp:term":[{"taxonomy":"product_brand","embeddable":true,"href":"https:\/\/mobitron.com\/sv\/wp-json\/wp\/v2\/product_brand?post=3442"},{"taxonomy":"product_cat","embeddable":true,"href":"https:\/\/mobitron.com\/sv\/wp-json\/wp\/v2\/product_cat?post=3442"},{"taxonomy":"product_tag","embeddable":true,"href":"https:\/\/mobitron.com\/sv\/wp-json\/wp\/v2\/product_tag?post=3442"}],"curies":[{"name":"wp","href":"https:\/\/api.w.org\/{rel}","templated":true}]}}