{"id":1565,"date":"2023-11-08T15:30:03","date_gmt":"2023-11-08T14:30:03","guid":{"rendered":"https:\/\/mobitron.com\/?post_type=product&#038;p=1565"},"modified":"2025-10-08T09:49:04","modified_gmt":"2025-10-08T07:49:04","slug":"cargolog-b0-0909-impact-recorder","status":"publish","type":"product","link":"https:\/\/mobitron.com\/sv\/product\/cargolog-b0-0909-impact-recorder\/","title":{"rendered":"Cargolog\u00ae B0.0909 Slagregistrator"},"content":{"rendered":"<p>B0.0909 Basic Recorder g\u00e5r l\u00e4ngre \u00e4n grunderna och erbjuder funktioner som \u00e4r skr\u00e4ddarsydda f\u00f6r omfattande last\u00f6vervakning. St\u00e4ll in provtagningsintervall och larmniv\u00e5er f\u00f6r temperatur, definiera accelerationstider f\u00f6r alla tre axlarna och fastst\u00e4ll registreringsgr\u00e4nser f\u00f6r en grundlig analys. Den h\u00e4r m\u00e5ngsidiga enheten drivs med b\u00e5de alkaliska och litiumbatterier, vilket ger flexibilitet. Starta inspelningen via knapp, nedladdning eller schema och ta det lugnt med l\u00f6senordsskyddade data f\u00f6r extra s\u00e4kerhet. Anslut dig till yrkesverksamma \u00f6ver hela v\u00e4rlden som f\u00f6rlitar sig p\u00e5 The Basic Recorder f\u00f6r korrekta och p\u00e5litliga insikter om lastens v\u00e4lbefinnande.<\/p>\n<h3><strong>Viktiga egenskaper:<\/strong><\/h3>\n<ul>\n<li><span data-preserver-spaces=\"true\">Registreringsgr\u00e4nser och larmniv\u00e5er f\u00f6r alla tre accelerationsaxlarna<\/span><\/li>\n<li><span data-preserver-spaces=\"true\">Accelerationens varaktighet f\u00f6r alla tre axlarna<\/span><\/li>\n<li><span data-preserver-spaces=\"true\">Provtagningsintervall och larmniv\u00e5 f\u00f6r temperatur<\/span><\/li>\n<li><span data-preserver-spaces=\"true\">Fungerar med b\u00e5de alkaliska och litiumbatterier<\/span><\/li>\n<li><span data-preserver-spaces=\"true\">Funktioner f\u00f6r start: Datum och tid, Start med knapp, Start vid nedladdning<\/span><\/li>\n<li><span data-preserver-spaces=\"true\">S\u00e4kerhet: L\u00f6senordsskyddade data<\/span><\/li>\n<\/ul>","protected":false},"excerpt":{"rendered":"<p>M\u00e4t och registrera st\u00f6tar och temperaturf\u00f6r\u00e4ndringar f\u00f6r upp till 10.000 m\u00e4tningar med datum och tid. Fastst\u00e4ll om dina varor uts\u00e4tts f\u00f6r f\u00f6rh\u00e5llanden som kan orsaka synliga eller dolda skador under transport och hantering. En frist\u00e5ende enhet med en batteritid p\u00e5 upp till 20 m\u00e5nader.<\/p>","protected":false},"featured_media":3440,"template":"","meta":{"_acf_changed":false,"content-type":"","inline_featured_image":false},"product_brand":[],"product_cat":[180],"product_tag":[],"class_list":{"0":"post-1565","1":"product","2":"type-product","3":"status-publish","4":"has-post-thumbnail","6":"product_cat-data-logger-legacy-products","8":"first","9":"instock","10":"shipping-taxable","11":"purchasable","12":"product-type-variable","13":"has-default-attributes"},"acf":[],"_links":{"self":[{"href":"https:\/\/mobitron.com\/sv\/wp-json\/wp\/v2\/product\/1565","targetHints":{"allow":["GET"]}}],"collection":[{"href":"https:\/\/mobitron.com\/sv\/wp-json\/wp\/v2\/product"}],"about":[{"href":"https:\/\/mobitron.com\/sv\/wp-json\/wp\/v2\/types\/product"}],"wp:featuredmedia":[{"embeddable":true,"href":"https:\/\/mobitron.com\/sv\/wp-json\/wp\/v2\/media\/3440"}],"wp:attachment":[{"href":"https:\/\/mobitron.com\/sv\/wp-json\/wp\/v2\/media?parent=1565"}],"wp:term":[{"taxonomy":"product_brand","embeddable":true,"href":"https:\/\/mobitron.com\/sv\/wp-json\/wp\/v2\/product_brand?post=1565"},{"taxonomy":"product_cat","embeddable":true,"href":"https:\/\/mobitron.com\/sv\/wp-json\/wp\/v2\/product_cat?post=1565"},{"taxonomy":"product_tag","embeddable":true,"href":"https:\/\/mobitron.com\/sv\/wp-json\/wp\/v2\/product_tag?post=1565"}],"curies":[{"name":"wp","href":"https:\/\/api.w.org\/{rel}","templated":true}]}}