{"id":74,"date":"2023-10-09T00:28:23","date_gmt":"2023-10-08T22:28:23","guid":{"rendered":"https:\/\/mobitron.com\/?page_id=74"},"modified":"2023-11-16T13:42:26","modified_gmt":"2023-11-16T12:42:26","slug":"information-om-leverantoren","status":"publish","type":"page","link":"https:\/\/mobitron.com\/sv\/provider-information\/","title":{"rendered":"Information om leverant\u00f6ren"},"content":{"rendered":"<div data-elementor-type=\"wp-page\" data-elementor-id=\"74\" class=\"elementor elementor-74\" data-elementor-post-type=\"page\">\n\t\t\t\t\t\t<section class=\"elementor-section elementor-top-section elementor-element elementor-element-332eef2 elementor-section-height-min-height elementor-section-boxed elementor-section-height-default elementor-section-items-middle\" data-id=\"332eef2\" data-element_type=\"section\" data-e-type=\"section\">\n\t\t\t\t\t\t<div class=\"elementor-container elementor-column-gap-default\">\n\t\t\t\t\t<div class=\"elementor-column elementor-col-100 elementor-top-column elementor-element elementor-element-9048b8c\" data-id=\"9048b8c\" data-element_type=\"column\" data-e-type=\"column\">\n\t\t\t<div class=\"elementor-widget-wrap elementor-element-populated\">\n\t\t\t\t\t\t<div class=\"elementor-element elementor-element-cd6c50d elementor-widget elementor-widget-heading\" data-id=\"cd6c50d\" data-element_type=\"widget\" data-e-type=\"widget\" data-widget_type=\"heading.default\">\n\t\t\t\t<div class=\"elementor-widget-container\">\n\t\t\t\t\t<h1 class=\"elementor-heading-title elementor-size-default\">Information om leverant\u00f6ren<\/h1>\t\t\t\t<\/div>\n\t\t\t\t<\/div>\n\t\t\t\t<div class=\"elementor-element elementor-element-838e4fb elementor-widget elementor-widget-text-editor\" data-id=\"838e4fb\" data-element_type=\"widget\" data-e-type=\"widget\" data-widget_type=\"text-editor.default\">\n\t\t\t\t<div class=\"elementor-widget-container\">\n\t\t\t\t\t\t\t\t\t<p>Mobitrons webbplats tillhandah\u00e5lls av Mobitron AB, ett f\u00f6retag som \u00e4r organiserat enligt svensk lag.<\/p><p>VD: Sven-Olof Olsson<br \/>Adress: Hunneryds G\u00e5rd Hunneryds G\u00e5rd 1<br \/>561 46 Huskvarna<br \/>Sverige<\/p><p>Tel: +46 36 512 25<br \/>Mail: <a href=\"mailto:info@mobitron.com\">info@mobitron.com<\/a><\/p><p>F\u00f6r fr\u00e5gor till Mobitron AB v\u00e4nligen kontakta oss.<\/p><h2>Villkor och anvisningar f\u00f6r anv\u00e4ndning<\/h2><p>Genom att g\u00e5 in p\u00e5 denna webbplats accepterar du f\u00f6ljande villkor och best\u00e4mmelser. Du \u00e4r endast beh\u00f6rig att anv\u00e4nda webbplatsen och dess tj\u00e4nster om du samtycker till att f\u00f6lja alla till\u00e4mpliga lagar och dessa villkor.<\/p><h3>Upphovsr\u00e4tt<\/h3><p>Tillst\u00e5nd att anv\u00e4nda, kopiera och distribuera dokumentationen som publiceras av Mobitron p\u00e5 denna World Wide Web-server ges h\u00e4rmed under f\u00f6ruts\u00e4ttning att varje kopia inneh\u00e5ller detta copyrightmeddelande i sin helhet och att ingen del av dokumentationen anv\u00e4nds f\u00f6r kommersiella \u00e4ndam\u00e5l utan begr\u00e4nsas till anv\u00e4ndning f\u00f6r informations\u00e4ndam\u00e5l inom en organisation.<\/p><h3>Korrektheten i den information som tillhandah\u00e5lls<\/h3><p>All information som publiceras p\u00e5 denna webbplats tillhandah\u00e5lls i befintligt skick utan n\u00e5gra som helst garantier av n\u00e5got slag, vare sig uttryckliga eller underf\u00f6rst\u00e5dda, inklusive men inte begr\u00e4nsat till underf\u00f6rst\u00e5dda garantier f\u00f6r s\u00e4ljbarhet, l\u00e4mplighet f\u00f6r ett visst \u00e4ndam\u00e5l eller icke-intr\u00e5ng. All dokumentation kan inneh\u00e5lla tekniska felaktigheter eller typografiska fel. Mobitron kan g\u00f6ra \u00e4ndringar och till\u00e4gg fr\u00e5n tid till annan till all information som finns h\u00e4ri.<\/p><h3>Mobitrons ansvar f\u00f6r information som skickas in av anv\u00e4ndare<\/h3><p>Webbplatsen fungerar som en passiv kanal f\u00f6r online-distribution av information som skickats in av anv\u00e4ndare. Mobitron kommer inte att granska information i f\u00f6rv\u00e4g och \u00e4r inte ansvarig f\u00f6r att granska eller \u00f6vervaka publicerat material. Informationen som skickas in av anv\u00e4ndare \u00e5terspeglar inte Mobitrons \u00e5sikter och Mobitron har ingen skyldighet att \u00f6vervaka, redigera eller granska information som skickas in av anv\u00e4ndare. Mobitron tar inte p\u00e5 sig n\u00e5got ansvar eller n\u00e5gon skyldighet som h\u00e4rr\u00f6r fr\u00e5n den information som anv\u00e4ndaren skickar in.<\/p><p>Vi kan lagra och behandla den information som skickas av anv\u00e4ndare p\u00e5 v\u00e5r webbplats i alla l\u00e4nder d\u00e4r Mobitron eller v\u00e5ra v\u00e4rdleverant\u00f6rer har anl\u00e4ggningar. Genom att anv\u00e4nda v\u00e5ra tj\u00e4nster samtycker du till \u00f6verf\u00f6ring av information som du skickar mellan dessa anl\u00e4ggningar, inklusive de som ligger utanf\u00f6r ditt land.<\/p><h3>L\u00e4mpligt beteende vid inl\u00e4mnande av information<\/h3><p>Information som du l\u00e4mnar m\u00e5ste vara korrekt och undvika spr\u00e5k och inneh\u00e5ll som kan uppfattas som ol\u00e4mpligt av andra anv\u00e4ndare. All information som l\u00e4ggs in m\u00e5ste f\u00f6lja lokala lagar.<\/p><p>Du \u00e4r ansvarig f\u00f6r ditt uppf\u00f6rande och din kommunikation och f\u00f6r eventuella konsekvenser d\u00e4rav. Du samtycker till att anv\u00e4nda webbplatsen endast f\u00f6r att skicka och ta emot meddelanden och material som \u00e4r lagliga, korrekta och relaterade till sammanhanget.<\/p><p>Som ett exempel, och inte som en begr\u00e4nsning, samtycker du till att n\u00e4r du anv\u00e4nder webbplatsen kommer du inte att g\u00f6ra det:<br \/>(a) f\u00f6rtala, missbruka, trakassera, f\u00f6rf\u00f6lja, hota eller p\u00e5 annat s\u00e4tt kr\u00e4nka andras lagliga r\u00e4ttigheter (s\u00e5som r\u00e4tten till privatliv och publicitet);<br \/>(b) ladda upp, publicera eller p\u00e5 annat s\u00e4tt g\u00f6ra tillg\u00e4ngligt ol\u00e4mpligt, kr\u00e4nkande, obscent eller olagligt inneh\u00e5ll;<br \/>(c) ladda upp, publicera eller p\u00e5 annat s\u00e4tt g\u00f6ra tillg\u00e4ngligt n\u00e5got inneh\u00e5ll som g\u00f6r intr\u00e5ng i patent, varum\u00e4rke, upphovsr\u00e4tt, aff\u00e4rshemlighet eller annan \u00e4gander\u00e4tt som tillh\u00f6r n\u00e5gon part, s\u00e5vida du inte \u00e4r \u00e4gare till r\u00e4ttigheterna eller har tillst\u00e5nd fr\u00e5n \u00e4garen eller annan r\u00e4ttslig grund f\u00f6r att anv\u00e4nda s\u00e5dant inneh\u00e5ll;<br \/>(d) ladda upp, publicera eller p\u00e5 annat s\u00e4tt g\u00f6ra tillg\u00e4ngligt n\u00e5got annat material, meddelande eller kommunikation som \u00e4r f\u00f6rbjudet enligt till\u00e4mplig lag, Villkoren eller andra till\u00e4mpliga policyer eller riktlinjer;<br \/>(e) ladda ner n\u00e5gon fil som publicerats av n\u00e5gon annan som du vet, eller rimligen borde veta, inte lagligen kan distribueras p\u00e5 s\u00e5dant s\u00e4tt;<br \/>(f) utge sig f\u00f6r att vara en annan person eller enhet, eller f\u00f6rfalska eller ta bort f\u00f6rfattarattribut eller \u00e4gander\u00e4ttsbeteckningar eller m\u00e4rkningar av ursprung eller k\u00e4lla till inneh\u00e5ll, programvara eller annat material;<br \/>(g) fr\u00e4mja eller tillhandah\u00e5lla instruktionsinformation om olaglig verksamhet;<br \/>(h) fr\u00e4mja fysisk skada eller skada mot n\u00e5gon grupp eller individ; eller<br \/>(i) \u00f6verf\u00f6ra virus, maskar, defekter, trojanska h\u00e4star eller andra destruktiva f\u00f6rem\u00e5l.<\/p><h3>Otillb\u00f6rlig information fr\u00e5n anv\u00e4ndare<\/h3><p>Alla anv\u00e4ndare kan rapportera felaktig, vilseledande eller kr\u00e4nkande information eller inneh\u00e5ll som inte \u00f6verensst\u00e4mmer med dessa villkor genom att kontakta systemadministrat\u00f6rerna via den l\u00e4nk som tillhandah\u00e5lls.<\/p><p>Mobitron f\u00f6rbeh\u00e5ller sig r\u00e4tten att ta bort eller \u00e4ndra information som skickats in av anv\u00e4ndare och som bryter mot dessa villkor utan n\u00e5got ansvar gentemot anv\u00e4ndaren. Mobitron f\u00f6rbeh\u00e5ller sig r\u00e4tten att utest\u00e4nga anv\u00e4ndare och f\u00f6rhindra deras fortsatta tillg\u00e5ng till tj\u00e4nsten om de bryter mot villkoren eller lagen.<\/p><h3>Dina r\u00e4ttigheter<\/h3><p>Mobitron h\u00e4vdar ingen \u00e4gander\u00e4tt eller kontroll \u00f6ver n\u00e5got inneh\u00e5ll som du skickar in. Du eller en tredjepartslicensgivare, beroende p\u00e5 vad som \u00e4r l\u00e4mpligt, beh\u00e5ller alla patent, varum\u00e4rken och upphovsr\u00e4tt till all information du tillhandah\u00e5ller och du \u00e4r ansvarig f\u00f6r att skydda dessa r\u00e4ttigheter. Genom att skicka in data ger du Mobitron en v\u00e4rldsomsp\u00e4nnande, icke-exklusiv, royaltyfri licens att reproducera, anpassa och publicera informationen f\u00f6r visning och distribution. Denna licens upph\u00f6r att g\u00e4lla n\u00e4r s\u00e5dan information raderas fr\u00e5n webbplatsen.<\/p><h3>Integritet<\/h3><p>Mobitron anser att integritet \u00e4r en viktig fr\u00e5ga, s\u00e5 vi bygger och driver v\u00e5ra webbtj\u00e4nster med h\u00e4nsyn tagen till integritetsskyddet. Se v\u00e5r sekretesspolicy f\u00f6r mer information.<\/p>\t\t\t\t\t\t\t\t<\/div>\n\t\t\t\t<\/div>\n\t\t\t\t\t<\/div>\n\t\t<\/div>\n\t\t\t\t\t<\/div>\n\t\t<\/section>\n\t\t\t\t<\/div>","protected":false},"excerpt":{"rendered":"<p>Provider information The Mobitron website is provided by Mobitron AB, a company organized under the laws of Sweden. CEO: Sven-Olof OlssonAddress: Hunneryds G\u00e5rd 1561 46 HuskvarnaSweden Tel: +46 36 512 25Mail: info@mobitron.com For questions to Mobitron AB please contact us. Terms and Conditions of Use By accessing this site, you accept the following Terms and [&hellip;]<\/p>\n","protected":false},"author":2,"featured_media":0,"parent":0,"menu_order":0,"comment_status":"closed","ping_status":"closed","template":"elementor_header_footer","meta":{"_acf_changed":false,"content-type":"","inline_featured_image":false,"footnotes":""},"class_list":["post-74","page","type-page","status-publish","hentry"],"acf":[],"_links":{"self":[{"href":"https:\/\/mobitron.com\/sv\/wp-json\/wp\/v2\/pages\/74","targetHints":{"allow":["GET"]}}],"collection":[{"href":"https:\/\/mobitron.com\/sv\/wp-json\/wp\/v2\/pages"}],"about":[{"href":"https:\/\/mobitron.com\/sv\/wp-json\/wp\/v2\/types\/page"}],"author":[{"embeddable":true,"href":"https:\/\/mobitron.com\/sv\/wp-json\/wp\/v2\/users\/2"}],"replies":[{"embeddable":true,"href":"https:\/\/mobitron.com\/sv\/wp-json\/wp\/v2\/comments?post=74"}],"version-history":[{"count":13,"href":"https:\/\/mobitron.com\/sv\/wp-json\/wp\/v2\/pages\/74\/revisions"}],"predecessor-version":[{"id":3451,"href":"https:\/\/mobitron.com\/sv\/wp-json\/wp\/v2\/pages\/74\/revisions\/3451"}],"wp:attachment":[{"href":"https:\/\/mobitron.com\/sv\/wp-json\/wp\/v2\/media?parent=74"}],"curies":[{"name":"wp","href":"https:\/\/api.w.org\/{rel}","templated":true}]}}