{"id":71,"date":"2023-10-09T00:27:41","date_gmt":"2023-10-08T22:27:41","guid":{"rendered":"https:\/\/mobitron.com\/?page_id=71"},"modified":"2024-11-14T10:01:57","modified_gmt":"2024-11-14T09:01:57","slug":"certifieringar","status":"publish","type":"page","link":"https:\/\/mobitron.com\/sv\/certifications\/","title":{"rendered":"Certifieringar"},"content":{"rendered":"<div data-elementor-type=\"wp-page\" data-elementor-id=\"71\" class=\"elementor elementor-71\" data-elementor-post-type=\"page\">\n\t\t\t\t\t\t<section class=\"elementor-section elementor-top-section elementor-element elementor-element-73e29c8 elementor-section-boxed elementor-section-height-default elementor-section-height-default\" data-id=\"73e29c8\" data-element_type=\"section\" data-e-type=\"section\" data-settings=\"{&quot;background_background&quot;:&quot;classic&quot;}\">\n\t\t\t\t\t\t<div class=\"elementor-container elementor-column-gap-default\">\n\t\t\t\t\t<div class=\"elementor-column elementor-col-50 elementor-top-column elementor-element elementor-element-8751ba9\" data-id=\"8751ba9\" data-element_type=\"column\" data-e-type=\"column\">\n\t\t\t<div class=\"elementor-widget-wrap elementor-element-populated\">\n\t\t\t\t\t\t<div class=\"elementor-element elementor-element-7b33790 elementor-widget elementor-widget-heading\" data-id=\"7b33790\" data-element_type=\"widget\" data-e-type=\"widget\" data-widget_type=\"heading.default\">\n\t\t\t\t<div class=\"elementor-widget-container\">\n\t\t\t\t\t<p class=\"elementor-heading-title elementor-size-default\">V\u00e5rt engagemang f\u00f6r etik, kvalitet och milj\u00f6!<\/p>\t\t\t\t<\/div>\n\t\t\t\t<\/div>\n\t\t\t\t<div class=\"elementor-element elementor-element-1a6483d elementor-widget elementor-widget-heading\" data-id=\"1a6483d\" data-element_type=\"widget\" data-e-type=\"widget\" data-widget_type=\"heading.default\">\n\t\t\t\t<div class=\"elementor-widget-container\">\n\t\t\t\t\t<h1 class=\"elementor-heading-title elementor-size-default\">Vi \u00e4r certifierade!<\/h1>\t\t\t\t<\/div>\n\t\t\t\t<\/div>\n\t\t\t\t<div class=\"elementor-element elementor-element-4dc1bfa elementor-widget elementor-widget-text-editor\" data-id=\"4dc1bfa\" data-element_type=\"widget\" data-e-type=\"widget\" data-widget_type=\"text-editor.default\">\n\t\t\t\t<div class=\"elementor-widget-container\">\n\t\t\t\t\t\t\t\t\t<p>P\u00e5 Mobitron AB fokuserar vi p\u00e5 att leverera produkter och tj\u00e4nster av h\u00f6g kvalitet. F\u00f6r att uppfylla detta \u00e5tagande har vi implementerat ett aff\u00e4rshanteringssystem (BMS) som f\u00f6ljer de internationella standarderna ISO 9001:2015 och ISO 14001:2015.<\/p>\t\t\t\t\t\t\t\t<\/div>\n\t\t\t\t<\/div>\n\t\t\t\t<div class=\"elementor-element elementor-element-a3f526b elementor-widget-mobile__width-inherit elementor-widget elementor-widget-button\" data-id=\"a3f526b\" data-element_type=\"widget\" data-e-type=\"widget\" data-widget_type=\"button.default\">\n\t\t\t\t<div class=\"elementor-widget-container\">\n\t\t\t\t\t\t\t\t\t<div class=\"elementor-button-wrapper\">\n\t\t\t\t\t<a class=\"elementor-button elementor-button-link elementor-size-sm\" href=\"https:\/\/mobitron.com\/sv\/about-us\/\">\n\t\t\t\t\t\t<span class=\"elementor-button-content-wrapper\">\n\t\t\t\t\t\t\t\t\t<span class=\"elementor-button-text\">Om mobitron<\/span>\n\t\t\t\t\t<\/span>\n\t\t\t\t\t<\/a>\n\t\t\t\t<\/div>\n\t\t\t\t\t\t\t\t<\/div>\n\t\t\t\t<\/div>\n\t\t\t\t\t<\/div>\n\t\t<\/div>\n\t\t\t\t<div class=\"elementor-column elementor-col-50 elementor-top-column elementor-element elementor-element-bc765ba elementor-hidden-mobile\" data-id=\"bc765ba\" data-element_type=\"column\" data-e-type=\"column\">\n\t\t\t<div class=\"elementor-widget-wrap elementor-element-populated\">\n\t\t\t\t\t\t<div class=\"elementor-element elementor-element-e3ad816 elementor-invisible elementor-widget elementor-widget-image\" data-id=\"e3ad816\" data-element_type=\"widget\" data-e-type=\"widget\" data-settings=\"{&quot;_animation&quot;:&quot;fadeInRight&quot;}\" data-widget_type=\"image.default\">\n\t\t\t\t<div class=\"elementor-widget-container\">\n\t\t\t\t\t\t\t\t\t\t\t\t\t\t\t<img fetchpriority=\"high\" decoding=\"async\" width=\"800\" height=\"534\" src=\"https:\/\/mobitron.com\/wp-content\/uploads\/2023\/10\/Certified.svg\" class=\"attachment-large size-large wp-image-615\" alt=\"Certifierad\" \/>\t\t\t\t\t\t\t\t\t\t\t\t\t\t\t<\/div>\n\t\t\t\t<\/div>\n\t\t\t\t\t<\/div>\n\t\t<\/div>\n\t\t\t\t\t<\/div>\n\t\t<\/section>\n\t\t\t\t<section class=\"elementor-section elementor-top-section elementor-element elementor-element-3a761cd elementor-section-boxed elementor-section-height-default elementor-section-height-default\" data-id=\"3a761cd\" data-element_type=\"section\" data-e-type=\"section\">\n\t\t\t\t\t\t<div class=\"elementor-container elementor-column-gap-default\">\n\t\t\t\t\t<div class=\"elementor-column elementor-col-100 elementor-top-column elementor-element elementor-element-5fecb11\" data-id=\"5fecb11\" data-element_type=\"column\" data-e-type=\"column\">\n\t\t\t<div class=\"elementor-widget-wrap elementor-element-populated\">\n\t\t\t\t\t\t<div class=\"elementor-element elementor-element-8d26a7d elementor-widget elementor-widget-heading\" data-id=\"8d26a7d\" data-element_type=\"widget\" data-e-type=\"widget\" data-widget_type=\"heading.default\">\n\t\t\t\t<div class=\"elementor-widget-container\">\n\t\t\t\t\t<h2 class=\"elementor-heading-title elementor-size-default\">Kvalitets- och milj\u00f6ledningssystem<\/h2>\t\t\t\t<\/div>\n\t\t\t\t<\/div>\n\t\t\t\t<section class=\"elementor-section elementor-inner-section elementor-element elementor-element-dc72e9a elementor-section-height-min-height elementor-section-boxed elementor-section-height-default\" data-id=\"dc72e9a\" data-element_type=\"section\" data-e-type=\"section\">\n\t\t\t\t\t\t<div class=\"elementor-container elementor-column-gap-default\">\n\t\t\t\t\t<div class=\"elementor-column elementor-col-50 elementor-inner-column elementor-element elementor-element-19e8f29\" data-id=\"19e8f29\" data-element_type=\"column\" data-e-type=\"column\" data-settings=\"{&quot;background_background&quot;:&quot;classic&quot;}\">\n\t\t\t<div class=\"elementor-widget-wrap elementor-element-populated\">\n\t\t\t\t\t\t<div class=\"elementor-element elementor-element-05edfd3 elementor-widget elementor-widget-image\" data-id=\"05edfd3\" data-element_type=\"widget\" data-e-type=\"widget\" data-widget_type=\"image.default\">\n\t\t\t\t<div class=\"elementor-widget-container\">\n\t\t\t\t\t\t\t\t\t\t\t\t\t\t\t<img decoding=\"async\" width=\"800\" height=\"800\" src=\"https:\/\/mobitron.com\/wp-content\/uploads\/2023\/10\/cert1.svg\" class=\"attachment-large size-large wp-image-577\" alt=\"cert1\" \/>\t\t\t\t\t\t\t\t\t\t\t\t\t\t\t<\/div>\n\t\t\t\t<\/div>\n\t\t\t\t<div class=\"elementor-element elementor-element-330a8fa elementor-widget elementor-widget-heading\" data-id=\"330a8fa\" data-element_type=\"widget\" data-e-type=\"widget\" data-widget_type=\"heading.default\">\n\t\t\t\t<div class=\"elementor-widget-container\">\n\t\t\t\t\t<h2 class=\"elementor-heading-title elementor-size-default\">ISO 9001:2015<\/h2>\t\t\t\t<\/div>\n\t\t\t\t<\/div>\n\t\t\t\t<div class=\"elementor-element elementor-element-865bec1 elementor-widget elementor-widget-text-editor\" data-id=\"865bec1\" data-element_type=\"widget\" data-e-type=\"widget\" data-widget_type=\"text-editor.default\">\n\t\t\t\t<div class=\"elementor-widget-container\">\n\t\t\t\t\t\t\t\t\t<p>Denna standard avser kvalitetsledningssystem. Den beskriver kraven f\u00f6r att uppr\u00e4tta och underh\u00e5lla ett kvalitetsledningssystem inom en organisation, med betoning p\u00e5 kundtillfredsst\u00e4llelse, st\u00e4ndiga f\u00f6rb\u00e4ttringar och uppfyllande av kund- och myndighetskrav. <a href=\"https:\/\/www.iso.org\/home.html\" target=\"_blank\" rel=\"noopener\">(ISO)<\/a>.<\/p>\t\t\t\t\t\t\t\t<\/div>\n\t\t\t\t<\/div>\n\t\t\t\t\t<\/div>\n\t\t<\/div>\n\t\t\t\t<div class=\"elementor-column elementor-col-50 elementor-inner-column elementor-element elementor-element-195a3f3\" data-id=\"195a3f3\" data-element_type=\"column\" data-e-type=\"column\" data-settings=\"{&quot;background_background&quot;:&quot;classic&quot;}\">\n\t\t\t<div class=\"elementor-widget-wrap elementor-element-populated\">\n\t\t\t\t\t\t<div class=\"elementor-element elementor-element-e713647 elementor-widget elementor-widget-image\" data-id=\"e713647\" data-element_type=\"widget\" data-e-type=\"widget\" data-widget_type=\"image.default\">\n\t\t\t\t<div class=\"elementor-widget-container\">\n\t\t\t\t\t\t\t\t\t\t\t\t\t\t\t<img decoding=\"async\" width=\"800\" height=\"800\" src=\"https:\/\/mobitron.com\/wp-content\/uploads\/2023\/10\/cert2.svg\" class=\"attachment-large size-large wp-image-576\" alt=\"cert2\" \/>\t\t\t\t\t\t\t\t\t\t\t\t\t\t\t<\/div>\n\t\t\t\t<\/div>\n\t\t\t\t<div class=\"elementor-element elementor-element-8db1fee elementor-widget elementor-widget-heading\" data-id=\"8db1fee\" data-element_type=\"widget\" data-e-type=\"widget\" data-widget_type=\"heading.default\">\n\t\t\t\t<div class=\"elementor-widget-container\">\n\t\t\t\t\t<h2 class=\"elementor-heading-title elementor-size-default\">ISO 14001:2015<\/h2>\t\t\t\t<\/div>\n\t\t\t\t<\/div>\n\t\t\t\t<div class=\"elementor-element elementor-element-bb7453a elementor-widget elementor-widget-text-editor\" data-id=\"bb7453a\" data-element_type=\"widget\" data-e-type=\"widget\" data-widget_type=\"text-editor.default\">\n\t\t\t\t<div class=\"elementor-widget-container\">\n\t\t\t\t\t\t\t\t\t<p>Standarden ISO 14001 avser milj\u00f6ledningssystem. Den beskriver kraven f\u00f6r att en organisation ska kunna hantera sitt milj\u00f6ansvar och tar upp fr\u00e5gor som resursanv\u00e4ndning, avfallshantering och minskning av milj\u00f6p\u00e5verkan. <a href=\"https:\/\/www.iso.org\/home.html\" target=\"_blank\" rel=\"noopener\">(ISO)<\/a>.<\/p>\t\t\t\t\t\t\t\t<\/div>\n\t\t\t\t<\/div>\n\t\t\t\t\t<\/div>\n\t\t<\/div>\n\t\t\t\t\t<\/div>\n\t\t<\/section>\n\t\t\t\t<section class=\"elementor-section elementor-inner-section elementor-element elementor-element-c24134d elementor-section-height-min-height elementor-section-boxed elementor-section-height-default\" data-id=\"c24134d\" data-element_type=\"section\" data-e-type=\"section\">\n\t\t\t\t\t\t<div class=\"elementor-container elementor-column-gap-default\">\n\t\t\t\t\t<div class=\"elementor-column elementor-col-50 elementor-inner-column elementor-element elementor-element-e495979\" data-id=\"e495979\" data-element_type=\"column\" data-e-type=\"column\" data-settings=\"{&quot;background_background&quot;:&quot;classic&quot;}\">\n\t\t\t<div class=\"elementor-widget-wrap elementor-element-populated\">\n\t\t\t\t\t\t<div class=\"elementor-element elementor-element-a048ec9 elementor-widget elementor-widget-image\" data-id=\"a048ec9\" data-element_type=\"widget\" data-e-type=\"widget\" data-widget_type=\"image.default\">\n\t\t\t\t<div class=\"elementor-widget-container\">\n\t\t\t\t\t\t\t\t\t\t\t\t\t\t\t<img loading=\"lazy\" decoding=\"async\" width=\"800\" height=\"816\" src=\"https:\/\/mobitron.com\/wp-content\/uploads\/2023\/11\/ReachCompliant_white_7e4a0716-8ad2-4c7b-bbb0-121b69b48d81.svg\" class=\"attachment-large size-large wp-image-3156\" alt=\"ReachCompliant vit 7e4a0716 8ad2 4c7b bbb0 121b69b48d81\" \/>\t\t\t\t\t\t\t\t\t\t\t\t\t\t\t<\/div>\n\t\t\t\t<\/div>\n\t\t\t\t<div class=\"elementor-element elementor-element-164d3aa elementor-widget elementor-widget-heading\" data-id=\"164d3aa\" data-element_type=\"widget\" data-e-type=\"widget\" data-widget_type=\"heading.default\">\n\t\t\t\t<div class=\"elementor-widget-container\">\n\t\t\t\t\t<h2 class=\"elementor-heading-title elementor-size-default\">REACH<\/h2>\t\t\t\t<\/div>\n\t\t\t\t<\/div>\n\t\t\t\t<div class=\"elementor-element elementor-element-f363088 elementor-widget elementor-widget-text-editor\" data-id=\"f363088\" data-element_type=\"widget\" data-e-type=\"widget\" data-widget_type=\"text-editor.default\">\n\t\t\t\t<div class=\"elementor-widget-container\">\n\t\t\t\t\t\t\t\t\t<p>Reglering av produktion och anv\u00e4ndning av kemiska \u00e4mnen inom EU. Det prim\u00e4ra m\u00e5let \u00e4r att s\u00e4kerst\u00e4lla en h\u00f6g skyddsniv\u00e5 f\u00f6r m\u00e4nniskors h\u00e4lsa och milj\u00f6n mot de risker som \u00e4r f\u00f6rknippade med kemikalier. REACH kr\u00e4ver att f\u00f6retag registrerar och fr\u00e4mjar alternativa metoder f\u00f6r riskbed\u00f6mning av \u00e4mnen f\u00f6r att minska antalet tester p\u00e5 djur. <a href=\"https:\/\/echa.europa.eu\/regulations\/reach\/understanding-reach\" target=\"_blank\" rel=\"noopener\">(REACH)<\/a>.<\/p>\t\t\t\t\t\t\t\t<\/div>\n\t\t\t\t<\/div>\n\t\t\t\t\t<\/div>\n\t\t<\/div>\n\t\t\t\t<div class=\"elementor-column elementor-col-50 elementor-inner-column elementor-element elementor-element-8101e6c\" data-id=\"8101e6c\" data-element_type=\"column\" data-e-type=\"column\" data-settings=\"{&quot;background_background&quot;:&quot;classic&quot;}\">\n\t\t\t<div class=\"elementor-widget-wrap elementor-element-populated\">\n\t\t\t\t\t\t<div class=\"elementor-element elementor-element-3ae2dc9 elementor-widget elementor-widget-image\" data-id=\"3ae2dc9\" data-element_type=\"widget\" data-e-type=\"widget\" data-widget_type=\"image.default\">\n\t\t\t\t<div class=\"elementor-widget-container\">\n\t\t\t\t\t\t\t\t\t\t\t\t\t\t\t<img loading=\"lazy\" decoding=\"async\" width=\"800\" height=\"816\" src=\"https:\/\/mobitron.com\/wp-content\/uploads\/2023\/11\/RoHSCompliant_white_0302fc5d-c244-43ac-b33f-edfbf18652fe.svg\" class=\"attachment-large size-large wp-image-3155\" alt=\"RoHS-kompatibel vit 0302fc5d c244 43ac b33f edfbf18652fe\" \/>\t\t\t\t\t\t\t\t\t\t\t\t\t\t\t<\/div>\n\t\t\t\t<\/div>\n\t\t\t\t<div class=\"elementor-element elementor-element-ac27782 elementor-widget elementor-widget-heading\" data-id=\"ac27782\" data-element_type=\"widget\" data-e-type=\"widget\" data-widget_type=\"heading.default\">\n\t\t\t\t<div class=\"elementor-widget-container\">\n\t\t\t\t\t<h2 class=\"elementor-heading-title elementor-size-default\">RoHS<\/h2>\t\t\t\t<\/div>\n\t\t\t\t<\/div>\n\t\t\t\t<div class=\"elementor-element elementor-element-24f5296 elementor-widget elementor-widget-text-editor\" data-id=\"24f5296\" data-element_type=\"widget\" data-e-type=\"widget\" data-widget_type=\"text-editor.default\">\n\t\t\t\t<div class=\"elementor-widget-container\">\n\t\t\t\t\t\t\t\t\t<p>Detta direktiv begr\u00e4nsar vissa farliga \u00e4mnen i elektrisk och elektronisk utrustning som bly, kvicksilver, kadmium och andra. RoHS syftar till att fr\u00e4mja milj\u00f6v\u00e4nliga och s\u00e4krare produktionsmetoder inom elektronikindustrin. <a href=\"https:\/\/environment.ec.europa.eu\/topics\/waste-and-recycling\/rohs-directive_en\" target=\"_blank\" rel=\"noopener\">(RoHS)<\/a>.<\/p>\t\t\t\t\t\t\t\t<\/div>\n\t\t\t\t<\/div>\n\t\t\t\t\t<\/div>\n\t\t<\/div>\n\t\t\t\t\t<\/div>\n\t\t<\/section>\n\t\t\t\t<div class=\"elementor-element elementor-element-478ca90 elementor-align-center elementor-widget elementor-widget-button\" data-id=\"478ca90\" data-element_type=\"widget\" data-e-type=\"widget\" data-widget_type=\"button.default\">\n\t\t\t\t<div class=\"elementor-widget-container\">\n\t\t\t\t\t\t\t\t\t<div class=\"elementor-button-wrapper\">\n\t\t\t\t\t<a class=\"elementor-button elementor-button-link elementor-size-sm\" href=\"https:\/\/mobitron.com\/wp-content\/uploads\/2024\/11\/2124-Mobitron-AB-en-2024.pdf\" target=\"_blank\">\n\t\t\t\t\t\t<span class=\"elementor-button-content-wrapper\">\n\t\t\t\t\t\t\t\t\t<span class=\"elementor-button-text\">Certifikat<\/span>\n\t\t\t\t\t<\/span>\n\t\t\t\t\t<\/a>\n\t\t\t\t<\/div>\n\t\t\t\t\t\t\t\t<\/div>\n\t\t\t\t<\/div>\n\t\t\t\t<section class=\"elementor-section elementor-inner-section elementor-element elementor-element-0a7d44e elementor-section-boxed elementor-section-height-default elementor-section-height-default\" data-id=\"0a7d44e\" data-element_type=\"section\" data-e-type=\"section\">\n\t\t\t\t\t\t<div class=\"elementor-container elementor-column-gap-default\">\n\t\t\t\t\t<div class=\"elementor-column elementor-col-100 elementor-inner-column elementor-element elementor-element-9bbf9b8\" data-id=\"9bbf9b8\" data-element_type=\"column\" data-e-type=\"column\">\n\t\t\t<div class=\"elementor-widget-wrap elementor-element-populated\">\n\t\t\t\t\t\t<div class=\"elementor-element elementor-element-2eb95b3 elementor-widget elementor-widget-heading\" data-id=\"2eb95b3\" data-element_type=\"widget\" data-e-type=\"widget\" data-widget_type=\"heading.default\">\n\t\t\t\t<div class=\"elementor-widget-container\">\n\t\t\t\t\t<h2 class=\"elementor-heading-title elementor-size-default\">Policy f\u00f6r konfliktmineraler<\/h2>\t\t\t\t<\/div>\n\t\t\t\t<\/div>\n\t\t\t\t<div class=\"elementor-element elementor-element-0fc20d0 elementor-widget elementor-widget-text-editor\" data-id=\"0fc20d0\" data-element_type=\"widget\" data-e-type=\"widget\" data-widget_type=\"text-editor.default\">\n\t\t\t\t<div class=\"elementor-widget-container\">\n\t\t\t\t\t\t\t\t\t<p>Under de senaste \u00e5ren har medvetenheten om den extremt v\u00e5ldsamma konflikten i Demokratiska republiken Kongo (DRK) och n\u00e4rliggande l\u00e4nder \u00f6kat. Konfliktmineraler - s\u00e5som tantal, tenn, volfram och guld - s\u00e4ljs ibland av v\u00e4pnade grupper f\u00f6r att finansiera denna konflikt. Du kan l\u00e4sa mer om detta p\u00e5 <a style=\"color: #000000; text-decoration: underline;\" href=\"https:\/\/www.oecd.org\/daf\/inv\/mne\/mining.htm\" target=\"_blank\" rel=\"noopener\">OECD:s riktlinjer f\u00f6r ansvarsfulla leveranskedjor f\u00f6r mineraler fr\u00e5n konfliktdrabbade omr\u00e5den och h\u00f6griskomr\u00e5den (OECD Diligence Guidance for Responsible Supply Chains of Minerals from Conflict-Affected and High-Risk Areas)<\/a><\/p><p>Som en del av Mobitrons \u00e5tagande om f\u00f6retagsansvar och respekt f\u00f6r m\u00e4nskliga r\u00e4ttigheter i v\u00e5r verksamhet och i v\u00e5r internationella leveranskedja \u00e4r det v\u00e5rt m\u00e5l att anv\u00e4nda konfliktmineraler som \u00e4r \u201cDRC-konfliktfria\u201d.<\/p>\t\t\t\t\t\t\t\t<\/div>\n\t\t\t\t<\/div>\n\t\t\t\t<div class=\"elementor-element elementor-element-10f2f62 elementor-align-center elementor-tablet-align-left elementor-widget elementor-widget-button\" data-id=\"10f2f62\" data-element_type=\"widget\" data-e-type=\"widget\" data-widget_type=\"button.default\">\n\t\t\t\t<div class=\"elementor-widget-container\">\n\t\t\t\t\t\t\t\t\t<div class=\"elementor-button-wrapper\">\n\t\t\t\t\t<a class=\"elementor-button elementor-button-link elementor-size-sm\" href=\"https:\/\/mobitron.com\/wp-content\/uploads\/2023\/11\/mobitron-conflict-mineral-sourcing-polic.pdf\" target=\"_blank\">\n\t\t\t\t\t\t<span class=\"elementor-button-content-wrapper\">\n\t\t\t\t\t\t\t\t\t<span class=\"elementor-button-text\">Visa policy<\/span>\n\t\t\t\t\t<\/span>\n\t\t\t\t\t<\/a>\n\t\t\t\t<\/div>\n\t\t\t\t\t\t\t\t<\/div>\n\t\t\t\t<\/div>\n\t\t\t\t\t<\/div>\n\t\t<\/div>\n\t\t\t\t\t<\/div>\n\t\t<\/section>\n\t\t\t\t<section class=\"elementor-section elementor-inner-section elementor-element elementor-element-2789665 elementor-section-boxed elementor-section-height-default elementor-section-height-default\" data-id=\"2789665\" data-element_type=\"section\" data-e-type=\"section\">\n\t\t\t\t\t\t<div class=\"elementor-container elementor-column-gap-default\">\n\t\t\t\t\t<div class=\"elementor-column elementor-col-100 elementor-inner-column elementor-element elementor-element-1118087\" data-id=\"1118087\" data-element_type=\"column\" data-e-type=\"column\">\n\t\t\t<div class=\"elementor-widget-wrap elementor-element-populated\">\n\t\t\t\t\t\t<div class=\"elementor-element elementor-element-481cb9d elementor-widget elementor-widget-heading\" data-id=\"481cb9d\" data-element_type=\"widget\" data-e-type=\"widget\" data-widget_type=\"heading.default\">\n\t\t\t\t<div class=\"elementor-widget-container\">\n\t\t\t\t\t<h2 class=\"elementor-heading-title elementor-size-default\">H\u00f6gsta kreditbetyg<\/h2>\t\t\t\t<\/div>\n\t\t\t\t<\/div>\n\t\t\t\t<div class=\"elementor-element elementor-element-0357906 elementor-widget elementor-widget-text-editor\" data-id=\"0357906\" data-element_type=\"widget\" data-e-type=\"widget\" data-widget_type=\"text-editor.default\">\n\t\t\t\t<div class=\"elementor-widget-container\">\n\t\t\t\t\t\t\t\t\t<p>Bisnode har tilldelat oss AAA-certifiering f\u00f6r kvalitet. Denna certifiering utv\u00e4rderar f\u00f6retagens finansiella stabilitet och aff\u00e4rsm\u00e4ssiga tillf\u00f6rlitlighet genom ett internationellt erk\u00e4nt system. MOBITRON AB har sedan 2007 konsekvent uppr\u00e4tth\u00e5llit h\u00f6gsta kreditv\u00e4rdighet enligt Bisnodes kreditv\u00e4rderingssystem. Ett f\u00f6retag med silverdiplom har uppr\u00e4tth\u00e5llit h\u00f6gsta kreditv\u00e4rdighet i minst tio \u00e5r.<\/p>\t\t\t\t\t\t\t\t<\/div>\n\t\t\t\t<\/div>\n\t\t\t\t\t<\/div>\n\t\t<\/div>\n\t\t\t\t\t<\/div>\n\t\t<\/section>\n\t\t\t\t\t<\/div>\n\t\t<\/div>\n\t\t\t\t\t<\/div>\n\t\t<\/section>\n\t\t\t\t<\/div>","protected":false},"excerpt":{"rendered":"<p>Our commitment to ethics, quality, and environment! We are certified! At Mobitron AB, our focus is on delivering high-quality products and services. To fulfill this commitment, we have implemented a Business Management System (BMS) adhering to the international standards of ISO 9001:2015 and ISO 14001:2015. About mobitron Quality and Environmental Management System ISO 9001:2015 This [&hellip;]<\/p>\n","protected":false},"author":2,"featured_media":0,"parent":0,"menu_order":0,"comment_status":"closed","ping_status":"closed","template":"elementor_header_footer","meta":{"_acf_changed":false,"content-type":"","inline_featured_image":false,"footnotes":""},"class_list":["post-71","page","type-page","status-publish","hentry"],"acf":[],"_links":{"self":[{"href":"https:\/\/mobitron.com\/sv\/wp-json\/wp\/v2\/pages\/71","targetHints":{"allow":["GET"]}}],"collection":[{"href":"https:\/\/mobitron.com\/sv\/wp-json\/wp\/v2\/pages"}],"about":[{"href":"https:\/\/mobitron.com\/sv\/wp-json\/wp\/v2\/types\/page"}],"author":[{"embeddable":true,"href":"https:\/\/mobitron.com\/sv\/wp-json\/wp\/v2\/users\/2"}],"replies":[{"embeddable":true,"href":"https:\/\/mobitron.com\/sv\/wp-json\/wp\/v2\/comments?post=71"}],"version-history":[{"count":37,"href":"https:\/\/mobitron.com\/sv\/wp-json\/wp\/v2\/pages\/71\/revisions"}],"predecessor-version":[{"id":5603,"href":"https:\/\/mobitron.com\/sv\/wp-json\/wp\/v2\/pages\/71\/revisions\/5603"}],"wp:attachment":[{"href":"https:\/\/mobitron.com\/sv\/wp-json\/wp\/v2\/media?parent=71"}],"curies":[{"name":"wp","href":"https:\/\/api.w.org\/{rel}","templated":true}]}}