{"id":109,"date":"2023-10-09T00:39:38","date_gmt":"2023-10-08T22:39:38","guid":{"rendered":"https:\/\/mobitron.com\/?page_id=109"},"modified":"2023-11-21T15:07:07","modified_gmt":"2023-11-21T14:07:07","slug":"molnanslutning","status":"publish","type":"page","link":"https:\/\/mobitron.com\/sv\/cloud-connect\/","title":{"rendered":"Anslut till molnet"},"content":{"rendered":"<div data-elementor-type=\"wp-page\" data-elementor-id=\"109\" class=\"elementor elementor-109\" data-elementor-post-type=\"page\">\n\t\t\t\t\t\t<section class=\"elementor-section elementor-top-section elementor-element elementor-element-7b4343a elementor-section-height-min-height elementor-section-boxed elementor-section-height-default elementor-section-items-middle\" data-id=\"7b4343a\" data-element_type=\"section\" data-e-type=\"section\" data-settings=\"{&quot;background_background&quot;:&quot;classic&quot;}\">\n\t\t\t\t\t\t<div class=\"elementor-container elementor-column-gap-default\">\n\t\t\t\t\t<div class=\"elementor-column elementor-col-50 elementor-top-column elementor-element elementor-element-0a5fb2a\" data-id=\"0a5fb2a\" data-element_type=\"column\" data-e-type=\"column\">\n\t\t\t<div class=\"elementor-widget-wrap elementor-element-populated\">\n\t\t\t\t\t\t<div class=\"elementor-element elementor-element-56cc464 elementor-widget elementor-widget-heading\" data-id=\"56cc464\" data-element_type=\"widget\" data-e-type=\"widget\" data-widget_type=\"heading.default\">\n\t\t\t\t<div class=\"elementor-widget-container\">\n\t\t\t\t\t<p class=\"elementor-heading-title elementor-size-default\">Digitala tj\u00e4nster &amp; uppkoppling<\/p>\t\t\t\t<\/div>\n\t\t\t\t<\/div>\n\t\t\t\t<div class=\"elementor-element elementor-element-8be6e1a elementor-widget elementor-widget-heading\" data-id=\"8be6e1a\" data-element_type=\"widget\" data-e-type=\"widget\" data-widget_type=\"heading.default\">\n\t\t\t\t<div class=\"elementor-widget-container\">\n\t\t\t\t\t<h1 class=\"elementor-heading-title elementor-size-default\">Cargolog\u00ae Connect<\/h1>\t\t\t\t<\/div>\n\t\t\t\t<\/div>\n\t\t\t\t<div class=\"elementor-element elementor-element-da1cf40 elementor-widget elementor-widget-text-editor\" data-id=\"da1cf40\" data-element_type=\"widget\" data-e-type=\"widget\" data-widget_type=\"text-editor.default\">\n\t\t\t\t<div class=\"elementor-widget-container\">\n\t\t\t\t\t\t\t\t\t<p>Uppt\u00e4ck kraften i Internet of Things (IoT) och anslutna produkter med CloudConnect. Denna digitala tj\u00e4nst ansluter Cargolog\u00ae-enheten till Cargolog\u00ae Connect och utnyttjar telematik och data\u00f6verf\u00f6ring i realtid. F\u00e5 v\u00e4rdefulla insikter om lastens plats, f\u00f6rh\u00e5llanden och andra viktiga data f\u00f6r en mer intelligent och avancerad transport\u00f6vervakning under transporten. Omfamna framtiden f\u00f6r last\u00f6vervakning med Cloud Connect.<\/p>\t\t\t\t\t\t\t\t<\/div>\n\t\t\t\t<\/div>\n\t\t\t\t<div class=\"elementor-element elementor-element-e410bf6 elementor-widget__width-inherit elementor-widget elementor-widget-button\" data-id=\"e410bf6\" data-element_type=\"widget\" data-e-type=\"widget\" data-widget_type=\"button.default\">\n\t\t\t\t<div class=\"elementor-widget-container\">\n\t\t\t\t\t\t\t\t\t<div class=\"elementor-button-wrapper\">\n\t\t\t\t\t<a class=\"elementor-button elementor-button-link elementor-size-sm\" href=\"https:\/\/meetings.hubspot.com\/mobitron\/meeting-link-website\" target=\"_blank\" rel=\"noopener\">\n\t\t\t\t\t\t<span class=\"elementor-button-content-wrapper\">\n\t\t\t\t\t\t\t\t\t<span class=\"elementor-button-text\">Boka demo<\/span>\n\t\t\t\t\t<\/span>\n\t\t\t\t\t<\/a>\n\t\t\t\t<\/div>\n\t\t\t\t\t\t\t\t<\/div>\n\t\t\t\t<\/div>\n\t\t\t\t\t<\/div>\n\t\t<\/div>\n\t\t\t\t<div class=\"elementor-column elementor-col-50 elementor-top-column elementor-element elementor-element-1b2d6a4 elementor-hidden-tablet elementor-hidden-mobile\" data-id=\"1b2d6a4\" data-element_type=\"column\" data-e-type=\"column\">\n\t\t\t<div class=\"elementor-widget-wrap elementor-element-populated\">\n\t\t\t\t\t\t<div class=\"elementor-element elementor-element-3e7d158 elementor-invisible elementor-widget elementor-widget-image\" data-id=\"3e7d158\" data-element_type=\"widget\" data-e-type=\"widget\" data-settings=\"{&quot;_animation&quot;:&quot;zoomIn&quot;}\" data-widget_type=\"image.default\">\n\t\t\t\t<div class=\"elementor-widget-container\">\n\t\t\t\t\t\t\t\t\t\t\t\t\t\t\t<img fetchpriority=\"high\" decoding=\"async\" width=\"800\" height=\"576\" src=\"https:\/\/mobitron.com\/wp-content\/uploads\/2023\/10\/Vector-7.svg\" class=\"attachment-large size-large wp-image-999\" alt=\"Vektor 7\" \/>\t\t\t\t\t\t\t\t\t\t\t\t\t\t\t<\/div>\n\t\t\t\t<\/div>\n\t\t\t\t\t<\/div>\n\t\t<\/div>\n\t\t\t\t\t<\/div>\n\t\t<\/section>\n\t\t\t\t<section class=\"elementor-section elementor-top-section elementor-element elementor-element-df141ce elementor-section-boxed elementor-section-height-default elementor-section-height-default\" data-id=\"df141ce\" data-element_type=\"section\" data-e-type=\"section\">\n\t\t\t\t\t\t<div class=\"elementor-container elementor-column-gap-default\">\n\t\t\t\t\t<div class=\"elementor-column elementor-col-50 elementor-top-column elementor-element elementor-element-62f859c\" data-id=\"62f859c\" data-element_type=\"column\" data-e-type=\"column\">\n\t\t\t<div class=\"elementor-widget-wrap elementor-element-populated\">\n\t\t\t\t\t\t<div class=\"elementor-element elementor-element-fed5700 elementor-invisible elementor-widget elementor-widget-image\" data-id=\"fed5700\" data-element_type=\"widget\" data-e-type=\"widget\" data-settings=\"{&quot;_animation&quot;:&quot;fadeInLeft&quot;}\" data-widget_type=\"image.default\">\n\t\t\t\t<div class=\"elementor-widget-container\">\n\t\t\t\t\t\t\t\t\t\t\t\t\t\t\t<img decoding=\"async\" width=\"800\" height=\"631\" src=\"https:\/\/mobitron.com\/wp-content\/uploads\/2023\/11\/Layout_Primary-graph_no-Background-1024x808.png\" class=\"attachment-large size-large wp-image-3135\" alt=\"Layout Prim\u00e4r graf ingen Bakgrund\" srcset=\"https:\/\/mobitron.com\/wp-content\/uploads\/2023\/11\/Layout_Primary-graph_no-Background-1024x808.png 1024w, https:\/\/mobitron.com\/wp-content\/uploads\/2023\/11\/Layout_Primary-graph_no-Background-300x237.png 300w, https:\/\/mobitron.com\/wp-content\/uploads\/2023\/11\/Layout_Primary-graph_no-Background-768x606.png 768w, https:\/\/mobitron.com\/wp-content\/uploads\/2023\/11\/Layout_Primary-graph_no-Background-600x474.png 600w, https:\/\/mobitron.com\/wp-content\/uploads\/2023\/11\/Layout_Primary-graph_no-Background-64x51.png 64w, https:\/\/mobitron.com\/wp-content\/uploads\/2023\/11\/Layout_Primary-graph_no-Background.png 1200w\" sizes=\"(max-width: 800px) 100vw, 800px\" \/>\t\t\t\t\t\t\t\t\t\t\t\t\t\t\t<\/div>\n\t\t\t\t<\/div>\n\t\t\t\t\t<\/div>\n\t\t<\/div>\n\t\t\t\t<div class=\"elementor-column elementor-col-50 elementor-top-column elementor-element elementor-element-a7d74f5\" data-id=\"a7d74f5\" data-element_type=\"column\" data-e-type=\"column\">\n\t\t\t<div class=\"elementor-widget-wrap elementor-element-populated\">\n\t\t\t\t\t\t<div class=\"elementor-element elementor-element-538301f elementor-widget elementor-widget-heading\" data-id=\"538301f\" data-element_type=\"widget\" data-e-type=\"widget\" data-widget_type=\"heading.default\">\n\t\t\t\t<div class=\"elementor-widget-container\">\n\t\t\t\t\t<p class=\"elementor-heading-title elementor-size-default\">Cargolog\u00ae Connect<\/p>\t\t\t\t<\/div>\n\t\t\t\t<\/div>\n\t\t\t\t<div class=\"elementor-element elementor-element-cf587d9 elementor-widget elementor-widget-heading\" data-id=\"cf587d9\" data-element_type=\"widget\" data-e-type=\"widget\" data-widget_type=\"heading.default\">\n\t\t\t\t<div class=\"elementor-widget-container\">\n\t\t\t\t\t<h2 class=\"elementor-heading-title elementor-size-default\">Online data\u00f6verf\u00f6ring f\u00f6r insikter i realtid<\/h2>\t\t\t\t<\/div>\n\t\t\t\t<\/div>\n\t\t\t\t<div class=\"elementor-element elementor-element-6a2669e elementor-widget elementor-widget-text-editor\" data-id=\"6a2669e\" data-element_type=\"widget\" data-e-type=\"widget\" data-widget_type=\"text-editor.default\">\n\t\t\t\t<div class=\"elementor-widget-container\">\n\t\t\t\t\t\t\t\t\tOnline-\u00f6verf\u00f6ringsdata effektiviserar och f\u00f6rb\u00e4ttrar s\u00e4ndningen av realtidsdata fr\u00e5n din Cargolog\u00ae-enhet till Cargolog\u00ae Connect-applikationen. Denna funktionalitet s\u00e4kerst\u00e4ller att din lasts vitala information \u00e4r l\u00e4ttillg\u00e4nglig f\u00f6r \u00f6vervakning och analys, vilket g\u00f6r att du snabbt kan reagera p\u00e5 eventuella problem eller defekter.\t\t\t\t\t\t\t\t<\/div>\n\t\t\t\t<\/div>\n\t\t\t\t<div class=\"elementor-element elementor-element-eb820c9 elementor-widget elementor-widget-button\" data-id=\"eb820c9\" data-element_type=\"widget\" data-e-type=\"widget\" data-widget_type=\"button.default\">\n\t\t\t\t<div class=\"elementor-widget-container\">\n\t\t\t\t\t\t\t\t\t<div class=\"elementor-button-wrapper\">\n\t\t\t\t\t<a class=\"elementor-button elementor-button-link elementor-size-sm\" href=\"https:\/\/mobitron.com\/sv\/cargolog-connect\/\" target=\"_blank\">\n\t\t\t\t\t\t<span class=\"elementor-button-content-wrapper\">\n\t\t\t\t\t\t\t\t\t<span class=\"elementor-button-text\">L\u00e4s mer p\u00e5 engelska<\/span>\n\t\t\t\t\t<\/span>\n\t\t\t\t\t<\/a>\n\t\t\t\t<\/div>\n\t\t\t\t\t\t\t\t<\/div>\n\t\t\t\t<\/div>\n\t\t\t\t\t<\/div>\n\t\t<\/div>\n\t\t\t\t\t<\/div>\n\t\t<\/section>\n\t\t\t\t<section class=\"elementor-section elementor-top-section elementor-element elementor-element-7be19b3 elementor-section-boxed elementor-section-height-default elementor-section-height-default\" data-id=\"7be19b3\" data-element_type=\"section\" data-e-type=\"section\" data-settings=\"{&quot;background_background&quot;:&quot;classic&quot;}\">\n\t\t\t\t\t\t\t<div class=\"elementor-background-overlay\"><\/div>\n\t\t\t\t\t\t\t<div class=\"elementor-container elementor-column-gap-default\">\n\t\t\t\t\t<div class=\"elementor-column elementor-col-100 elementor-top-column elementor-element elementor-element-9af08c6\" data-id=\"9af08c6\" data-element_type=\"column\" data-e-type=\"column\">\n\t\t\t<div class=\"elementor-widget-wrap elementor-element-populated\">\n\t\t\t\t\t\t<section class=\"elementor-section elementor-inner-section elementor-element elementor-element-523a976 elementor-section-boxed elementor-section-height-default elementor-section-height-default\" data-id=\"523a976\" data-element_type=\"section\" data-e-type=\"section\">\n\t\t\t\t\t\t<div class=\"elementor-container elementor-column-gap-default\">\n\t\t\t\t\t<div class=\"elementor-column elementor-col-100 elementor-inner-column elementor-element elementor-element-8478a69\" data-id=\"8478a69\" data-element_type=\"column\" data-e-type=\"column\">\n\t\t\t<div class=\"elementor-widget-wrap elementor-element-populated\">\n\t\t\t\t\t\t<div class=\"elementor-element elementor-element-9a29d89 elementor-widget elementor-widget-heading\" data-id=\"9a29d89\" data-element_type=\"widget\" data-e-type=\"widget\" data-widget_type=\"heading.default\">\n\t\t\t\t<div class=\"elementor-widget-container\">\n\t\t\t\t\t<p class=\"elementor-heading-title elementor-size-default\">Cargolog\u00ae Connect<\/p>\t\t\t\t<\/div>\n\t\t\t\t<\/div>\n\t\t\t\t<div class=\"elementor-element elementor-element-242cd27 elementor-widget elementor-widget-heading\" data-id=\"242cd27\" data-element_type=\"widget\" data-e-type=\"widget\" data-widget_type=\"heading.default\">\n\t\t\t\t<div class=\"elementor-widget-container\">\n\t\t\t\t\t<h2 class=\"elementor-heading-title elementor-size-default\">Krav f\u00f6r CloudConnect-abonnemang<\/h2>\t\t\t\t<\/div>\n\t\t\t\t<\/div>\n\t\t\t\t<div class=\"elementor-element elementor-element-156a175 elementor-widget elementor-widget-text-editor\" data-id=\"156a175\" data-element_type=\"widget\" data-e-type=\"widget\" data-widget_type=\"text-editor.default\">\n\t\t\t\t<div class=\"elementor-widget-container\">\n\t\t\t\t\t\t\t\t\t<p>Genom att uppfylla dessa krav kan du aktivera online-data\u00f6verf\u00f6ring med GSM, vilket g\u00f6r att du kan \u00f6vervaka och hantera din last mer effektivt i realtid.<\/p>\t\t\t\t\t\t\t\t<\/div>\n\t\t\t\t<\/div>\n\t\t\t\t\t<\/div>\n\t\t<\/div>\n\t\t\t\t\t<\/div>\n\t\t<\/section>\n\t\t\t\t<section class=\"elementor-section elementor-inner-section elementor-element elementor-element-e1075fa elementor-section-boxed elementor-section-height-default elementor-section-height-default\" data-id=\"e1075fa\" data-element_type=\"section\" data-e-type=\"section\">\n\t\t\t\t\t\t<div class=\"elementor-container elementor-column-gap-default\">\n\t\t\t\t\t<div class=\"elementor-column elementor-col-33 elementor-inner-column elementor-element elementor-element-286227b\" data-id=\"286227b\" data-element_type=\"column\" data-e-type=\"column\">\n\t\t\t<div class=\"elementor-widget-wrap elementor-element-populated\">\n\t\t\t\t\t\t<div class=\"elementor-element elementor-element-519b273 elementor-invisible elementor-widget elementor-widget-image\" data-id=\"519b273\" data-element_type=\"widget\" data-e-type=\"widget\" data-settings=\"{&quot;_animation&quot;:&quot;fadeIn&quot;}\" data-widget_type=\"image.default\">\n\t\t\t\t<div class=\"elementor-widget-container\">\n\t\t\t\t\t\t\t\t\t\t\t\t\t\t\t<img decoding=\"async\" width=\"800\" height=\"1008\" src=\"https:\/\/mobitron.com\/wp-content\/uploads\/2023\/10\/Vector-8.svg\" class=\"attachment-large size-large wp-image-1003\" alt=\"Vektor 8\" \/>\t\t\t\t\t\t\t\t\t\t\t\t\t\t\t<\/div>\n\t\t\t\t<\/div>\n\t\t\t\t<div class=\"elementor-element elementor-element-71896e1 elementor-widget elementor-widget-heading\" data-id=\"71896e1\" data-element_type=\"widget\" data-e-type=\"widget\" data-widget_type=\"heading.default\">\n\t\t\t\t<div class=\"elementor-widget-container\">\n\t\t\t\t\t<p class=\"elementor-heading-title elementor-size-default\">En aktiv abonnemangsplan finns p\u00e5 plats f\u00f6r Cargolog\u00ae-enheten, utrustad med ett aktivt SIM-kort.<\/p>\t\t\t\t<\/div>\n\t\t\t\t<\/div>\n\t\t\t\t\t<\/div>\n\t\t<\/div>\n\t\t\t\t<div class=\"elementor-column elementor-col-33 elementor-inner-column elementor-element elementor-element-2171d00\" data-id=\"2171d00\" data-element_type=\"column\" data-e-type=\"column\">\n\t\t\t<div class=\"elementor-widget-wrap elementor-element-populated\">\n\t\t\t\t\t\t<div class=\"elementor-element elementor-element-06652ea elementor-invisible elementor-widget elementor-widget-image\" data-id=\"06652ea\" data-element_type=\"widget\" data-e-type=\"widget\" data-settings=\"{&quot;_animation&quot;:&quot;fadeIn&quot;}\" data-widget_type=\"image.default\">\n\t\t\t\t<div class=\"elementor-widget-container\">\n\t\t\t\t\t\t\t\t\t\t\t\t\t\t\t<img loading=\"lazy\" decoding=\"async\" width=\"800\" height=\"800\" src=\"https:\/\/mobitron.com\/wp-content\/uploads\/2023\/10\/Vector-9.svg\" class=\"attachment-large size-large wp-image-1002\" alt=\"Vektor 9\" \/>\t\t\t\t\t\t\t\t\t\t\t\t\t\t\t<\/div>\n\t\t\t\t<\/div>\n\t\t\t\t<div class=\"elementor-element elementor-element-2376b00 elementor-widget elementor-widget-heading\" data-id=\"2376b00\" data-element_type=\"widget\" data-e-type=\"widget\" data-widget_type=\"heading.default\">\n\t\t\t\t<div class=\"elementor-widget-container\">\n\t\t\t\t\t<p class=\"elementor-heading-title elementor-size-default\">Ett aktivt konto f\u00f6r Cargolog\u00ae Connect, den plattform som anv\u00e4nds f\u00f6r att f\u00e5 tillg\u00e5ng till och hantera dina Cargolog\u00ae-data online<\/p>\t\t\t\t<\/div>\n\t\t\t\t<\/div>\n\t\t\t\t\t<\/div>\n\t\t<\/div>\n\t\t\t\t<div class=\"elementor-column elementor-col-33 elementor-inner-column elementor-element elementor-element-588d36f\" data-id=\"588d36f\" data-element_type=\"column\" data-e-type=\"column\">\n\t\t\t<div class=\"elementor-widget-wrap elementor-element-populated\">\n\t\t\t\t\t\t<div class=\"elementor-element elementor-element-612d3c3 elementor-invisible elementor-widget elementor-widget-image\" data-id=\"612d3c3\" data-element_type=\"widget\" data-e-type=\"widget\" data-settings=\"{&quot;_animation&quot;:&quot;fadeIn&quot;}\" data-widget_type=\"image.default\">\n\t\t\t\t<div class=\"elementor-widget-container\">\n\t\t\t\t\t\t\t\t\t\t\t\t\t\t\t<img loading=\"lazy\" decoding=\"async\" width=\"800\" height=\"655\" src=\"https:\/\/mobitron.com\/wp-content\/uploads\/2023\/10\/Vector-10.svg\" class=\"attachment-large size-large wp-image-1001\" alt=\"Vektor 10\" \/>\t\t\t\t\t\t\t\t\t\t\t\t\t\t\t<\/div>\n\t\t\t\t<\/div>\n\t\t\t\t<div class=\"elementor-element elementor-element-daad8dc elementor-widget elementor-widget-heading\" data-id=\"daad8dc\" data-element_type=\"widget\" data-e-type=\"widget\" data-widget_type=\"heading.default\">\n\t\t\t\t<div class=\"elementor-widget-container\">\n\t\t\t\t\t<p class=\"elementor-heading-title elementor-size-default\">S\u00e4kerst\u00e4ll att det omr\u00e5de d\u00e4r Cargolog\u00ae -enheten ska \u00f6verf\u00f6ra online-data har tillr\u00e4cklig GSM-n\u00e4tverkst\u00e4ckning. <\/p>\t\t\t\t<\/div>\n\t\t\t\t<\/div>\n\t\t\t\t\t<\/div>\n\t\t<\/div>\n\t\t\t\t\t<\/div>\n\t\t<\/section>\n\t\t\t\t<div class=\"elementor-element elementor-element-be8f400 elementor-align-center elementor-widget elementor-widget-button\" data-id=\"be8f400\" data-element_type=\"widget\" data-e-type=\"widget\" data-widget_type=\"button.default\">\n\t\t\t\t<div class=\"elementor-widget-container\">\n\t\t\t\t\t\t\t\t\t<div class=\"elementor-button-wrapper\">\n\t\t\t\t\t<a class=\"elementor-button elementor-button-link elementor-size-sm\" href=\"https:\/\/meetings.hubspot.com\/mobitron\/meeting-link-website\" target=\"_blank\" rel=\"noopener\">\n\t\t\t\t\t\t<span class=\"elementor-button-content-wrapper\">\n\t\t\t\t\t\t\t\t\t<span class=\"elementor-button-text\">Boka demo<\/span>\n\t\t\t\t\t<\/span>\n\t\t\t\t\t<\/a>\n\t\t\t\t<\/div>\n\t\t\t\t\t\t\t\t<\/div>\n\t\t\t\t<\/div>\n\t\t\t\t\t<\/div>\n\t\t<\/div>\n\t\t\t\t\t<\/div>\n\t\t<\/section>\n\t\t\t\t<section class=\"elementor-section elementor-top-section elementor-element elementor-element-f7518b6 elementor-section-boxed elementor-section-height-default elementor-section-height-default\" data-id=\"f7518b6\" data-element_type=\"section\" data-e-type=\"section\">\n\t\t\t\t\t\t<div class=\"elementor-container elementor-column-gap-default\">\n\t\t\t\t\t<div class=\"elementor-column elementor-col-100 elementor-top-column elementor-element elementor-element-cb7b771\" data-id=\"cb7b771\" data-element_type=\"column\" data-e-type=\"column\">\n\t\t\t<div class=\"elementor-widget-wrap elementor-element-populated\">\n\t\t\t\t\t\t<section class=\"elementor-section elementor-inner-section elementor-element elementor-element-b694a35 elementor-section-boxed elementor-section-height-default elementor-section-height-default\" data-id=\"b694a35\" data-element_type=\"section\" data-e-type=\"section\">\n\t\t\t\t\t\t<div class=\"elementor-container elementor-column-gap-default\">\n\t\t\t\t\t<div class=\"elementor-column elementor-col-100 elementor-inner-column elementor-element elementor-element-967d3a9\" data-id=\"967d3a9\" data-element_type=\"column\" data-e-type=\"column\">\n\t\t\t<div class=\"elementor-widget-wrap elementor-element-populated\">\n\t\t\t\t\t\t<div class=\"elementor-element elementor-element-ed49065 elementor-widget elementor-widget-heading\" data-id=\"ed49065\" data-element_type=\"widget\" data-e-type=\"widget\" data-widget_type=\"heading.default\">\n\t\t\t\t<div class=\"elementor-widget-container\">\n\t\t\t\t\t<h2 class=\"elementor-heading-title elementor-size-default\">Har du n\u00e5gra fr\u00e5gor?<\/h2>\t\t\t\t<\/div>\n\t\t\t\t<\/div>\n\t\t\t\t<div class=\"elementor-element elementor-element-4634a34 elementor-widget elementor-widget-text-editor\" data-id=\"4634a34\" data-element_type=\"widget\" data-e-type=\"widget\" data-widget_type=\"text-editor.default\">\n\t\t\t\t<div class=\"elementor-widget-container\">\n\t\t\t\t\t\t\t\t\t<p>Utforska v\u00e5r FAQ-sektion (Frequently Asked Questions) f\u00f6r omfattande information. Oavsett om du har fr\u00e5gor om produktspecifikationer, anv\u00e4ndningsriktlinjer eller fels\u00f6kning ger v\u00e5r FAQ v\u00e4rdefulla insikter f\u00f6r att hantera vanliga problem.<\/p>\t\t\t\t\t\t\t\t<\/div>\n\t\t\t\t<\/div>\n\t\t\t\t\t<\/div>\n\t\t<\/div>\n\t\t\t\t\t<\/div>\n\t\t<\/section>\n\t\t\t\t<div class=\"elementor-element elementor-element-c7518ed elementor-align-center elementor-widget elementor-widget-button\" data-id=\"c7518ed\" data-element_type=\"widget\" data-e-type=\"widget\" data-widget_type=\"button.default\">\n\t\t\t\t<div class=\"elementor-widget-container\">\n\t\t\t\t\t\t\t\t\t<div class=\"elementor-button-wrapper\">\n\t\t\t\t\t<a class=\"elementor-button elementor-button-link elementor-size-sm\" href=\"https:\/\/mobitron.com\/sv\/fragor-och-svar\/\" target=\"_blank\">\n\t\t\t\t\t\t<span class=\"elementor-button-content-wrapper\">\n\t\t\t\t\t\t\t\t\t<span class=\"elementor-button-text\">VANLIGA FR\u00c5GOR<\/span>\n\t\t\t\t\t<\/span>\n\t\t\t\t\t<\/a>\n\t\t\t\t<\/div>\n\t\t\t\t\t\t\t\t<\/div>\n\t\t\t\t<\/div>\n\t\t\t\t\t<\/div>\n\t\t<\/div>\n\t\t\t\t\t<\/div>\n\t\t<\/section>\n\t\t\t\t<section class=\"elementor-section elementor-top-section elementor-element elementor-element-1fba2ef elementor-section-boxed elementor-section-height-default elementor-section-height-default\" data-id=\"1fba2ef\" data-element_type=\"section\" data-e-type=\"section\">\n\t\t\t\t\t\t<div class=\"elementor-container elementor-column-gap-default\">\n\t\t\t\t\t<div class=\"elementor-column elementor-col-100 elementor-top-column elementor-element elementor-element-c1c6e94\" data-id=\"c1c6e94\" data-element_type=\"column\" data-e-type=\"column\">\n\t\t\t<div class=\"elementor-widget-wrap elementor-element-populated\">\n\t\t\t\t\t\t<div class=\"elementor-element elementor-element-21fb06a elementor-widget elementor-widget-heading\" data-id=\"21fb06a\" data-element_type=\"widget\" data-e-type=\"widget\" data-widget_type=\"heading.default\">\n\t\t\t\t<div class=\"elementor-widget-container\">\n\t\t\t\t\t<h2 class=\"elementor-heading-title elementor-size-default\">Rekommenderade produkter<\/h2>\t\t\t\t<\/div>\n\t\t\t\t<\/div>\n\t\t\t\t<div class=\"elementor-element elementor-element-5441d07 elementor-product-loop-item--align-center elementor-grid-tablet-2 elementor-grid-3 elementor-grid-mobile-2 elementor-products-grid elementor-wc-products elementor-show-pagination-border-yes elementor-widget elementor-widget-woocommerce-products\" data-id=\"5441d07\" data-element_type=\"widget\" data-e-type=\"widget\" data-widget_type=\"woocommerce-products.default\">\n\t\t\t\t<div class=\"elementor-widget-container\">\n\t\t\t\t\t<div class=\"woocommerce columns-3\"><div class=\"woocommerce-notices-wrapper\"><\/div><ul class=\"products elementor-grid columns-3\">\n<li class=\"product type-product post-3852 status-publish first instock product_cat-condition-monitoring product_cat-data-logger product_cat-data-logger-temperature product_cat-shock-sensors has-post-thumbnail shipping-taxable purchasable product-type-variable has-default-attributes\">\n\t<a href=\"https:\/\/mobitron.com\/sv\/product\/cargolog-impact-condition-monitoring-online\/\" class=\"woocommerce-LoopProduct-link woocommerce-loop-product__link\"><img loading=\"lazy\" decoding=\"async\" width=\"300\" height=\"300\" src=\"https:\/\/mobitron.com\/wp-content\/uploads\/2023\/11\/9S0UC-300x300.png\" class=\"attachment-woocommerce_thumbnail size-woocommerce_thumbnail\" alt=\"9S0UC\" srcset=\"https:\/\/mobitron.com\/wp-content\/uploads\/2023\/11\/9S0UC-300x300.png 300w, https:\/\/mobitron.com\/wp-content\/uploads\/2023\/11\/9S0UC-1024x1024.png 1024w, https:\/\/mobitron.com\/wp-content\/uploads\/2023\/11\/9S0UC-150x150.png 150w, https:\/\/mobitron.com\/wp-content\/uploads\/2023\/11\/9S0UC-768x768.png 768w, https:\/\/mobitron.com\/wp-content\/uploads\/2023\/11\/9S0UC-1536x1536.png 1536w, https:\/\/mobitron.com\/wp-content\/uploads\/2023\/11\/9S0UC-600x600.png 600w, https:\/\/mobitron.com\/wp-content\/uploads\/2023\/11\/9S0UC-100x100.png 100w, https:\/\/mobitron.com\/wp-content\/uploads\/2023\/11\/9S0UC-64x64.png 64w, https:\/\/mobitron.com\/wp-content\/uploads\/2023\/11\/9S0UC.png 1600w\" sizes=\"(max-width: 300px) 100vw, 300px\" \/><h2 class=\"woocommerce-loop-product__title\">Cargolog\u00ae Impact &amp; Condition Monitoring | Online<\/h2>\n\t<span class=\"price\"><span class=\"woocommerce-Price-amount amount\"><bdi>0.00&nbsp;<span class=\"woocommerce-Price-currencySymbol\">kr<\/span><\/bdi><\/span><\/span>\n<\/a><\/li>\n<\/ul>\n<\/div>\t\t\t\t<\/div>\n\t\t\t\t<\/div>\n\t\t\t\t\t<\/div>\n\t\t<\/div>\n\t\t\t\t\t<\/div>\n\t\t<\/section>\n\t\t\t\t<\/div>","protected":false},"excerpt":{"rendered":"<p>Digital services &#038; connectivity Cargolog\u00ae Connect Discover the power of the Internet of Things (IoT) and connected products with CloudConnect. This digital service connects the Cargolog\u00ae device to Cargolog\u00ae Connect, utilizing telematics and real-time data transmission. Gain valuable insights into your cargo&#8217;s location, conditions, and other vital data for more intelligent and advanced transport monitoring [&hellip;]<\/p>\n","protected":false},"author":2,"featured_media":0,"parent":0,"menu_order":0,"comment_status":"closed","ping_status":"closed","template":"elementor_header_footer","meta":{"_acf_changed":false,"content-type":"","inline_featured_image":false,"footnotes":""},"class_list":["post-109","page","type-page","status-publish","hentry"],"acf":[],"_links":{"self":[{"href":"https:\/\/mobitron.com\/sv\/wp-json\/wp\/v2\/pages\/109","targetHints":{"allow":["GET"]}}],"collection":[{"href":"https:\/\/mobitron.com\/sv\/wp-json\/wp\/v2\/pages"}],"about":[{"href":"https:\/\/mobitron.com\/sv\/wp-json\/wp\/v2\/types\/page"}],"author":[{"embeddable":true,"href":"https:\/\/mobitron.com\/sv\/wp-json\/wp\/v2\/users\/2"}],"replies":[{"embeddable":true,"href":"https:\/\/mobitron.com\/sv\/wp-json\/wp\/v2\/comments?post=109"}],"version-history":[{"count":61,"href":"https:\/\/mobitron.com\/sv\/wp-json\/wp\/v2\/pages\/109\/revisions"}],"predecessor-version":[{"id":4295,"href":"https:\/\/mobitron.com\/sv\/wp-json\/wp\/v2\/pages\/109\/revisions\/4295"}],"wp:attachment":[{"href":"https:\/\/mobitron.com\/sv\/wp-json\/wp\/v2\/media?parent=109"}],"curies":[{"name":"wp","href":"https:\/\/api.w.org\/{rel}","templated":true}]}}