{"id":4855,"date":"2024-04-15T13:23:29","date_gmt":"2024-04-15T11:23:29","guid":{"rendered":"https:\/\/mobitron.com\/?post_type=product&#038;p=4855"},"modified":"2025-05-21T15:27:32","modified_gmt":"2025-05-21T13:27:32","slug":"registratore-durti-cargolog-online","status":"publish","type":"product","link":"https:\/\/mobitron.com\/it\/product\/cargolog-impact-shock-recorder-online\/","title":{"rendered":"Cargolog\u00ae Registratore di Urti e Shock | Online"},"content":{"rendered":"<p><span data-preserver-spaces=\"true\">L'ultima novit\u00e0 \u00e8 il registratore di impatti e urti aggiornato con funzionalit\u00e0 di comunicazione GPS e LTE. Progettato specificamente per monitorare i carichi sensibili durante i lunghi percorsi di trasporto e negli ambienti pi\u00f9 difficili, questo registratore di dati all'avanguardia misura con precisione gli eventi di impatto, le inclinazioni e i dati delle curve d'urto.<\/span><\/p>\n<p><span data-preserver-spaces=\"true\">Racchiuso in un robusto alloggiamento con certificazione IP67, il registratore \u00e8 protetto da polvere e spruzzi d'acqua, garantendo prestazioni costanti in condizioni difficili. Grazie alla connettivit\u00e0 USB-C, il recupero e la valutazione dei dati sono semplici, mentre le funzionalit\u00e0 di comunicazione GPS e LTE consentono il monitoraggio e la tracciabilit\u00e0 del carico in tempo reale.<\/span><\/p>\n<p><span data-preserver-spaces=\"true\">Conforme agli standard industriali per la misurazione degli urti e il monitoraggio del trasporto, il registratore di urti e impatti Cargolog\u00ae stabilisce un nuovo standard di affidabilit\u00e0 ed efficacia per la salvaguardia di merci preziose.<\/span><\/p>\n<h3><span data-preserver-spaces=\"true\">Caratteristiche principali:<\/span><\/h3>\n<ul>\n<li><span data-preserver-spaces=\"true\">Registratore di dati adattabile e intuitivo.<\/span><\/li>\n<li><span data-preserver-spaces=\"true\">Utilizza una tecnologia di sensori all'avanguardia per catturare con precisione gli eventi di impatto, le inclinazioni e i dati della curva d'urto.<\/span><\/li>\n<li><span data-preserver-spaces=\"true\">Il registratore di impatti e urti \u00e8 costruito per resistere in ambienti difficili. \u00c8 dotato di una custodia robusta certificata IP67 per la protezione da polvere e spruzzi d'acqua.<\/span><\/li>\n<li><span data-preserver-spaces=\"true\">Il recupero e la valutazione dei dati sono facilitati dalla connettivit\u00e0 LTE.\u00a0<\/span><\/li>\n<li><span data-preserver-spaces=\"true\">Dati sulla posizione per una localizzazione precisa.<\/span><\/li>\n<li><span data-preserver-spaces=\"true\">Il registratore di impatti e urti soddisfa gli standard e le linee guida del settore per una misurazione affidabile degli urti e il monitoraggio del trasporto.<\/span><\/li>\n<\/ul>\n<h3><span data-preserver-spaces=\"true\">Caratteristiche aggiuntive:<\/span><\/h3>\n<ul>\n<li><span data-preserver-spaces=\"true\">Sensore di accelerazione opzionale da 200 g disponibile per una maggiore precisione dei dati.<\/span><\/li>\n<li><span data-preserver-spaces=\"true\">La compatibilit\u00e0 versatile \u00e8 adatta a diverse installazioni e condizioni ambientali.<\/span><\/li>\n<li><span data-preserver-spaces=\"true\">Integrazione perfetta con il software Cargolog\u00ae Connect per un caricamento e una gestione efficienti dei dati.<\/span><\/li>\n<\/ul>\n<p>&nbsp;<\/p>","protected":false},"excerpt":{"rendered":"<p>Progettato per il monitoraggio di carichi sensibili su percorsi di trasporto estesi, questo data logger avanzato misura con precisione gli eventi di impatto, le inclinazioni e i dati relativi alle curve d'urto. Racchiuso in un robusto alloggiamento certificato IP67, garantisce prestazioni costanti in condizioni difficili. La localizzazione GPS e la comunicazione LTE per un facile recupero e valutazione dei dati stabiliscono un nuovo standard di affidabilit\u00e0 ed efficacia per la salvaguardia di carichi preziosi. \u00c8 conforme agli standard del settore e offre una compatibilit\u00e0 versatile e una perfetta integrazione con il software Cargolog\u00ae Connect per una gestione efficiente dei dati.<\/p>","protected":false},"featured_media":3858,"template":"","meta":{"_acf_changed":false,"content-type":"","inline_featured_image":false},"product_brand":[],"product_cat":[37,165],"product_tag":[],"class_list":{"0":"post-4855","1":"product","2":"type-product","3":"status-publish","4":"has-post-thumbnail","6":"product_cat-data-logger","7":"product_cat-shock-sensors","9":"first","10":"instock","11":"shipping-taxable","12":"purchasable","13":"product-type-variable","14":"has-default-attributes"},"acf":[],"_links":{"self":[{"href":"https:\/\/mobitron.com\/it\/wp-json\/wp\/v2\/product\/4855","targetHints":{"allow":["GET"]}}],"collection":[{"href":"https:\/\/mobitron.com\/it\/wp-json\/wp\/v2\/product"}],"about":[{"href":"https:\/\/mobitron.com\/it\/wp-json\/wp\/v2\/types\/product"}],"wp:featuredmedia":[{"embeddable":true,"href":"https:\/\/mobitron.com\/it\/wp-json\/wp\/v2\/media\/3858"}],"wp:attachment":[{"href":"https:\/\/mobitron.com\/it\/wp-json\/wp\/v2\/media?parent=4855"}],"wp:term":[{"taxonomy":"product_brand","embeddable":true,"href":"https:\/\/mobitron.com\/it\/wp-json\/wp\/v2\/product_brand?post=4855"},{"taxonomy":"product_cat","embeddable":true,"href":"https:\/\/mobitron.com\/it\/wp-json\/wp\/v2\/product_cat?post=4855"},{"taxonomy":"product_tag","embeddable":true,"href":"https:\/\/mobitron.com\/it\/wp-json\/wp\/v2\/product_tag?post=4855"}],"curies":[{"name":"wp","href":"https:\/\/api.w.org\/{rel}","templated":true}]}}