{"id":4211,"date":"2023-11-21T12:13:17","date_gmt":"2023-11-21T11:13:17","guid":{"rendered":"https:\/\/mobitron.com\/?post_type=product&#038;p=4211"},"modified":"2023-11-23T13:51:25","modified_gmt":"2023-11-23T12:51:25","slug":"batteria-al-litio-metallico-lsh20-misura-d","status":"publish","type":"product","link":"https:\/\/mobitron.com\/it\/product\/lithium-metal-battery-lsh20-size-d\/","title":{"rendered":"Batteria al litio metallico - LSH20, dimensione D"},"content":{"rendered":"<p>La batteria al litio-tionile cloruro (Li\/SOCl2) LS33600, da 3,6 V, \u00e8 la fonte di alimentazione preferita per il dispositivo Cargolog\u00ae , soprattutto per il funzionamento del data logger con funzionalit\u00e0 GSM. Questa scelta \u00e8 motivata dalla sua prolungata durata di funzionamento e dal vantaggioso intervallo di temperatura. \u00c8 fondamentale notare che questa batteria, contenente litio metallico, \u00e8 classificata come merce pericolosa durante il trasporto quando il datalogger \u00e8 inattivo.<\/p>","protected":false},"excerpt":{"rendered":"<p>3,6 V Cloruro primario di litio-tionile (Li-SOCl2).<\/p>","protected":false},"featured_media":4212,"template":"","meta":{"_acf_changed":false,"content-type":"","inline_featured_image":false},"product_brand":[],"product_cat":[41],"product_tag":[],"class_list":{"0":"post-4211","1":"product","2":"type-product","3":"status-publish","4":"has-post-thumbnail","6":"product_cat-battery","8":"first","9":"instock","10":"shipping-taxable","11":"purchasable","12":"product-type-simple"},"acf":[],"_links":{"self":[{"href":"https:\/\/mobitron.com\/it\/wp-json\/wp\/v2\/product\/4211","targetHints":{"allow":["GET"]}}],"collection":[{"href":"https:\/\/mobitron.com\/it\/wp-json\/wp\/v2\/product"}],"about":[{"href":"https:\/\/mobitron.com\/it\/wp-json\/wp\/v2\/types\/product"}],"wp:featuredmedia":[{"embeddable":true,"href":"https:\/\/mobitron.com\/it\/wp-json\/wp\/v2\/media\/4212"}],"wp:attachment":[{"href":"https:\/\/mobitron.com\/it\/wp-json\/wp\/v2\/media?parent=4211"}],"wp:term":[{"taxonomy":"product_brand","embeddable":true,"href":"https:\/\/mobitron.com\/it\/wp-json\/wp\/v2\/product_brand?post=4211"},{"taxonomy":"product_cat","embeddable":true,"href":"https:\/\/mobitron.com\/it\/wp-json\/wp\/v2\/product_cat?post=4211"},{"taxonomy":"product_tag","embeddable":true,"href":"https:\/\/mobitron.com\/it\/wp-json\/wp\/v2\/product_tag?post=4211"}],"curies":[{"name":"wp","href":"https:\/\/api.w.org\/{rel}","templated":true}]}}