{"id":4855,"date":"2024-04-15T13:23:29","date_gmt":"2024-04-15T11:23:29","guid":{"rendered":"https:\/\/mobitron.com\/?post_type=product&#038;p=4855"},"modified":"2025-05-21T15:27:32","modified_gmt":"2025-05-21T13:27:32","slug":"registrador-de-impactos-cargolog-en-linea","status":"publish","type":"product","link":"https:\/\/mobitron.com\/es\/product\/cargolog-impact-shock-recorder-online\/","title":{"rendered":"Cargolog\u00ae Impacto y Registrador de Choques | Online"},"content":{"rendered":"<p><span data-preserver-spaces=\"true\">La \u00faltima innovaci\u00f3n es el Registrador de Impactos y Choques mejorado con GPS y capacidades de comunicaci\u00f3n LTE. Este registrador de datos de \u00faltima generaci\u00f3n, dise\u00f1ado espec\u00edficamente para supervisar cargas sensibles durante extensas rutas de transporte y en entornos exigentes, mide con precisi\u00f3n eventos de impacto, inclinaciones y datos de curvas de choque.<\/span><\/p>\n<p><span data-preserver-spaces=\"true\">Alojado en una robusta carcasa con certificaci\u00f3n IP67, el grabador est\u00e1 protegido contra el polvo y las salpicaduras de agua, lo que garantiza un rendimiento constante en condiciones adversas. Gracias a la conectividad USB-C, la recuperaci\u00f3n y evaluaci\u00f3n de datos se realiza sin esfuerzo, mientras que las funciones de comunicaci\u00f3n GPS y LTE permiten la supervisi\u00f3n y el seguimiento de la carga en tiempo real.<\/span><\/p>\n<p><span data-preserver-spaces=\"true\">El registrador de impactos y choques Cargolog\u00ae, que cumple las normas del sector para la medici\u00f3n de impactos y la supervisi\u00f3n del transporte, establece un nuevo est\u00e1ndar de fiabilidad y eficacia en la protecci\u00f3n de cargas valiosas.<\/span><\/p>\n<h3><span data-preserver-spaces=\"true\">Caracter\u00edsticas principales:<\/span><\/h3>\n<ul>\n<li><span data-preserver-spaces=\"true\">Registrador de datos adaptable e intuitivo.<\/span><\/li>\n<li><span data-preserver-spaces=\"true\">Utiliza tecnolog\u00eda de sensores de \u00faltima generaci\u00f3n para capturar con precisi\u00f3n los eventos de impacto, las inclinaciones y los datos de las curvas de choque.<\/span><\/li>\n<li><span data-preserver-spaces=\"true\">El grabador de impactos y golpes est\u00e1 dise\u00f1ado para soportar entornos dif\u00edciles. Cuenta con una carcasa robusta con certificaci\u00f3n IP67 para proteger contra el polvo y las salpicaduras de agua.<\/span><\/li>\n<li><span data-preserver-spaces=\"true\">La conectividad LTE facilita la recuperaci\u00f3n y evaluaci\u00f3n de datos.\u00a0<\/span><\/li>\n<li><span data-preserver-spaces=\"true\">Datos de localizaci\u00f3n para un seguimiento preciso.<\/span><\/li>\n<li><span data-preserver-spaces=\"true\">El registrador de impactos y choques cumple las normas y directrices del sector para la medici\u00f3n fiable de impactos y la supervisi\u00f3n del transporte.<\/span><\/li>\n<\/ul>\n<h3><span data-preserver-spaces=\"true\">Caracter\u00edsticas adicionales:<\/span><\/h3>\n<ul>\n<li><span data-preserver-spaces=\"true\">Sensor de aceleraci\u00f3n opcional de 200 g disponible para mejorar la precisi\u00f3n de los datos.<\/span><\/li>\n<li><span data-preserver-spaces=\"true\">Su compatibilidad vers\u00e1til es adecuada para diversas instalaciones y condiciones ambientales.<\/span><\/li>\n<li><span data-preserver-spaces=\"true\">Perfecta integraci\u00f3n con el software Cargolog\u00ae Connect para una carga y gesti\u00f3n eficaces de los datos.<\/span><\/li>\n<\/ul>\n<p>&nbsp;<\/p>","protected":false},"excerpt":{"rendered":"<p>Dise\u00f1ado para supervisar cargas sensibles a lo largo de extensas rutas de transporte, este avanzado registrador de datos mide con precisi\u00f3n eventos de impacto, inclinaciones y datos de curvas de choque. Alojado en una resistente carcasa con certificaci\u00f3n IP67, garantiza un rendimiento constante en condiciones adversas. El seguimiento por GPS y la comunicaci\u00f3n LTE para facilitar la recuperaci\u00f3n y evaluaci\u00f3n de datos establecen un nuevo est\u00e1ndar de fiabilidad y eficacia en la protecci\u00f3n de cargas valiosas. Cumple las normas del sector y ofrece una compatibilidad vers\u00e1til y una integraci\u00f3n perfecta con el software Cargolog\u00ae Connect para una gesti\u00f3n eficaz de los datos.<\/p>","protected":false},"featured_media":3858,"template":"","meta":{"_acf_changed":false,"content-type":"","inline_featured_image":false},"product_brand":[],"product_cat":[37,165],"product_tag":[],"class_list":{"0":"post-4855","1":"product","2":"type-product","3":"status-publish","4":"has-post-thumbnail","6":"product_cat-data-logger","7":"product_cat-shock-sensors","9":"first","10":"instock","11":"shipping-taxable","12":"purchasable","13":"product-type-variable","14":"has-default-attributes"},"acf":[],"_links":{"self":[{"href":"https:\/\/mobitron.com\/es\/wp-json\/wp\/v2\/product\/4855","targetHints":{"allow":["GET"]}}],"collection":[{"href":"https:\/\/mobitron.com\/es\/wp-json\/wp\/v2\/product"}],"about":[{"href":"https:\/\/mobitron.com\/es\/wp-json\/wp\/v2\/types\/product"}],"wp:featuredmedia":[{"embeddable":true,"href":"https:\/\/mobitron.com\/es\/wp-json\/wp\/v2\/media\/3858"}],"wp:attachment":[{"href":"https:\/\/mobitron.com\/es\/wp-json\/wp\/v2\/media?parent=4855"}],"wp:term":[{"taxonomy":"product_brand","embeddable":true,"href":"https:\/\/mobitron.com\/es\/wp-json\/wp\/v2\/product_brand?post=4855"},{"taxonomy":"product_cat","embeddable":true,"href":"https:\/\/mobitron.com\/es\/wp-json\/wp\/v2\/product_cat?post=4855"},{"taxonomy":"product_tag","embeddable":true,"href":"https:\/\/mobitron.com\/es\/wp-json\/wp\/v2\/product_tag?post=4855"}],"curies":[{"name":"wp","href":"https:\/\/api.w.org\/{rel}","templated":true}]}}