{"id":4650,"date":"2023-12-19T13:12:22","date_gmt":"2023-12-19T12:12:22","guid":{"rendered":"https:\/\/mobitron.com\/?post_type=product&#038;p=4650"},"modified":"2024-05-23T13:09:25","modified_gmt":"2024-05-23T11:09:25","slug":"culata-de-tornillo","status":"publish","type":"product","link":"https:\/\/mobitron.com\/es\/product\/screw-cylinder-head\/","title":{"rendered":"Tornillo, culata"},"content":{"rendered":"<p>El Cargolog\u00ae 3rd Gen se fija de forma segura al producto o embalaje mediante un tornillo M8 con cabeza cil\u00edndrica, lo que proporciona un m\u00e9todo de fijaci\u00f3n robusto y fiable. Este m\u00e9todo garantiza la estabilidad y minimiza el riesgo de desprendimiento durante el transporte, ofreciendo una mayor seguridad para el control de la carga. El uso de tornillos facilita una conexi\u00f3n duradera y resistente, contribuyendo a la fiabilidad general del sistema de monitorizaci\u00f3n.<\/p>","protected":false},"excerpt":{"rendered":"<p>MC6S Tornillo, culata, M8x40 DIN912 A4 para asegurar el agujero central de Cargolog\u00ae 3rd Gen<\/p>","protected":false},"featured_media":4651,"template":"","meta":{"_acf_changed":false,"content-type":"","inline_featured_image":false},"product_brand":[],"product_cat":[38,169,170,168],"product_tag":[],"class_list":{"0":"post-4650","1":"product","2":"type-product","3":"status-publish","4":"has-post-thumbnail","6":"product_cat-attachments","7":"product_cat-tillbehor-till-condition-monitoring","8":"product_cat-tillbehor-till-data-logger-temperature","9":"product_cat-tillbehor-till-shocksensor","11":"first","12":"instock","13":"shipping-taxable","14":"purchasable","15":"product-type-simple"},"acf":[],"_links":{"self":[{"href":"https:\/\/mobitron.com\/es\/wp-json\/wp\/v2\/product\/4650","targetHints":{"allow":["GET"]}}],"collection":[{"href":"https:\/\/mobitron.com\/es\/wp-json\/wp\/v2\/product"}],"about":[{"href":"https:\/\/mobitron.com\/es\/wp-json\/wp\/v2\/types\/product"}],"wp:featuredmedia":[{"embeddable":true,"href":"https:\/\/mobitron.com\/es\/wp-json\/wp\/v2\/media\/4651"}],"wp:attachment":[{"href":"https:\/\/mobitron.com\/es\/wp-json\/wp\/v2\/media?parent=4650"}],"wp:term":[{"taxonomy":"product_brand","embeddable":true,"href":"https:\/\/mobitron.com\/es\/wp-json\/wp\/v2\/product_brand?post=4650"},{"taxonomy":"product_cat","embeddable":true,"href":"https:\/\/mobitron.com\/es\/wp-json\/wp\/v2\/product_cat?post=4650"},{"taxonomy":"product_tag","embeddable":true,"href":"https:\/\/mobitron.com\/es\/wp-json\/wp\/v2\/product_tag?post=4650"}],"curies":[{"name":"wp","href":"https:\/\/api.w.org\/{rel}","templated":true}]}}