{"id":4647,"date":"2023-12-19T12:51:16","date_gmt":"2023-12-19T11:51:16","guid":{"rendered":"https:\/\/mobitron.com\/?post_type=product&#038;p=4647"},"modified":"2024-05-23T13:09:25","modified_gmt":"2024-05-23T11:09:25","slug":"iman-de-sujecion","status":"publish","type":"product","link":"https:\/\/mobitron.com\/es\/product\/holding-magnet\/","title":{"rendered":"Im\u00e1n de sujeci\u00f3n"},"content":{"rendered":"<p>Magnets offer a non-intrusive attachment, minimizing the potential for damage to the cargo during installation. The magnet also present a quick and uncomplicated method for securely attaching the Cargolog\u00ae 3rd Gen to the desired surface without requiring intricate tools or additional equipment.<\/p>\n<p>The rubberized holding magnet is not delivered seperately, it is mounted directly to the Cargolog\u00ae device using an M8 screw.<\/p>","protected":false},"excerpt":{"rendered":"<p>Fije con seguridad el dispositivo Cargolog\u00ae al producto mediante un im\u00e1n, lo que proporciona un m\u00e9todo r\u00e1pido y sin complicaciones.<\/p>","protected":false},"featured_media":4648,"template":"","meta":{"_acf_changed":false,"content-type":"","inline_featured_image":false},"product_brand":[],"product_cat":[38,169,170,168],"product_tag":[],"class_list":{"0":"post-4647","1":"product","2":"type-product","3":"status-publish","4":"has-post-thumbnail","6":"product_cat-attachments","7":"product_cat-tillbehor-till-condition-monitoring","8":"product_cat-tillbehor-till-data-logger-temperature","9":"product_cat-tillbehor-till-shocksensor","11":"first","12":"instock","13":"shipping-taxable","14":"purchasable","15":"product-type-simple"},"acf":[],"_links":{"self":[{"href":"https:\/\/mobitron.com\/es\/wp-json\/wp\/v2\/product\/4647","targetHints":{"allow":["GET"]}}],"collection":[{"href":"https:\/\/mobitron.com\/es\/wp-json\/wp\/v2\/product"}],"about":[{"href":"https:\/\/mobitron.com\/es\/wp-json\/wp\/v2\/types\/product"}],"wp:featuredmedia":[{"embeddable":true,"href":"https:\/\/mobitron.com\/es\/wp-json\/wp\/v2\/media\/4648"}],"wp:attachment":[{"href":"https:\/\/mobitron.com\/es\/wp-json\/wp\/v2\/media?parent=4647"}],"wp:term":[{"taxonomy":"product_brand","embeddable":true,"href":"https:\/\/mobitron.com\/es\/wp-json\/wp\/v2\/product_brand?post=4647"},{"taxonomy":"product_cat","embeddable":true,"href":"https:\/\/mobitron.com\/es\/wp-json\/wp\/v2\/product_cat?post=4647"},{"taxonomy":"product_tag","embeddable":true,"href":"https:\/\/mobitron.com\/es\/wp-json\/wp\/v2\/product_tag?post=4647"}],"curies":[{"name":"wp","href":"https:\/\/api.w.org\/{rel}","templated":true}]}}