{"id":4170,"date":"2023-11-20T17:28:37","date_gmt":"2023-11-20T16:28:37","guid":{"rendered":"https:\/\/mobitron.com\/?post_type=product&#038;p=4170"},"modified":"2024-05-23T13:09:26","modified_gmt":"2024-05-23T11:09:26","slug":"carcasa-metalica-protectora-perfil-bajo","status":"publish","type":"product","link":"https:\/\/mobitron.com\/es\/product\/protective-metal-case-low-profile\/","title":{"rendered":"Carcasa met\u00e1lica protectora, perfil bajo"},"content":{"rendered":"<p>La caja met\u00e1lica de perfil bajo fija el dispositivo Cargolog\u00ae a la carga o al embalaje. El perfil bajo se utiliza en situaciones con altura fija o cuando es esencial una clasificaci\u00f3n IP m\u00e1s alta. El dise\u00f1o de perfil bajo, que cumple las normas IP68 e IK09, garantiza una protecci\u00f3n robusta, protegiendo el dispositivo Cargolog\u00ae de da\u00f1os mec\u00e1nicos, gases agresivos y l\u00edquidos en entornos industriales dif\u00edciles.<\/p>","protected":false},"excerpt":{"rendered":"<p>Asegure su dispositivo Cargolog\u00ae a su producto o embalaje con la caja met\u00e1lica, de perfil bajo cuando hay alturas limitadas o cuando es esencial una clasificaci\u00f3n IP m\u00e1s alta. Protege contra da\u00f1os mec\u00e1nicos y condiciones ambientales adversas y garantiza la protecci\u00f3n durante el transporte y el uso industrial.<\/p>","protected":false},"featured_media":4181,"template":"","meta":{"_acf_changed":false,"content-type":"","inline_featured_image":false},"product_brand":[],"product_cat":[38,169,170,168],"product_tag":[],"class_list":{"0":"post-4170","1":"product","2":"type-product","3":"status-publish","4":"has-post-thumbnail","6":"product_cat-attachments","7":"product_cat-tillbehor-till-condition-monitoring","8":"product_cat-tillbehor-till-data-logger-temperature","9":"product_cat-tillbehor-till-shocksensor","11":"first","12":"instock","13":"shipping-taxable","14":"purchasable","15":"product-type-variable","16":"has-default-attributes"},"acf":[],"_links":{"self":[{"href":"https:\/\/mobitron.com\/es\/wp-json\/wp\/v2\/product\/4170","targetHints":{"allow":["GET"]}}],"collection":[{"href":"https:\/\/mobitron.com\/es\/wp-json\/wp\/v2\/product"}],"about":[{"href":"https:\/\/mobitron.com\/es\/wp-json\/wp\/v2\/types\/product"}],"wp:featuredmedia":[{"embeddable":true,"href":"https:\/\/mobitron.com\/es\/wp-json\/wp\/v2\/media\/4181"}],"wp:attachment":[{"href":"https:\/\/mobitron.com\/es\/wp-json\/wp\/v2\/media?parent=4170"}],"wp:term":[{"taxonomy":"product_brand","embeddable":true,"href":"https:\/\/mobitron.com\/es\/wp-json\/wp\/v2\/product_brand?post=4170"},{"taxonomy":"product_cat","embeddable":true,"href":"https:\/\/mobitron.com\/es\/wp-json\/wp\/v2\/product_cat?post=4170"},{"taxonomy":"product_tag","embeddable":true,"href":"https:\/\/mobitron.com\/es\/wp-json\/wp\/v2\/product_tag?post=4170"}],"curies":[{"name":"wp","href":"https:\/\/api.w.org\/{rel}","templated":true}]}}