{"id":4136,"date":"2023-11-20T16:09:39","date_gmt":"2023-11-20T15:09:39","guid":{"rendered":"https:\/\/mobitron.com\/?post_type=product&#038;p=4136"},"modified":"2024-05-23T13:09:26","modified_gmt":"2024-05-23T11:09:26","slug":"caja-protectora-de-policarbonato","status":"publish","type":"product","link":"https:\/\/mobitron.com\/es\/product\/protective-polycarbonate-enclosure\/","title":{"rendered":"Carcasa protectora de policarbonato"},"content":{"rendered":"<p>La caja de policarbonato es una carcasa protectora para instalar el dispositivo Cargolog\u00ae en su carga, protegi\u00e9ndola de da\u00f1os mec\u00e1nicos, gases agresivos y l\u00edquidos durante el transporte.<\/p>","protected":false},"excerpt":{"rendered":"<p>La caja de policarbonato sirve para instalar el dispositivo Cargolog\u00ae en la carga y protegerlo de da\u00f1os mec\u00e1nicos, gases agresivos y l\u00edquidos.<\/p>","protected":false},"featured_media":4143,"template":"","meta":{"_acf_changed":false,"content-type":"","inline_featured_image":false},"product_brand":[],"product_cat":[38,169,170,168],"product_tag":[],"class_list":{"0":"post-4136","1":"product","2":"type-product","3":"status-publish","4":"has-post-thumbnail","6":"product_cat-attachments","7":"product_cat-tillbehor-till-condition-monitoring","8":"product_cat-tillbehor-till-data-logger-temperature","9":"product_cat-tillbehor-till-shocksensor","11":"first","12":"instock","13":"shipping-taxable","14":"purchasable","15":"product-type-variable","16":"has-default-attributes"},"acf":[],"_links":{"self":[{"href":"https:\/\/mobitron.com\/es\/wp-json\/wp\/v2\/product\/4136","targetHints":{"allow":["GET"]}}],"collection":[{"href":"https:\/\/mobitron.com\/es\/wp-json\/wp\/v2\/product"}],"about":[{"href":"https:\/\/mobitron.com\/es\/wp-json\/wp\/v2\/types\/product"}],"wp:featuredmedia":[{"embeddable":true,"href":"https:\/\/mobitron.com\/es\/wp-json\/wp\/v2\/media\/4143"}],"wp:attachment":[{"href":"https:\/\/mobitron.com\/es\/wp-json\/wp\/v2\/media?parent=4136"}],"wp:term":[{"taxonomy":"product_brand","embeddable":true,"href":"https:\/\/mobitron.com\/es\/wp-json\/wp\/v2\/product_brand?post=4136"},{"taxonomy":"product_cat","embeddable":true,"href":"https:\/\/mobitron.com\/es\/wp-json\/wp\/v2\/product_cat?post=4136"},{"taxonomy":"product_tag","embeddable":true,"href":"https:\/\/mobitron.com\/es\/wp-json\/wp\/v2\/product_tag?post=4136"}],"curies":[{"name":"wp","href":"https:\/\/api.w.org\/{rel}","templated":true}]}}