{"id":4112,"date":"2023-11-20T13:45:12","date_gmt":"2023-11-20T12:45:12","guid":{"rendered":"https:\/\/mobitron.com\/?post_type=product&#038;p=4112"},"modified":"2025-03-04T11:25:12","modified_gmt":"2025-03-04T10:25:12","slug":"cargolog-impact-condition-monitoring-offline","status":"publish","type":"product","link":"https:\/\/mobitron.com\/es\/product\/cargolog-impact-condition-monitoring-offline\/","title":{"rendered":"Cargolog\u00ae Impacto y Monitoreo de Condici\u00f3n | Offline"},"content":{"rendered":"<p>Optimize cargo transportation with our comprehensive environmental monitoring system, which measures and records temperature, humidity, angle\/leaning, and acceleration. Tailored for diverse materials and conditions, attach the system directly to the product or package for detailed insights into logistics handling.<\/p>\n<p>To manually read data using a USB-C cable, connect the Cargolog\u00ae device to a computer. Utilize the Cargolog\u00ae Connect software to upload the data, allowing easy access to the information in the cloud service. This seamless process ensures that all recorded data is efficiently transferred and conveniently viewed and managed in the Cargolog\u00ae Connect platform.<\/p>\n<h3>Caracter\u00edsticas principales:<\/h3>\n<ul>\n<li><span data-preserver-spaces=\"true\">Garantizar unas condiciones de transporte \u00f3ptimas.<\/span><\/li>\n<li><span data-preserver-spaces=\"true\">Mide la aceleraci\u00f3n m\u00e1xima y la duraci\u00f3n del evento.<\/span><\/li>\n<li><span data-preserver-spaces=\"true\">Obtener una visi\u00f3n completa de las condiciones ambientales de transporte.<\/span><\/li>\n<\/ul>\n<h3>Caracter\u00edsticas adicionales:<\/h3>\n<ul>\n<li><span data-preserver-spaces=\"true\">Sensores de alta precisi\u00f3n para an\u00e1lisis de impactos y choques<\/span><\/li>\n<li><span data-preserver-spaces=\"true\">F\u00e1cil de usar e instalar en distintos tipos de carga<\/span><\/li>\n<li><span data-preserver-spaces=\"true\">Control del transporte mar\u00edtimo, a\u00e9reo y por carretera<\/span><\/li>\n<li><span data-preserver-spaces=\"true\">Dise\u00f1o duradero para un funcionamiento fiable a temperaturas y humedad extremas<\/span><\/li>\n<li><span data-preserver-spaces=\"true\">Minimizar los riesgos de da\u00f1os, reduciendo potencialmente los costes de reparaci\u00f3n o sustituci\u00f3n.<\/span><\/li>\n<\/ul>","protected":false},"excerpt":{"rendered":"<p>Mejore el transporte de carga con nuestro avanzado sistema de supervisi\u00f3n medioambiental, que captura datos de temperatura, humedad, \u00e1ngulo\/inclinaci\u00f3n y aceleraci\u00f3n. Conecte el sistema a su producto para obtener informaci\u00f3n detallada. Gestione y visualice f\u00e1cilmente los datos registrados conectando el dispositivo Cargolog\u00ae a un ordenador mediante un cable USB-C. Utilice el software Cargolog\u00ae Connect para cargar y acceder a la informaci\u00f3n en el servicio en la nube, lo que garantiza una transferencia de datos perfecta y una supervisi\u00f3n eficiente.<\/p>","protected":false},"featured_media":3858,"template":"","meta":{"_acf_changed":false,"content-type":"","inline_featured_image":false},"product_brand":[],"product_cat":[166,37,167],"product_tag":[],"class_list":{"0":"post-4112","1":"product","2":"type-product","3":"status-publish","4":"has-post-thumbnail","6":"product_cat-condition-monitoring","7":"product_cat-data-logger","8":"product_cat-data-logger-temperature","10":"first","11":"instock","12":"shipping-taxable","13":"purchasable","14":"product-type-variable","15":"has-default-attributes"},"acf":[],"_links":{"self":[{"href":"https:\/\/mobitron.com\/es\/wp-json\/wp\/v2\/product\/4112","targetHints":{"allow":["GET"]}}],"collection":[{"href":"https:\/\/mobitron.com\/es\/wp-json\/wp\/v2\/product"}],"about":[{"href":"https:\/\/mobitron.com\/es\/wp-json\/wp\/v2\/types\/product"}],"wp:featuredmedia":[{"embeddable":true,"href":"https:\/\/mobitron.com\/es\/wp-json\/wp\/v2\/media\/3858"}],"wp:attachment":[{"href":"https:\/\/mobitron.com\/es\/wp-json\/wp\/v2\/media?parent=4112"}],"wp:term":[{"taxonomy":"product_brand","embeddable":true,"href":"https:\/\/mobitron.com\/es\/wp-json\/wp\/v2\/product_brand?post=4112"},{"taxonomy":"product_cat","embeddable":true,"href":"https:\/\/mobitron.com\/es\/wp-json\/wp\/v2\/product_cat?post=4112"},{"taxonomy":"product_tag","embeddable":true,"href":"https:\/\/mobitron.com\/es\/wp-json\/wp\/v2\/product_tag?post=4112"}],"curies":[{"name":"wp","href":"https:\/\/api.w.org\/{rel}","templated":true}]}}