{"id":3772,"date":"2023-11-17T08:34:26","date_gmt":"2023-11-17T07:34:26","guid":{"rendered":"https:\/\/mobitron.com\/?post_type=product&#038;p=3772"},"modified":"2023-11-20T12:10:41","modified_gmt":"2023-11-20T11:10:41","slug":"conexion-cargolog","status":"publish","type":"product","link":"https:\/\/mobitron.com\/es\/product\/cargolog-connect\/","title":{"rendered":"Cargolog\u00ae Connect"},"content":{"rendered":"<p><span data-preserver-spaces=\"true\">Cargolog\u00ae Connect es una potente y completa soluci\u00f3n de software dise\u00f1ada para mejorar la funcionalidad y facilidad de uso del Cargolog\u00ae 3rd Gen. Esta innovadora plataforma proporciona a los usuarios las herramientas y conocimientos necesarios para supervisar y analizar eficazmente los datos recopilados por los dispositivos Cargolog\u00ae a lo largo de toda la cadena log\u00edstica. <\/span>Cargolog\u00ae Connect transforms data collected by the Cargolog\u00ae devices into actionable insights, empowering users to make informed decisions, enhance cargo safety, and optimize transportation processes.<\/p>\n<p>Cargolog\u00ae Connect offers versatile access, accessible through a PC with an installed application and via the web, without additional installations.<\/p>\n<p><a href=\"https:\/\/mobitron.com\/es\/conexion-cargolog\/\">Obtenga m\u00e1s informaci\u00f3n sobre las ventajas de Cargolog\u00ae Connect explorando m\u00e1s detalles aqu\u00ed.<\/a><\/p>\n<h3>Las distintas claves de licencia de Cargolog\u00ae Connect:<\/h3>\n<ul>\n<li style=\"list-style-type: none;\">\n<ul>\n<li>Premium:\n<ul>\n<li>Licencia de versi\u00f3n completa accesible en todas las plataformas.<\/li>\n<li>Permite configurar dispositivos, leer datos, analizar datos detallados, crear plantillas, editar y compartir.<\/li>\n<li>Proporciona acceso para ver todos los datos cargados en su empresa.<\/li>\n<\/ul>\n<\/li>\n<li>Gratis:\n<ul>\n<li>Licencia gratuita con funcionalidad restringida.<\/li>\n<li>Permite leer datos con una vista limitada en el informe r\u00e1pido.<\/li>\n<\/ul>\n<\/li>\n<li>Programar y activar:\n<ul>\n<li>Licencia limitada que permite la configuraci\u00f3n del dispositivo y la lectura de datos.<\/li>\n<li>Permite leer datos con una vista limitada en el informe r\u00e1pido.<\/li>\n<\/ul>\n<\/li>\n<li>Admin:\n<ul>\n<li>Dise\u00f1ado para gestionar licencias y usuarios.<\/li>\n<li>Permite adquirir nuevas licencias, a\u00f1adir usuarios y gestionar los pagos.<\/li>\n<\/ul>\n<\/li>\n<\/ul>\n<\/li>\n<\/ul>","protected":false},"excerpt":{"rendered":"<p>Cargolog\u00ae Connect revoluciona la supervisi\u00f3n de la carga al integrarse perfectamente con Cargolog\u00ae 3rd Gen. Este completo software ofrece seguimiento en tiempo real, alertas personalizables y an\u00e1lisis de datos detallados. Con funciones f\u00e1ciles de usar y conectividad en la nube, transforma los datos sin procesar en informaci\u00f3n pr\u00e1ctica, lo que permite a los usuarios garantizar unas condiciones de transporte \u00f3ptimas, reducir los riesgos y mejorar la seguridad general de la carga.<\/p>","protected":false},"featured_media":4091,"template":"","meta":{"_acf_changed":false,"content-type":"","inline_featured_image":false},"product_brand":[],"product_cat":[42],"product_tag":[],"class_list":{"0":"post-3772","1":"product","2":"type-product","3":"status-publish","4":"has-post-thumbnail","6":"product_cat-software","8":"first","9":"instock","10":"shipping-taxable","11":"purchasable","12":"product-type-variable","13":"has-default-attributes"},"acf":[],"_links":{"self":[{"href":"https:\/\/mobitron.com\/es\/wp-json\/wp\/v2\/product\/3772","targetHints":{"allow":["GET"]}}],"collection":[{"href":"https:\/\/mobitron.com\/es\/wp-json\/wp\/v2\/product"}],"about":[{"href":"https:\/\/mobitron.com\/es\/wp-json\/wp\/v2\/types\/product"}],"wp:featuredmedia":[{"embeddable":true,"href":"https:\/\/mobitron.com\/es\/wp-json\/wp\/v2\/media\/4091"}],"wp:attachment":[{"href":"https:\/\/mobitron.com\/es\/wp-json\/wp\/v2\/media?parent=3772"}],"wp:term":[{"taxonomy":"product_brand","embeddable":true,"href":"https:\/\/mobitron.com\/es\/wp-json\/wp\/v2\/product_brand?post=3772"},{"taxonomy":"product_cat","embeddable":true,"href":"https:\/\/mobitron.com\/es\/wp-json\/wp\/v2\/product_cat?post=3772"},{"taxonomy":"product_tag","embeddable":true,"href":"https:\/\/mobitron.com\/es\/wp-json\/wp\/v2\/product_tag?post=3772"}],"curies":[{"name":"wp","href":"https:\/\/api.w.org\/{rel}","templated":true}]}}