{"id":3499,"date":"2023-11-16T15:34:54","date_gmt":"2023-11-16T14:34:54","guid":{"rendered":"https:\/\/mobitron.com\/?post_type=product&#038;p=3499"},"modified":"2025-10-10T10:31:52","modified_gmt":"2025-10-10T08:31:52","slug":"registrador-de-impactos-cargolog-b1-0912","status":"publish","type":"product","link":"https:\/\/mobitron.com\/es\/product\/cargolog-b1-0912-impact-recorder\/","title":{"rendered":"Cargolog\u00ae B1.0912 Registrador de impactos"},"content":{"rendered":"<p><span data-preserver-spaces=\"true\">El registrador est\u00e1ndar B1.0912 es fiable para la supervisi\u00f3n de cargas delicadas, ya que captura hasta 42.200 eventos con marcas precisas de fecha y hora. Este dispositivo aut\u00f3nomo destaca en el seguimiento de impactos, golpes, temperatura, humedad y \u00e1ngulo\/inclinaci\u00f3n. Los profesionales lo utilizan en todo el mundo: un dispositivo aut\u00f3nomo con una duraci\u00f3n de la bater\u00eda de hasta 9,5 meses.<\/span><\/p>\n<h3>Caracter\u00edsticas principales:<\/h3>\n<ul>\n<li><span data-preserver-spaces=\"true\">L\u00edmites de registro y niveles de alarma para los tres ejes de aceleraci\u00f3n<\/span><\/li>\n<li><span data-preserver-spaces=\"true\">Duraci\u00f3n de la aceleraci\u00f3n para los tres ejes<\/span><\/li>\n<li><span data-preserver-spaces=\"true\">Intervalo de muestreo y nivel de alarma para la temperatura<\/span><\/li>\n<li><span data-preserver-spaces=\"true\">Funciona con pilas alcalinas y de litio<\/span><\/li>\n<li><span data-preserver-spaces=\"true\">Funciones de inicio: Fecha y hora, Inicio por bot\u00f3n, Inicio al descargar<\/span><\/li>\n<li><span data-preserver-spaces=\"true\">La seguridad: Datos protegidos por contrase\u00f1a<\/span><\/li>\n<\/ul>\n<h3>Informaci\u00f3n adicional:<\/h3>\n<ul>\n<li><span data-preserver-spaces=\"true\">Nuestra unidad m\u00e1s vendida para controlar el transporte de mercanc\u00edas fr\u00e1giles con sensores incorporados.<\/span><\/li>\n<li><span data-preserver-spaces=\"true\">Siempre se incluye un certificado de calibraci\u00f3n.<\/span><\/li>\n<li><span data-preserver-spaces=\"true\">Se utiliza para controlar los choques y las aceleraciones, la temperatura, la humedad y el \u00e1ngulo.<\/span><\/li>\n<\/ul>","protected":false},"excerpt":{"rendered":"<p>Capture hasta 42.200 eventos con fecha y hora precisas, incluidos impactos, golpes, temperatura, humedad y \u00e1ngulo\/inclinaci\u00f3n. Este dispositivo aut\u00f3nomo, en el que conf\u00edan profesionales de todo el mundo, ofrece hasta 9,5 meses de duraci\u00f3n de la bater\u00eda.<\/p>","protected":false},"featured_media":3506,"template":"","meta":{"_acf_changed":false,"content-type":"","inline_featured_image":false},"product_brand":[],"product_cat":[180],"product_tag":[],"class_list":{"0":"post-3499","1":"product","2":"type-product","3":"status-publish","4":"has-post-thumbnail","6":"product_cat-data-logger-legacy-products","8":"first","9":"instock","10":"shipping-taxable","11":"purchasable","12":"product-type-variable","13":"has-default-attributes"},"acf":[],"_links":{"self":[{"href":"https:\/\/mobitron.com\/es\/wp-json\/wp\/v2\/product\/3499","targetHints":{"allow":["GET"]}}],"collection":[{"href":"https:\/\/mobitron.com\/es\/wp-json\/wp\/v2\/product"}],"about":[{"href":"https:\/\/mobitron.com\/es\/wp-json\/wp\/v2\/types\/product"}],"wp:featuredmedia":[{"embeddable":true,"href":"https:\/\/mobitron.com\/es\/wp-json\/wp\/v2\/media\/3506"}],"wp:attachment":[{"href":"https:\/\/mobitron.com\/es\/wp-json\/wp\/v2\/media?parent=3499"}],"wp:term":[{"taxonomy":"product_brand","embeddable":true,"href":"https:\/\/mobitron.com\/es\/wp-json\/wp\/v2\/product_brand?post=3499"},{"taxonomy":"product_cat","embeddable":true,"href":"https:\/\/mobitron.com\/es\/wp-json\/wp\/v2\/product_cat?post=3499"},{"taxonomy":"product_tag","embeddable":true,"href":"https:\/\/mobitron.com\/es\/wp-json\/wp\/v2\/product_tag?post=3499"}],"curies":[{"name":"wp","href":"https:\/\/api.w.org\/{rel}","templated":true}]}}