{"id":74,"date":"2023-10-09T00:28:23","date_gmt":"2023-10-08T22:28:23","guid":{"rendered":"https:\/\/mobitron.com\/?page_id=74"},"modified":"2023-11-16T13:42:26","modified_gmt":"2023-11-16T12:42:26","slug":"informacion-del-proveedor","status":"publish","type":"page","link":"https:\/\/mobitron.com\/es\/provider-information\/","title":{"rendered":"Informaci\u00f3n para proveedores"},"content":{"rendered":"<div data-elementor-type=\"wp-page\" data-elementor-id=\"74\" class=\"elementor elementor-74\" data-elementor-post-type=\"page\">\n\t\t\t\t\t\t<section class=\"elementor-section elementor-top-section elementor-element elementor-element-332eef2 elementor-section-height-min-height elementor-section-boxed elementor-section-height-default elementor-section-items-middle\" data-id=\"332eef2\" data-element_type=\"section\" data-e-type=\"section\">\n\t\t\t\t\t\t<div class=\"elementor-container elementor-column-gap-default\">\n\t\t\t\t\t<div class=\"elementor-column elementor-col-100 elementor-top-column elementor-element elementor-element-9048b8c\" data-id=\"9048b8c\" data-element_type=\"column\" data-e-type=\"column\">\n\t\t\t<div class=\"elementor-widget-wrap elementor-element-populated\">\n\t\t\t\t\t\t<div class=\"elementor-element elementor-element-cd6c50d elementor-widget elementor-widget-heading\" data-id=\"cd6c50d\" data-element_type=\"widget\" data-e-type=\"widget\" data-widget_type=\"heading.default\">\n\t\t\t\t<div class=\"elementor-widget-container\">\n\t\t\t\t\t<h1 class=\"elementor-heading-title elementor-size-default\">Informaci\u00f3n para proveedores<\/h1>\t\t\t\t<\/div>\n\t\t\t\t<\/div>\n\t\t\t\t<div class=\"elementor-element elementor-element-838e4fb elementor-widget elementor-widget-text-editor\" data-id=\"838e4fb\" data-element_type=\"widget\" data-e-type=\"widget\" data-widget_type=\"text-editor.default\">\n\t\t\t\t<div class=\"elementor-widget-container\">\n\t\t\t\t\t\t\t\t\t<p>El sitio web de Mobitron es proporcionado por Mobitron AB, una empresa constituida con arreglo a las leyes de Suecia.<\/p><p>Director general: Sven-Olof Olsson<br \/>Direcci\u00f3n: Hunneryds G\u00e5rd 1<br \/>561 46 Huskvarna<br \/>Suecia<\/p><p>Tel\u00e9fono: +46 36 512 25<br \/>Correo: <a href=\"mailto:info@mobitron.com\">info@mobitron.com<\/a><\/p><p>Para preguntas a Mobitron AB, p\u00f3ngase en contacto con nosotros.<\/p><h2>Condiciones de uso<\/h2><p>Al acceder a este sitio, usted acepta los siguientes T\u00e9rminos y Condiciones. S\u00f3lo est\u00e1 autorizado a utilizar el sitio y sus servicios si acepta cumplir todas las leyes aplicables y las presentes Condiciones.<\/p><h3>Copyright<\/h3><p>El permiso para utilizar, copiar y distribuir la documentaci\u00f3n publicada por Mobitron en este servidor de la World Wide Web se concede con la condici\u00f3n de que cada copia contenga este aviso de copyright en su totalidad y que ninguna parte de la documentaci\u00f3n se utilice con fines comerciales, sino que se limite a su uso con fines informativos dentro de una organizaci\u00f3n.<\/p><h3>Exactitud de la informaci\u00f3n facilitada<\/h3><p>Toda la informaci\u00f3n publicada en este sitio web se proporciona tal cual, sin ninguna representaci\u00f3n o garant\u00eda de ning\u00fan tipo, ya sea expresa o impl\u00edcita, incluidas, entre otras, las garant\u00edas impl\u00edcitas de comerciabilidad, idoneidad para un fin determinado o ausencia de infracci\u00f3n. La documentaci\u00f3n puede incluir imprecisiones t\u00e9cnicas o errores tipogr\u00e1ficos. Mobitron puede realizar cambios y adiciones de vez en cuando a cualquier informaci\u00f3n contenida en este documento.<\/p><h3>Responsabilidad de Mobitron por la informaci\u00f3n enviada por los usuarios<\/h3><p>El sitio act\u00faa como un canal pasivo para la distribuci\u00f3n en l\u00ednea de informaci\u00f3n enviada por los usuarios. Mobitron no filtrar\u00e1 la informaci\u00f3n de antemano y no es responsable de filtrar o supervisar el material publicado. La informaci\u00f3n enviada por los usuarios no refleja las opiniones de Mobitron, y Mobitron no tiene obligaci\u00f3n alguna de supervisar, editar o revisar la informaci\u00f3n enviada por los usuarios. Mobitron no asume ninguna responsabilidad derivada de la informaci\u00f3n enviada por los usuarios.<\/p><p>Podemos almacenar y procesar la informaci\u00f3n enviada por los usuarios a nuestro sitio en cualquier pa\u00eds en el que Mobitron o nuestros proveedores de alojamiento tengan instalaciones. Al utilizar nuestros servicios, usted consiente la transferencia de la informaci\u00f3n que env\u00ede entre estas instalaciones, incluidas las situadas fuera de su pa\u00eds.<\/p><h3>Conducta adecuada al presentar informaci\u00f3n<\/h3><p>La informaci\u00f3n que env\u00ede debe ser correcta y evitar el uso de lenguaje y contenidos que puedan ser considerados inapropiados por otros usuarios. Toda la informaci\u00f3n introducida debe cumplir la legislaci\u00f3n local.<\/p><p>Usted es responsable de su conducta y sus comunicaciones y de las consecuencias de las mismas. Usted se compromete a utilizar el sitio \u00fanicamente para enviar y recibir mensajes y material que sean legales, adecuados y relacionados con el contexto.<\/p><p>A modo de ejemplo, y no como una limitaci\u00f3n, usted acepta que al utilizar el sitio, no lo har\u00e1:<br \/>(a) difamar, abusar, acosar, acechar, amenazar o violar de cualquier otro modo los derechos legales (como los derechos de privacidad y publicidad) de otros;<br \/>(b) cargar, publicar o poner a disposici\u00f3n cualquier contenido inapropiado, abusivo, obsceno o ilegal;<br \/>(c) cargar, publicar o poner a disposici\u00f3n cualquier contenido que infrinja cualquier patente, marca registrada, copyright, secreto comercial u otros derechos de propiedad de cualquier parte, a menos que usted sea el propietario de los derechos, o tenga el permiso del propietario u otra justificaci\u00f3n legal para utilizar dicho contenido;<br \/>(d) cargar, publicar o poner a disposici\u00f3n cualquier otro material, mensaje o comunicaci\u00f3n prohibidos por la legislaci\u00f3n aplicable, las Condiciones o cualquier otra pol\u00edtica o directriz aplicable;<br \/>(e) descargar cualquier archivo publicado por otro que usted sepa, o razonablemente debiera saber, que no puede ser distribuido legalmente de esa manera;<br \/>(f) suplantar la identidad de otra persona o entidad, o falsificar o eliminar cualquier atribuci\u00f3n de autor o designaci\u00f3n o etiqueta de propiedad del origen o fuente del Contenido, software u otro material;<br \/>(g) promover o proporcionar informaci\u00f3n instructiva sobre actividades ilegales;<br \/>(h) promover da\u00f1os f\u00edsicos o lesiones contra cualquier grupo o individuo; o<br \/>(i) transmitir virus, gusanos, defectos, troyanos o cualquier elemento de naturaleza destructiva.<\/p><h3>Informaci\u00f3n abusiva enviada por los usuarios<\/h3><p>Cualquier usuario puede denunciar informaci\u00f3n incorrecta, enga\u00f1osa o abusiva, o contenidos que no se ajusten a las presentes Condiciones Generales, poni\u00e9ndose en contacto con los administradores del sistema a trav\u00e9s del enlace facilitado.<\/p><p>Mobitron se reserva el derecho a eliminar o modificar la informaci\u00f3n enviada por el usuario que infrinja estos T\u00e9rminos y condiciones sin responsabilidad alguna para el usuario. Mobitron se reserva el derecho de expulsar a los usuarios e impedir su acceso al servicio por violar los T\u00e9rminos y Condiciones o la ley.<\/p><h3>Sus derechos<\/h3><p>Mobitron no reclama la propiedad ni el control de ning\u00fan contenido enviado por usted. Usted o un tercero otorgante de licencia, seg\u00fan corresponda, conservan todas las patentes, marcas comerciales y derechos de autor de cualquier informaci\u00f3n que proporcione y usted es responsable de proteger dichos derechos. Al enviar datos, usted concede a Mobitron una licencia mundial, no exclusiva y libre de regal\u00edas para reproducir, adaptar y publicar la informaci\u00f3n para su visualizaci\u00f3n y distribuci\u00f3n. Esta licencia finaliza cuando dicha informaci\u00f3n se elimina del sitio web.<\/p><h3>Privacidad<\/h3><p>Mobitron considera que la privacidad es un asunto importante, por lo que construimos y operamos nuestros servicios web teniendo en cuenta la protecci\u00f3n de la privacidad. Consulte nuestra Pol\u00edtica de privacidad para obtener m\u00e1s informaci\u00f3n.<\/p>\t\t\t\t\t\t\t\t<\/div>\n\t\t\t\t<\/div>\n\t\t\t\t\t<\/div>\n\t\t<\/div>\n\t\t\t\t\t<\/div>\n\t\t<\/section>\n\t\t\t\t<\/div>","protected":false},"excerpt":{"rendered":"<p>Provider information The Mobitron website is provided by Mobitron AB, a company organized under the laws of Sweden. CEO: Sven-Olof OlssonAddress: Hunneryds G\u00e5rd 1561 46 HuskvarnaSweden Tel: +46 36 512 25Mail: info@mobitron.com For questions to Mobitron AB please contact us. Terms and Conditions of Use By accessing this site, you accept the following Terms and [&hellip;]<\/p>\n","protected":false},"author":2,"featured_media":0,"parent":0,"menu_order":0,"comment_status":"closed","ping_status":"closed","template":"elementor_header_footer","meta":{"_acf_changed":false,"content-type":"","inline_featured_image":false,"footnotes":""},"class_list":["post-74","page","type-page","status-publish","hentry"],"acf":[],"_links":{"self":[{"href":"https:\/\/mobitron.com\/es\/wp-json\/wp\/v2\/pages\/74","targetHints":{"allow":["GET"]}}],"collection":[{"href":"https:\/\/mobitron.com\/es\/wp-json\/wp\/v2\/pages"}],"about":[{"href":"https:\/\/mobitron.com\/es\/wp-json\/wp\/v2\/types\/page"}],"author":[{"embeddable":true,"href":"https:\/\/mobitron.com\/es\/wp-json\/wp\/v2\/users\/2"}],"replies":[{"embeddable":true,"href":"https:\/\/mobitron.com\/es\/wp-json\/wp\/v2\/comments?post=74"}],"version-history":[{"count":13,"href":"https:\/\/mobitron.com\/es\/wp-json\/wp\/v2\/pages\/74\/revisions"}],"predecessor-version":[{"id":3451,"href":"https:\/\/mobitron.com\/es\/wp-json\/wp\/v2\/pages\/74\/revisions\/3451"}],"wp:attachment":[{"href":"https:\/\/mobitron.com\/es\/wp-json\/wp\/v2\/media?parent=74"}],"curies":[{"name":"wp","href":"https:\/\/api.w.org\/{rel}","templated":true}]}}