{"id":4853,"date":"2024-04-15T12:32:01","date_gmt":"2024-04-15T10:32:01","guid":{"rendered":"https:\/\/mobitron.com\/?post_type=product&#038;p=4853"},"modified":"2026-01-13T09:07:50","modified_gmt":"2026-01-13T08:07:50","slug":"cargolog-schockrekorder-offline","status":"publish","type":"product","link":"https:\/\/mobitron.com\/de\/product\/cargolog-impact-shock-recorder-offline\/","title":{"rendered":"Cargolog\u00ae Schlag- und Schockrekorder | Offline"},"content":{"rendered":"<p>Der Cargolog\u00ae Impact &amp; Shock Recorder ist ein vielseitiger und benutzerfreundlicher Datenlogger, der zur \u00dcberwachung empfindlicher G\u00fcter w\u00e4hrend des Transports \u00fcber lange Strecken und in kritischen Umgebungen entwickelt wurde. Von Transformatoren und Generatoren bis hin zu elektronischen Ger\u00e4ten, Automobilkomponenten usw. nutzt dieses Ger\u00e4t fortschrittliche Sensortechnologie, um Sto\u00dfereignisse mit Sto\u00dfkurvendaten und Neigungen genau zu messen.<\/p>\n<p>Mit einem robusten Geh\u00e4use, das nach IP67 zertifiziert ist, ist der Recorder vor Staub und Spritzwasser gesch\u00fctzt und gew\u00e4hrleistet eine zuverl\u00e4ssige Leistung unter anspruchsvollen Bedingungen. Die bequeme USB-C-Kommunikation erm\u00f6glicht eine einfache Datenabfrage und -auswertung, wodurch Transportsch\u00e4den, die \u00fcber l\u00e4ngere Zeit entstanden sind, pr\u00e4zise bestimmt werden k\u00f6nnen. Der Cargolog\u00ae Impact &amp; Shock Recorder erf\u00fcllt alle relevanten Standards und Richtlinien f\u00fcr Sto\u00dfmessungen und Transport\u00fcberwachung und bietet un\u00fcbertroffene Zuverl\u00e4ssigkeit und Effektivit\u00e4t beim Schutz Ihrer wertvollen Ladung.<\/p>\n<h3><strong>Wesentliche Merkmale:<\/strong><\/h3>\n<ul>\n<li>Vielseitiger und benutzerfreundlicher Datenlogger.<\/li>\n<li>Entwickelt f\u00fcr die \u00dcberwachung empfindlicher G\u00fcter w\u00e4hrend des Transports \u00fcber lange Strecken und in kritischen Umgebungen.<\/li>\n<li>Fortschrittliche Sensortechnologie f\u00fcr die genaue Messung von Aufprallereignissen, Neigungen und Sto\u00dfkurvendaten.<\/li>\n<li>Robustes Geh\u00e4use mit IP67-Zertifizierung zum Schutz gegen Staub und Spritzwasser.<\/li>\n<li>Bequeme USB-C-Kommunikation f\u00fcr einfachen Datenabruf und -auswertung.<\/li>\n<li>Einhaltung einschl\u00e4giger Normen und Richtlinien f\u00fcr Schockmessung und Transport\u00fcberwachung.<\/li>\n<\/ul>\n<h3><strong>Zus\u00e4tzliche Merkmale:<\/strong><\/h3>\n<ul>\n<li>Erh\u00e4ltlich mit 200g-Beschleunigungssensor.<\/li>\n<li>Geeignet f\u00fcr verschiedene Installationen und Bedingungen.<\/li>\n<li>Verwendbar mit Cargolog\u00ae Connect Software f\u00fcr nahtloses Hochladen und Verwalten von Daten.<\/li>\n<\/ul>","protected":false},"excerpt":{"rendered":"<p>Verbessern Sie den Frachttransport mit unserem hochmodernen Sto\u00df- und Schockrekorder. Bringen Sie das System an Ihrem Produkt an, um detaillierte Einblicke in St\u00f6\u00dfe und Neigungen w\u00e4hrend des Transports zu erhalten. Verwalten und betrachten Sie die aufgezeichneten Daten ganz einfach, indem Sie das Cargolog\u00ae-Ger\u00e4t \u00fcber ein USB-C-Kabel an einen Computer anschlie\u00dfen. Nutzen Sie die Cargolog\u00ae Connect Software, um Informationen nahtlos in den Cloud-Service hochzuladen und darauf zuzugreifen und so eine effiziente \u00dcberwachung und Daten\u00fcbertragung zu gew\u00e4hrleisten.<\/p>","protected":false},"featured_media":3858,"template":"","meta":{"_acf_changed":false,"content-type":"","inline_featured_image":false},"product_brand":[],"product_cat":[37,165],"product_tag":[],"class_list":{"0":"post-4853","1":"product","2":"type-product","3":"status-publish","4":"has-post-thumbnail","6":"product_cat-data-logger","7":"product_cat-shock-sensors","9":"first","10":"instock","11":"shipping-taxable","12":"purchasable","13":"product-type-variable","14":"has-default-attributes"},"acf":[],"_links":{"self":[{"href":"https:\/\/mobitron.com\/de\/wp-json\/wp\/v2\/product\/4853","targetHints":{"allow":["GET"]}}],"collection":[{"href":"https:\/\/mobitron.com\/de\/wp-json\/wp\/v2\/product"}],"about":[{"href":"https:\/\/mobitron.com\/de\/wp-json\/wp\/v2\/types\/product"}],"wp:featuredmedia":[{"embeddable":true,"href":"https:\/\/mobitron.com\/de\/wp-json\/wp\/v2\/media\/3858"}],"wp:attachment":[{"href":"https:\/\/mobitron.com\/de\/wp-json\/wp\/v2\/media?parent=4853"}],"wp:term":[{"taxonomy":"product_brand","embeddable":true,"href":"https:\/\/mobitron.com\/de\/wp-json\/wp\/v2\/product_brand?post=4853"},{"taxonomy":"product_cat","embeddable":true,"href":"https:\/\/mobitron.com\/de\/wp-json\/wp\/v2\/product_cat?post=4853"},{"taxonomy":"product_tag","embeddable":true,"href":"https:\/\/mobitron.com\/de\/wp-json\/wp\/v2\/product_tag?post=4853"}],"curies":[{"name":"wp","href":"https:\/\/api.w.org\/{rel}","templated":true}]}}