{"id":4650,"date":"2023-12-19T13:12:22","date_gmt":"2023-12-19T12:12:22","guid":{"rendered":"https:\/\/mobitron.com\/?post_type=product&#038;p=4650"},"modified":"2024-05-23T13:09:25","modified_gmt":"2024-05-23T11:09:25","slug":"schraube-zylinderkopf","status":"publish","type":"product","link":"https:\/\/mobitron.com\/de\/product\/screw-cylinder-head\/","title":{"rendered":"Schraube, Zylinderkopf"},"content":{"rendered":"<p>Der Cargolog\u00ae 3rd Gen wird mit einer Schraube M8 mit Zylinderkopf sicher am Produkt oder an der Verpackung befestigt und bietet eine robuste und zuverl\u00e4ssige Befestigungsmethode. Diese Methode gew\u00e4hrleistet Stabilit\u00e4t und minimiert das Risiko des Abl\u00f6sens w\u00e4hrend des Transports und bietet eine erh\u00f6hte Sicherheit f\u00fcr die Fracht\u00fcberwachung. Die Verwendung von Schrauben erm\u00f6glicht eine dauerhafte und best\u00e4ndige Verbindung und tr\u00e4gt zur allgemeinen Zuverl\u00e4ssigkeit des \u00dcberwachungssystems bei.<\/p>","protected":false},"excerpt":{"rendered":"<p>MC6S Schraube, Zylinderkopf, M8x40 DIN912 A4 zur Sicherung des Mittellochs von Cargolog\u00ae 3rd Gen<\/p>","protected":false},"featured_media":4651,"template":"","meta":{"_acf_changed":false,"content-type":"","inline_featured_image":false},"product_brand":[],"product_cat":[38,169,170,168],"product_tag":[],"class_list":{"0":"post-4650","1":"product","2":"type-product","3":"status-publish","4":"has-post-thumbnail","6":"product_cat-attachments","7":"product_cat-tillbehor-till-condition-monitoring","8":"product_cat-tillbehor-till-data-logger-temperature","9":"product_cat-tillbehor-till-shocksensor","11":"first","12":"instock","13":"shipping-taxable","14":"purchasable","15":"product-type-simple"},"acf":[],"_links":{"self":[{"href":"https:\/\/mobitron.com\/de\/wp-json\/wp\/v2\/product\/4650","targetHints":{"allow":["GET"]}}],"collection":[{"href":"https:\/\/mobitron.com\/de\/wp-json\/wp\/v2\/product"}],"about":[{"href":"https:\/\/mobitron.com\/de\/wp-json\/wp\/v2\/types\/product"}],"wp:featuredmedia":[{"embeddable":true,"href":"https:\/\/mobitron.com\/de\/wp-json\/wp\/v2\/media\/4651"}],"wp:attachment":[{"href":"https:\/\/mobitron.com\/de\/wp-json\/wp\/v2\/media?parent=4650"}],"wp:term":[{"taxonomy":"product_brand","embeddable":true,"href":"https:\/\/mobitron.com\/de\/wp-json\/wp\/v2\/product_brand?post=4650"},{"taxonomy":"product_cat","embeddable":true,"href":"https:\/\/mobitron.com\/de\/wp-json\/wp\/v2\/product_cat?post=4650"},{"taxonomy":"product_tag","embeddable":true,"href":"https:\/\/mobitron.com\/de\/wp-json\/wp\/v2\/product_tag?post=4650"}],"curies":[{"name":"wp","href":"https:\/\/api.w.org\/{rel}","templated":true}]}}