{"id":4647,"date":"2023-12-19T12:51:16","date_gmt":"2023-12-19T11:51:16","guid":{"rendered":"https:\/\/mobitron.com\/?post_type=product&#038;p=4647"},"modified":"2024-05-23T13:09:25","modified_gmt":"2024-05-23T11:09:25","slug":"haftmagnet","status":"publish","type":"product","link":"https:\/\/mobitron.com\/de\/product\/holding-magnet\/","title":{"rendered":"Haftmagnet"},"content":{"rendered":"<p>Magnete bieten eine unaufdringliche Befestigung, wodurch das Risiko von Besch\u00e4digungen der Ladung w\u00e4hrend der Installation minimiert wird. Die Magnete stellen zudem eine schnelle und unkomplizierte Methode dar, um das Cargolog\u00ae 3rd Gen sicher an der gew\u00fcnschten Oberfl\u00e4che zu befestigen, ohne dass komplizierte Werkzeuge oder zus\u00e4tzliche Ausr\u00fcstung erforderlich sind.<\/p>\n<p>Der g.<\/p>","protected":false},"excerpt":{"rendered":"<p>Das Cargolog\u00ae-Ger\u00e4t wird mit einem Magneten sicher am Produkt befestigt und erm\u00f6glicht so eine schnelle und unkomplizierte Methode.<\/p>","protected":false},"featured_media":4648,"template":"","meta":{"_acf_changed":false,"content-type":"","inline_featured_image":false},"product_brand":[],"product_cat":[38,169,170,168],"product_tag":[],"class_list":{"0":"post-4647","1":"product","2":"type-product","3":"status-publish","4":"has-post-thumbnail","6":"product_cat-attachments","7":"product_cat-tillbehor-till-condition-monitoring","8":"product_cat-tillbehor-till-data-logger-temperature","9":"product_cat-tillbehor-till-shocksensor","11":"first","12":"instock","13":"shipping-taxable","14":"purchasable","15":"product-type-simple"},"acf":[],"_links":{"self":[{"href":"https:\/\/mobitron.com\/de\/wp-json\/wp\/v2\/product\/4647","targetHints":{"allow":["GET"]}}],"collection":[{"href":"https:\/\/mobitron.com\/de\/wp-json\/wp\/v2\/product"}],"about":[{"href":"https:\/\/mobitron.com\/de\/wp-json\/wp\/v2\/types\/product"}],"wp:featuredmedia":[{"embeddable":true,"href":"https:\/\/mobitron.com\/de\/wp-json\/wp\/v2\/media\/4648"}],"wp:attachment":[{"href":"https:\/\/mobitron.com\/de\/wp-json\/wp\/v2\/media?parent=4647"}],"wp:term":[{"taxonomy":"product_brand","embeddable":true,"href":"https:\/\/mobitron.com\/de\/wp-json\/wp\/v2\/product_brand?post=4647"},{"taxonomy":"product_cat","embeddable":true,"href":"https:\/\/mobitron.com\/de\/wp-json\/wp\/v2\/product_cat?post=4647"},{"taxonomy":"product_tag","embeddable":true,"href":"https:\/\/mobitron.com\/de\/wp-json\/wp\/v2\/product_tag?post=4647"}],"curies":[{"name":"wp","href":"https:\/\/api.w.org\/{rel}","templated":true}]}}