{"id":4528,"date":"2023-12-08T15:38:24","date_gmt":"2023-12-08T14:38:24","guid":{"rendered":"https:\/\/mobitron.com\/?post_type=product&#038;p=4528"},"modified":"2023-12-08T16:05:23","modified_gmt":"2023-12-08T15:05:23","slug":"lithium-ls14500-grose-aa","status":"publish","type":"product","link":"https:\/\/mobitron.com\/de\/product\/lithium-ls14500-size-aa\/","title":{"rendered":"Lithium-LS14500-Gr\u00f6\u00dfe AA"},"content":{"rendered":"<p>Die SAFT LS14500 Lithium-Metall-Batterie ist eine zuverl\u00e4ssige Hochleistungsstromquelle. Diese prim\u00e4re Lithium-Thionylchlorid (Li\/SOCl2)-Batterie bietet eine verl\u00e4ngerte Lebensdauer und gute Leistung \u00fcber einen weiten Temperaturbereich. Ihre kompakte Gr\u00f6\u00dfe und effiziente Energieabgabe machen sie zur idealen Wahl f\u00fcr Cargolog\u00ae.<\/p>\n<p>Hinweis: Diese Batterie enth\u00e4lt Lithiummetall und muss unter Beachtung der Sicherheitsvorschriften f\u00fcr Lithiumbatterien gehandhabt und transportiert werden.<\/p>","protected":false},"excerpt":{"rendered":"<p>3,6 V Prim\u00e4res Lithium-Thionylchlorid (Li\/SOCI2).<\/p>","protected":false},"featured_media":4529,"template":"","meta":{"_acf_changed":false,"content-type":"","inline_featured_image":false},"product_brand":[],"product_cat":[41],"product_tag":[],"class_list":{"0":"post-4528","1":"product","2":"type-product","3":"status-publish","4":"has-post-thumbnail","6":"product_cat-battery","8":"first","9":"instock","10":"shipping-taxable","11":"purchasable","12":"product-type-simple"},"acf":[],"_links":{"self":[{"href":"https:\/\/mobitron.com\/de\/wp-json\/wp\/v2\/product\/4528","targetHints":{"allow":["GET"]}}],"collection":[{"href":"https:\/\/mobitron.com\/de\/wp-json\/wp\/v2\/product"}],"about":[{"href":"https:\/\/mobitron.com\/de\/wp-json\/wp\/v2\/types\/product"}],"wp:featuredmedia":[{"embeddable":true,"href":"https:\/\/mobitron.com\/de\/wp-json\/wp\/v2\/media\/4529"}],"wp:attachment":[{"href":"https:\/\/mobitron.com\/de\/wp-json\/wp\/v2\/media?parent=4528"}],"wp:term":[{"taxonomy":"product_brand","embeddable":true,"href":"https:\/\/mobitron.com\/de\/wp-json\/wp\/v2\/product_brand?post=4528"},{"taxonomy":"product_cat","embeddable":true,"href":"https:\/\/mobitron.com\/de\/wp-json\/wp\/v2\/product_cat?post=4528"},{"taxonomy":"product_tag","embeddable":true,"href":"https:\/\/mobitron.com\/de\/wp-json\/wp\/v2\/product_tag?post=4528"}],"curies":[{"name":"wp","href":"https:\/\/api.w.org\/{rel}","templated":true}]}}