{"id":4213,"date":"2023-11-21T12:14:52","date_gmt":"2023-11-21T11:14:52","guid":{"rendered":"https:\/\/mobitron.com\/?post_type=product&#038;p=4213"},"modified":"2025-10-08T09:47:20","modified_gmt":"2025-10-08T07:47:20","slug":"batteria-al-litio-metallico-ls33600-dimensione-d-2","status":"publish","type":"product","link":"https:\/\/mobitron.com\/de\/product\/lithium-metal-battery-ls33600-size-d\/","title":{"rendered":"Lithium-Metall-Batterie - LS33600, Gr\u00f6\u00dfe D"},"content":{"rendered":"<p>Die Lithium-Metall-Batterie, insbesondere die 3,6-V-Prim\u00e4r-Lithium-Thionylchlorid (Li\/SOCl2) LS33600, ist die bevorzugte Wahl f\u00fcr die Stromversorgung des Cargolog\u00ae-Ger\u00e4ts. Diese Auswahl basiert auf der Lebensdauer der Lithium-Metall-Batterie und ihrem vorteilhaften Betriebstemperaturbereich. Es ist unbedingt zu beachten, dass diese Batterie Lithium-Metall enth\u00e4lt, wodurch sie w\u00e4hrend des Transports, wenn der Datenlogger inaktiv ist, als Gefahrgut eingestuft werden muss.<\/p>","protected":false},"excerpt":{"rendered":"<p>3,6 V Prim\u00e4res Lithium-Thionylchlorid (Li\/SOCI2) Gr\u00f6\u00dfe D.<\/p>","protected":false},"featured_media":4214,"template":"","meta":{"_acf_changed":false,"content-type":"","inline_featured_image":false},"product_brand":[],"product_cat":[181],"product_tag":[],"class_list":{"0":"post-4213","1":"product","2":"type-product","3":"status-publish","4":"has-post-thumbnail","6":"product_cat-accessories-legacy-products","8":"first","9":"instock","10":"shipping-taxable","11":"purchasable","12":"product-type-simple"},"acf":[],"_links":{"self":[{"href":"https:\/\/mobitron.com\/de\/wp-json\/wp\/v2\/product\/4213","targetHints":{"allow":["GET"]}}],"collection":[{"href":"https:\/\/mobitron.com\/de\/wp-json\/wp\/v2\/product"}],"about":[{"href":"https:\/\/mobitron.com\/de\/wp-json\/wp\/v2\/types\/product"}],"wp:featuredmedia":[{"embeddable":true,"href":"https:\/\/mobitron.com\/de\/wp-json\/wp\/v2\/media\/4214"}],"wp:attachment":[{"href":"https:\/\/mobitron.com\/de\/wp-json\/wp\/v2\/media?parent=4213"}],"wp:term":[{"taxonomy":"product_brand","embeddable":true,"href":"https:\/\/mobitron.com\/de\/wp-json\/wp\/v2\/product_brand?post=4213"},{"taxonomy":"product_cat","embeddable":true,"href":"https:\/\/mobitron.com\/de\/wp-json\/wp\/v2\/product_cat?post=4213"},{"taxonomy":"product_tag","embeddable":true,"href":"https:\/\/mobitron.com\/de\/wp-json\/wp\/v2\/product_tag?post=4213"}],"curies":[{"name":"wp","href":"https:\/\/api.w.org\/{rel}","templated":true}]}}