{"id":4209,"date":"2023-11-21T12:10:56","date_gmt":"2023-11-21T11:10:56","guid":{"rendered":"https:\/\/mobitron.com\/?post_type=product&#038;p=4209"},"modified":"2023-11-23T13:54:36","modified_gmt":"2023-11-23T12:54:36","slug":"lithium-metall-batterie-sl2770-grose-c","status":"publish","type":"product","link":"https:\/\/mobitron.com\/de\/product\/lithium-metal-battery-sl2770-size-c\/","title":{"rendered":"Lithium-Metall-Batterie - SL2770, Gr\u00f6\u00dfe C"},"content":{"rendered":"<p>Die 3,6-V-Prim\u00e4r-Lithium-Thionylchlorid (Li\/SOCl2)-Batterie SL-2770, eine Lithium-Metall-Batterie, ist die bevorzugte Stromquelle f\u00fcr das Cargolog\u00ae-Ger\u00e4t und wurde aufgrund ihrer langen Lebensdauer und ihres g\u00fcnstigen Temperaturbereichs ausgew\u00e4hlt. Es ist wichtig zu betonen, dass diese Batterie, die Lithiummetall enth\u00e4lt, w\u00e4hrend des Transports als Gefahrgut eingestuft ist, wenn der Datenlogger inaktiv ist.<\/p>","protected":false},"excerpt":{"rendered":"<p>3,6 V Prim\u00e4res Lithium-Thionylchlorid (Li\/SOCI2).<\/p>","protected":false},"featured_media":4210,"template":"","meta":{"_acf_changed":false,"content-type":"","inline_featured_image":false},"product_brand":[],"product_cat":[41],"product_tag":[],"class_list":{"0":"post-4209","1":"product","2":"type-product","3":"status-publish","4":"has-post-thumbnail","6":"product_cat-battery","8":"first","9":"instock","10":"shipping-taxable","11":"purchasable","12":"product-type-simple"},"acf":[],"_links":{"self":[{"href":"https:\/\/mobitron.com\/de\/wp-json\/wp\/v2\/product\/4209","targetHints":{"allow":["GET"]}}],"collection":[{"href":"https:\/\/mobitron.com\/de\/wp-json\/wp\/v2\/product"}],"about":[{"href":"https:\/\/mobitron.com\/de\/wp-json\/wp\/v2\/types\/product"}],"wp:featuredmedia":[{"embeddable":true,"href":"https:\/\/mobitron.com\/de\/wp-json\/wp\/v2\/media\/4210"}],"wp:attachment":[{"href":"https:\/\/mobitron.com\/de\/wp-json\/wp\/v2\/media?parent=4209"}],"wp:term":[{"taxonomy":"product_brand","embeddable":true,"href":"https:\/\/mobitron.com\/de\/wp-json\/wp\/v2\/product_brand?post=4209"},{"taxonomy":"product_cat","embeddable":true,"href":"https:\/\/mobitron.com\/de\/wp-json\/wp\/v2\/product_cat?post=4209"},{"taxonomy":"product_tag","embeddable":true,"href":"https:\/\/mobitron.com\/de\/wp-json\/wp\/v2\/product_tag?post=4209"}],"curies":[{"name":"wp","href":"https:\/\/api.w.org\/{rel}","templated":true}]}}