{"id":4207,"date":"2023-11-21T12:08:47","date_gmt":"2023-11-21T11:08:47","guid":{"rendered":"https:\/\/mobitron.com\/?post_type=product&#038;p=4207"},"modified":"2024-05-17T12:56:35","modified_gmt":"2024-05-17T10:56:35","slug":"externer-gps-magnetfus","status":"publish","type":"product","link":"https:\/\/mobitron.com\/de\/product\/external-gps-magnet-foot\/","title":{"rendered":"Externes GPS, Magnetfu\u00df"},"content":{"rendered":"","protected":false},"excerpt":{"rendered":"<p>Externe GPS-Antenne mit Magnetfu\u00df f\u00fcr die Aufzeichnung der GPS-Position. Angeschlossen an ein Cargolog\u00ae-Ger\u00e4t mit GPS-Buchse zur Aufzeichnung der GPS-Position.<\/p>","protected":false},"featured_media":4208,"template":"","meta":{"_acf_changed":false,"content-type":"","inline_featured_image":false},"product_brand":[],"product_cat":[39],"product_tag":[],"class_list":{"0":"post-4207","1":"product","2":"type-product","3":"status-publish","4":"has-post-thumbnail","6":"product_cat-antenna","8":"first","9":"instock","10":"shipping-taxable","11":"purchasable","12":"product-type-simple"},"acf":[],"_links":{"self":[{"href":"https:\/\/mobitron.com\/de\/wp-json\/wp\/v2\/product\/4207","targetHints":{"allow":["GET"]}}],"collection":[{"href":"https:\/\/mobitron.com\/de\/wp-json\/wp\/v2\/product"}],"about":[{"href":"https:\/\/mobitron.com\/de\/wp-json\/wp\/v2\/types\/product"}],"wp:featuredmedia":[{"embeddable":true,"href":"https:\/\/mobitron.com\/de\/wp-json\/wp\/v2\/media\/4208"}],"wp:attachment":[{"href":"https:\/\/mobitron.com\/de\/wp-json\/wp\/v2\/media?parent=4207"}],"wp:term":[{"taxonomy":"product_brand","embeddable":true,"href":"https:\/\/mobitron.com\/de\/wp-json\/wp\/v2\/product_brand?post=4207"},{"taxonomy":"product_cat","embeddable":true,"href":"https:\/\/mobitron.com\/de\/wp-json\/wp\/v2\/product_cat?post=4207"},{"taxonomy":"product_tag","embeddable":true,"href":"https:\/\/mobitron.com\/de\/wp-json\/wp\/v2\/product_tag?post=4207"}],"curies":[{"name":"wp","href":"https:\/\/api.w.org\/{rel}","templated":true}]}}