{"id":4204,"date":"2023-11-21T12:05:20","date_gmt":"2023-11-21T11:05:20","guid":{"rendered":"https:\/\/mobitron.com\/?post_type=product&#038;p=4204"},"modified":"2024-05-23T13:09:25","modified_gmt":"2024-05-23T11:09:25","slug":"4g-lte-und-gps-schraubmontage-2in1","status":"publish","type":"product","link":"https:\/\/mobitron.com\/de\/product\/4g-lte-and-gps-screw-mount-2in1\/","title":{"rendered":"4G\/LTE und GPS, Schraubmontage, 2in1"},"content":{"rendered":"<p>Die Antenne wird mit einer Schraubbefestigung sicher am Geh\u00e4use angebracht, so dass eine diskrete Installation ohne sichtbare Kabel gew\u00e4hrleistet ist. Dieses Design verbessert nicht nur die \u00c4sthetik, sondern bietet auch zus\u00e4tzlichen Schutz vor Sabotage. Die Antenne ist ein integraler Bestandteil des Datenloggers und arbeitet mit ihm zusammen, um GPS-Positionen zu ermitteln und die Daten\u00fcbertragung durch GSM\/LTE-Kommunikation zu erleichtern.<\/p>","protected":false},"excerpt":{"rendered":"<p>Externe 4G-LTE-GPS-Antenne mit Schraubbefestigung im Cargolog\u00ae Online-Tracking-System zur Aufzeichnung der LTE-Verbindung und der GPS-Position.<\/p>","protected":false},"featured_media":4205,"template":"","meta":{"_acf_changed":false,"content-type":"","inline_featured_image":false},"product_brand":[],"product_cat":[39,169,170,168],"product_tag":[],"class_list":{"0":"post-4204","1":"product","2":"type-product","3":"status-publish","4":"has-post-thumbnail","6":"product_cat-antenna","7":"product_cat-tillbehor-till-condition-monitoring","8":"product_cat-tillbehor-till-data-logger-temperature","9":"product_cat-tillbehor-till-shocksensor","11":"first","12":"instock","13":"shipping-taxable","14":"purchasable","15":"product-type-simple"},"acf":[],"_links":{"self":[{"href":"https:\/\/mobitron.com\/de\/wp-json\/wp\/v2\/product\/4204","targetHints":{"allow":["GET"]}}],"collection":[{"href":"https:\/\/mobitron.com\/de\/wp-json\/wp\/v2\/product"}],"about":[{"href":"https:\/\/mobitron.com\/de\/wp-json\/wp\/v2\/types\/product"}],"wp:featuredmedia":[{"embeddable":true,"href":"https:\/\/mobitron.com\/de\/wp-json\/wp\/v2\/media\/4205"}],"wp:attachment":[{"href":"https:\/\/mobitron.com\/de\/wp-json\/wp\/v2\/media?parent=4204"}],"wp:term":[{"taxonomy":"product_brand","embeddable":true,"href":"https:\/\/mobitron.com\/de\/wp-json\/wp\/v2\/product_brand?post=4204"},{"taxonomy":"product_cat","embeddable":true,"href":"https:\/\/mobitron.com\/de\/wp-json\/wp\/v2\/product_cat?post=4204"},{"taxonomy":"product_tag","embeddable":true,"href":"https:\/\/mobitron.com\/de\/wp-json\/wp\/v2\/product_tag?post=4204"}],"curies":[{"name":"wp","href":"https:\/\/api.w.org\/{rel}","templated":true}]}}