{"id":4170,"date":"2023-11-20T17:28:37","date_gmt":"2023-11-20T16:28:37","guid":{"rendered":"https:\/\/mobitron.com\/?post_type=product&#038;p=4170"},"modified":"2024-05-23T13:09:26","modified_gmt":"2024-05-23T11:09:26","slug":"schutzendes-metallgehause-mit-niedrigem-profil-2","status":"publish","type":"product","link":"https:\/\/mobitron.com\/de\/product\/protective-metal-case-low-profile\/","title":{"rendered":"Sch\u00fctzendes Metallgeh\u00e4use, niedriges Profil"},"content":{"rendered":"<p>Mit dem flachen Metallgeh\u00e4use wird das Cargolog\u00ae-Ger\u00e4t sicher an der Ladung oder der Verpackung befestigt. Das niedrige Profil wird in Situationen mit fester H\u00f6he verwendet oder wenn eine h\u00f6here IP-Klassifizierung erforderlich ist. Das flache Design, das die Normen IP68 und IK09 erf\u00fcllt, gew\u00e4hrleistet einen robusten Schutz, der das Cargolog\u00ae-Ger\u00e4t vor mechanischen Besch\u00e4digungen, aggressiven Gasen und Fl\u00fcssigkeiten in rauen Industrieumgebungen sch\u00fctzt.<\/p>","protected":false},"excerpt":{"rendered":"<p>Sichern Sie Ihr Cargolog\u00ae-Ger\u00e4t mit dem Metallgeh\u00e4use mit niedrigem Profil an Ihrem Produkt oder Ihrer Verpackung, wenn die Bauh\u00f6he begrenzt ist oder wenn eine h\u00f6here IP-Klassifizierung erforderlich ist. Schutz vor mechanischer Besch\u00e4digung und rauen Umgebungsbedingungen und Gew\u00e4hrleistung des Schutzes w\u00e4hrend des Transports und der industriellen Nutzung.<\/p>","protected":false},"featured_media":4181,"template":"","meta":{"_acf_changed":false,"content-type":"","inline_featured_image":false},"product_brand":[],"product_cat":[38,169,170,168],"product_tag":[],"class_list":{"0":"post-4170","1":"product","2":"type-product","3":"status-publish","4":"has-post-thumbnail","6":"product_cat-attachments","7":"product_cat-tillbehor-till-condition-monitoring","8":"product_cat-tillbehor-till-data-logger-temperature","9":"product_cat-tillbehor-till-shocksensor","11":"first","12":"instock","13":"shipping-taxable","14":"purchasable","15":"product-type-variable","16":"has-default-attributes"},"acf":[],"_links":{"self":[{"href":"https:\/\/mobitron.com\/de\/wp-json\/wp\/v2\/product\/4170","targetHints":{"allow":["GET"]}}],"collection":[{"href":"https:\/\/mobitron.com\/de\/wp-json\/wp\/v2\/product"}],"about":[{"href":"https:\/\/mobitron.com\/de\/wp-json\/wp\/v2\/types\/product"}],"wp:featuredmedia":[{"embeddable":true,"href":"https:\/\/mobitron.com\/de\/wp-json\/wp\/v2\/media\/4181"}],"wp:attachment":[{"href":"https:\/\/mobitron.com\/de\/wp-json\/wp\/v2\/media?parent=4170"}],"wp:term":[{"taxonomy":"product_brand","embeddable":true,"href":"https:\/\/mobitron.com\/de\/wp-json\/wp\/v2\/product_brand?post=4170"},{"taxonomy":"product_cat","embeddable":true,"href":"https:\/\/mobitron.com\/de\/wp-json\/wp\/v2\/product_cat?post=4170"},{"taxonomy":"product_tag","embeddable":true,"href":"https:\/\/mobitron.com\/de\/wp-json\/wp\/v2\/product_tag?post=4170"}],"curies":[{"name":"wp","href":"https:\/\/api.w.org\/{rel}","templated":true}]}}